{"id":915,"date":"2025-06-15T16:43:27","date_gmt":"2025-06-15T15:43:27","guid":{"rendered":"https:\/\/www.maziaki.dxc.pl\/?post_type=product&#038;p=915"},"modified":"2025-09-29T09:17:19","modified_gmt":"2025-09-29T08:17:19","slug":"lancome-labsolu-gloss-sheer-024-diamond-glitter","status":"publish","type":"product","link":"https:\/\/www.maziaki.dxc.pl\/?product=lancome-labsolu-gloss-sheer-024-diamond-glitter","title":{"rendered":"Lancome L&#8217;Absolu Gloss Sheer 024 Diamond Glitter"},"content":{"rendered":"<p>Odkryj\u00a0przyjemno\u015b\u0107 podkre\u015blania ust z pomadk\u0105\u00a0L&#8217;Absolu Rouge Drama Matte od Lanc\u00f4me. Uzyskaj\u00a0odwa\u017cne matowe wyko\u0144czenie i d\u0142ugotrwa\u0142y komfort noszenia z intensywnym kolorem.<\/p>\n<p>Matowa szminka zosta\u0142a zamkni\u0119ta w etui \u2014 wyprodukowanym we Francji \u2014 w kolorze czarnym, ozdobionym kultow\u0105 obr\u0105czk\u0105. Pomadka L&#8217;Absolu Rouge Drama Matte dost\u0119pna jest w wielu odcieniach, kt\u00f3re zachwyc\u0105 intensywno\u015bci\u0105 koloru.<\/p>\n","protected":false},"excerpt":{"rendered":"<p>Odkryj\u00a0przyjemno\u015b\u0107 podkre\u015blania ust z pomadk\u0105\u00a0L&#8217;Absolu Rouge Drama Matte od Lanc\u00f4me. Uzyskaj\u00a0odwa\u017cne matowe wyko\u0144czenie i d\u0142ugotrwa\u0142y komfort noszenia z intensywnym kolorem. [&hellip;]<\/p>\n","protected":false},"featured_media":916,"template":"","meta":{"site-sidebar-layout":"default","site-content-layout":"","ast-site-content-layout":"default","site-content-style":"default","site-sidebar-style":"default","ast-global-header-display":"","ast-banner-title-visibility":"","ast-main-header-display":"","ast-hfb-above-header-display":"","ast-hfb-below-header-display":"","ast-hfb-mobile-header-display":"","site-post-title":"","ast-breadcrumbs-content":"","ast-featured-img":"","footer-sml-layout":"","ast-disable-related-posts":"","theme-transparent-header-meta":"default","adv-header-id-meta":"","stick-header-meta":"","header-above-stick-meta":"","header-main-stick-meta":"","header-below-stick-meta":"","astra-migrate-meta-layouts":"set","ast-page-background-enabled":"default","ast-page-background-meta":{"desktop":{"background-color":"var(--ast-global-color-5)","background-image":"","background-repeat":"repeat","background-position":"center center","background-size":"auto","background-attachment":"scroll","background-type":"","background-media":"","overlay-type":"","overlay-color":"","overlay-opacity":"","overlay-gradient":""},"tablet":{"background-color":"","background-image":"","background-repeat":"repeat","background-position":"center center","background-size":"auto","background-attachment":"scroll","background-type":"","background-media":"","overlay-type":"","overlay-color":"","overlay-opacity":"","overlay-gradient":""},"mobile":{"background-color":"","background-image":"","background-repeat":"repeat","background-position":"center center","background-size":"auto","background-attachment":"scroll","background-type":"","background-media":"","overlay-type":"","overlay-color":"","overlay-opacity":"","overlay-gradient":""}},"ast-content-background-meta":{"desktop":{"background-color":"var(--ast-global-color-4)","background-image":"","background-repeat":"repeat","background-position":"center center","background-size":"auto","background-attachment":"scroll","background-type":"","background-media":"","overlay-type":"","overlay-color":"","overlay-opacity":"","overlay-gradient":""},"tablet":{"background-color":"var(--ast-global-color-4)","background-image":"","background-repeat":"repeat","background-position":"center center","background-size":"auto","background-attachment":"scroll","background-type":"","background-media":"","overlay-type":"","overlay-color":"","overlay-opacity":"","overlay-gradient":""},"mobile":{"background-color":"var(--ast-global-color-4)","background-image":"","background-repeat":"repeat","background-position":"center center","background-size":"auto","background-attachment":"scroll","background-type":"","background-media":"","overlay-type":"","overlay-color":"","overlay-opacity":"","overlay-gradient":""}}},"product_brand":[120],"product_cat":[43],"product_tag":[],"class_list":{"0":"post-915","1":"product","2":"type-product","3":"status-publish","4":"has-post-thumbnail","6":"product_brand-lancome","7":"product_cat-blyszczyk","8":"desktop-align-left","9":"tablet-align-left","10":"mobile-align-left","12":"first","13":"instock","14":"taxable","15":"shipping-taxable","16":"purchasable","17":"product-type-simple"},"_links":{"self":[{"href":"https:\/\/www.maziaki.dxc.pl\/index.php?rest_route=\/wp\/v2\/product\/915","targetHints":{"allow":["GET"]}}],"collection":[{"href":"https:\/\/www.maziaki.dxc.pl\/index.php?rest_route=\/wp\/v2\/product"}],"about":[{"href":"https:\/\/www.maziaki.dxc.pl\/index.php?rest_route=\/wp\/v2\/types\/product"}],"wp:featuredmedia":[{"embeddable":true,"href":"https:\/\/www.maziaki.dxc.pl\/index.php?rest_route=\/wp\/v2\/media\/916"}],"wp:attachment":[{"href":"https:\/\/www.maziaki.dxc.pl\/index.php?rest_route=%2Fwp%2Fv2%2Fmedia&parent=915"}],"wp:term":[{"taxonomy":"product_brand","embeddable":true,"href":"https:\/\/www.maziaki.dxc.pl\/index.php?rest_route=%2Fwp%2Fv2%2Fproduct_brand&post=915"},{"taxonomy":"product_cat","embeddable":true,"href":"https:\/\/www.maziaki.dxc.pl\/index.php?rest_route=%2Fwp%2Fv2%2Fproduct_cat&post=915"},{"taxonomy":"product_tag","embeddable":true,"href":"https:\/\/www.maziaki.dxc.pl\/index.php?rest_route=%2Fwp%2Fv2%2Fproduct_tag&post=915"}],"curies":[{"name":"wp","href":"https:\/\/api.w.org\/{rel}","templated":true}]}}