{"id":898,"date":"2025-06-15T16:28:55","date_gmt":"2025-06-15T15:28:55","guid":{"rendered":"https:\/\/www.maziaki.dxc.pl\/?post_type=product&#038;p=898"},"modified":"2025-12-23T13:08:15","modified_gmt":"2025-12-23T12:08:15","slug":"lancome-idole-eau-de-parfum-10-ml-perfumetka","status":"publish","type":"product","link":"https:\/\/www.maziaki.dxc.pl\/?product=lancome-idole-eau-de-parfum-10-ml-perfumetka","title":{"rendered":"Lanc\u00f4me Id\u00f4le Eau de Parfum 10 ml"},"content":{"rendered":"<p>Wielkie perfumy potrafi\u0105 odda\u0107 ducha czas\u00f3w i definiowa\u0107 nowe ery. W\u0142a\u015bnie po to powsta\u0142o Id\u00f4le. Id\u00f4le prze\u0142amuje utarte schematy w \u015bwiecie zapach\u00f3w, o\u017cywiaj\u0105c esencj\u0119 nowego ducha: bezkompromisowego aromatu, kt\u00f3ry oddaje si\u0142\u0119 nowego pokolenia kobiet.<\/p>\n<p>Wyj\u0105tkowy zapach oparty na trio niezwyk\u0142ych sk\u0142adnik\u00f3w. Flakon o dynamicznej sylwetce, ostry jak wola, ozdobiony z\u0142otym \u0142a\u0144cuszkiem, symbolem kobiecej woli i determinacji. Flakon, kt\u00f3ry swoimi kraw\u0119dziami roz\u015bwietla nas i odbija to, co w nas najlepsze. Szansa na rozpocz\u0119cie wsp\u00f3lnej podr\u00f3\u017cy.<\/p>\n<p><iframe loading=\"lazy\" title=\"YouTube video player\" src=\"https:\/\/www.youtube.com\/embed\/8hQNKPf33tQ?si=QZfUJmK4F8pbyhJ9\" width=\"100%\" height=\"500\" frameborder=\"0\" allowfullscreen=\"allowfullscreen\"><\/iframe><\/p>\n","protected":false},"excerpt":{"rendered":"<p>Wielkie perfumy potrafi\u0105 odda\u0107 ducha czas\u00f3w i definiowa\u0107 nowe ery. W\u0142a\u015bnie po to powsta\u0142o Id\u00f4le. Id\u00f4le prze\u0142amuje utarte schematy w [&hellip;]<\/p>\n","protected":false},"featured_media":899,"template":"","meta":{"site-sidebar-layout":"default","site-content-layout":"","ast-site-content-layout":"default","site-content-style":"default","site-sidebar-style":"default","ast-global-header-display":"","ast-banner-title-visibility":"","ast-main-header-display":"","ast-hfb-above-header-display":"","ast-hfb-below-header-display":"","ast-hfb-mobile-header-display":"","site-post-title":"","ast-breadcrumbs-content":"","ast-featured-img":"","footer-sml-layout":"","ast-disable-related-posts":"","theme-transparent-header-meta":"default","adv-header-id-meta":"","stick-header-meta":"","header-above-stick-meta":"","header-main-stick-meta":"","header-below-stick-meta":"","astra-migrate-meta-layouts":"set","ast-page-background-enabled":"default","ast-page-background-meta":{"desktop":{"background-color":"var(--ast-global-color-5)","background-image":"","background-repeat":"repeat","background-position":"center center","background-size":"auto","background-attachment":"scroll","background-type":"","background-media":"","overlay-type":"","overlay-color":"","overlay-opacity":"","overlay-gradient":""},"tablet":{"background-color":"","background-image":"","background-repeat":"repeat","background-position":"center center","background-size":"auto","background-attachment":"scroll","background-type":"","background-media":"","overlay-type":"","overlay-color":"","overlay-opacity":"","overlay-gradient":""},"mobile":{"background-color":"","background-image":"","background-repeat":"repeat","background-position":"center center","background-size":"auto","background-attachment":"scroll","background-type":"","background-media":"","overlay-type":"","overlay-color":"","overlay-opacity":"","overlay-gradient":""}},"ast-content-background-meta":{"desktop":{"background-color":"var(--ast-global-color-4)","background-image":"","background-repeat":"repeat","background-position":"center center","background-size":"auto","background-attachment":"scroll","background-type":"","background-media":"","overlay-type":"","overlay-color":"","overlay-opacity":"","overlay-gradient":""},"tablet":{"background-color":"var(--ast-global-color-4)","background-image":"","background-repeat":"repeat","background-position":"center center","background-size":"auto","background-attachment":"scroll","background-type":"","background-media":"","overlay-type":"","overlay-color":"","overlay-opacity":"","overlay-gradient":""},"mobile":{"background-color":"var(--ast-global-color-4)","background-image":"","background-repeat":"repeat","background-position":"center center","background-size":"auto","background-attachment":"scroll","background-type":"","background-media":"","overlay-type":"","overlay-color":"","overlay-opacity":"","overlay-gradient":""}}},"product_brand":[120],"product_cat":[109,25],"product_tag":[],"class_list":{"0":"post-898","1":"product","2":"type-product","3":"status-publish","4":"has-post-thumbnail","6":"product_brand-lancome","7":"product_cat-dla-niej","8":"product_cat-perfumy","9":"desktop-align-left","10":"tablet-align-left","11":"mobile-align-left","13":"first","14":"instock","15":"taxable","16":"shipping-taxable","17":"purchasable","18":"product-type-simple"},"_links":{"self":[{"href":"https:\/\/www.maziaki.dxc.pl\/index.php?rest_route=\/wp\/v2\/product\/898","targetHints":{"allow":["GET"]}}],"collection":[{"href":"https:\/\/www.maziaki.dxc.pl\/index.php?rest_route=\/wp\/v2\/product"}],"about":[{"href":"https:\/\/www.maziaki.dxc.pl\/index.php?rest_route=\/wp\/v2\/types\/product"}],"wp:featuredmedia":[{"embeddable":true,"href":"https:\/\/www.maziaki.dxc.pl\/index.php?rest_route=\/wp\/v2\/media\/899"}],"wp:attachment":[{"href":"https:\/\/www.maziaki.dxc.pl\/index.php?rest_route=%2Fwp%2Fv2%2Fmedia&parent=898"}],"wp:term":[{"taxonomy":"product_brand","embeddable":true,"href":"https:\/\/www.maziaki.dxc.pl\/index.php?rest_route=%2Fwp%2Fv2%2Fproduct_brand&post=898"},{"taxonomy":"product_cat","embeddable":true,"href":"https:\/\/www.maziaki.dxc.pl\/index.php?rest_route=%2Fwp%2Fv2%2Fproduct_cat&post=898"},{"taxonomy":"product_tag","embeddable":true,"href":"https:\/\/www.maziaki.dxc.pl\/index.php?rest_route=%2Fwp%2Fv2%2Fproduct_tag&post=898"}],"curies":[{"name":"wp","href":"https:\/\/api.w.org\/{rel}","templated":true}]}}