{"id":872,"date":"2025-06-15T15:37:52","date_gmt":"2025-06-15T14:37:52","guid":{"rendered":"https:\/\/www.maziaki.dxc.pl\/?post_type=product&#038;p=872"},"modified":"2025-10-01T11:10:21","modified_gmt":"2025-10-01T10:10:21","slug":"la-roche-posay-hydraphase-intense-serum-intensywnie-nawilzajace-30-ml","status":"publish","type":"product","link":"https:\/\/www.maziaki.dxc.pl\/?product=la-roche-posay-hydraphase-intense-serum-intensywnie-nawilzajace-30-ml","title":{"rendered":"La Roche-Posay Hydraphase Intense, serum intensywnie nawil\u017caj\u0105ce, 30 ml"},"content":{"rendered":"<p>Skoncentrowana formu\u0142a serum Hydraphase Intense zapewnia intensywne i natychmiastowe nawil\u017cenie sk\u00f3ry. Wzbogacone o Wod\u0119 termaln\u0105 z La Roche-Posay o w\u0142a\u015bciwo\u015bciach koj\u0105cych, \u0142agodz\u0105cych i zmniejszaj\u0105cych nadreaktywno\u015b\u0107 sk\u00f3ry, Kwas Hialuronowy dla intensywnego nawil\u017cenia i nasycenia sk\u00f3ry wod\u0105, oraz Arginin\u0119 i Seryn\u0119 &#8211; aminokwasy naturalnie wyst\u0119puj\u0105ce w sk\u00f3rze, kt\u00f3re wychwytuj\u0105 i wi\u0105\u017c\u0105 wod\u0119 na powierzchni sk\u00f3ry, aby zapewni\u0107 jej optymalne nawil\u017cenie. Efekt? Sk\u00f3ra jest intensywnie nawil\u017cona i spr\u0119\u017cysta. Drobne linie i zmarszczki spowodowane odwodnieniem s\u0105 widocznie wyg\u0142adzone. Odpowiednie dla ka\u017cdego typu wra\u017cliwej, odwodnionej sk\u00f3ry.<\/p>\n","protected":false},"excerpt":{"rendered":"<p>Skoncentrowana formu\u0142a serum Hydraphase Intense zapewnia intensywne i natychmiastowe nawil\u017cenie sk\u00f3ry. Wzbogacone o Wod\u0119 termaln\u0105 z La Roche-Posay o w\u0142a\u015bciwo\u015bciach [&hellip;]<\/p>\n","protected":false},"featured_media":876,"template":"","meta":{"site-sidebar-layout":"default","site-content-layout":"","ast-site-content-layout":"default","site-content-style":"default","site-sidebar-style":"default","ast-global-header-display":"","ast-banner-title-visibility":"","ast-main-header-display":"","ast-hfb-above-header-display":"","ast-hfb-below-header-display":"","ast-hfb-mobile-header-display":"","site-post-title":"","ast-breadcrumbs-content":"","ast-featured-img":"","footer-sml-layout":"","ast-disable-related-posts":"","theme-transparent-header-meta":"default","adv-header-id-meta":"","stick-header-meta":"","header-above-stick-meta":"","header-main-stick-meta":"","header-below-stick-meta":"","astra-migrate-meta-layouts":"set","ast-page-background-enabled":"default","ast-page-background-meta":{"desktop":{"background-color":"var(--ast-global-color-5)","background-image":"","background-repeat":"repeat","background-position":"center center","background-size":"auto","background-attachment":"scroll","background-type":"","background-media":"","overlay-type":"","overlay-color":"","overlay-opacity":"","overlay-gradient":""},"tablet":{"background-color":"","background-image":"","background-repeat":"repeat","background-position":"center center","background-size":"auto","background-attachment":"scroll","background-type":"","background-media":"","overlay-type":"","overlay-color":"","overlay-opacity":"","overlay-gradient":""},"mobile":{"background-color":"","background-image":"","background-repeat":"repeat","background-position":"center center","background-size":"auto","background-attachment":"scroll","background-type":"","background-media":"","overlay-type":"","overlay-color":"","overlay-opacity":"","overlay-gradient":""}},"ast-content-background-meta":{"desktop":{"background-color":"var(--ast-global-color-4)","background-image":"","background-repeat":"repeat","background-position":"center center","background-size":"auto","background-attachment":"scroll","background-type":"","background-media":"","overlay-type":"","overlay-color":"","overlay-opacity":"","overlay-gradient":""},"tablet":{"background-color":"var(--ast-global-color-4)","background-image":"","background-repeat":"repeat","background-position":"center center","background-size":"auto","background-attachment":"scroll","background-type":"","background-media":"","overlay-type":"","overlay-color":"","overlay-opacity":"","overlay-gradient":""},"mobile":{"background-color":"var(--ast-global-color-4)","background-image":"","background-repeat":"repeat","background-position":"center center","background-size":"auto","background-attachment":"scroll","background-type":"","background-media":"","overlay-type":"","overlay-color":"","overlay-opacity":"","overlay-gradient":""}}},"product_brand":[135],"product_cat":[26,32],"product_tag":[],"class_list":{"0":"post-872","1":"product","2":"type-product","3":"status-publish","4":"has-post-thumbnail","6":"product_brand-la-roche-posay","7":"product_cat-kremy","8":"product_cat-serum","9":"desktop-align-left","10":"tablet-align-left","11":"mobile-align-left","13":"first","14":"instock","15":"taxable","16":"shipping-taxable","17":"purchasable","18":"product-type-simple"},"_links":{"self":[{"href":"https:\/\/www.maziaki.dxc.pl\/index.php?rest_route=\/wp\/v2\/product\/872","targetHints":{"allow":["GET"]}}],"collection":[{"href":"https:\/\/www.maziaki.dxc.pl\/index.php?rest_route=\/wp\/v2\/product"}],"about":[{"href":"https:\/\/www.maziaki.dxc.pl\/index.php?rest_route=\/wp\/v2\/types\/product"}],"wp:featuredmedia":[{"embeddable":true,"href":"https:\/\/www.maziaki.dxc.pl\/index.php?rest_route=\/wp\/v2\/media\/876"}],"wp:attachment":[{"href":"https:\/\/www.maziaki.dxc.pl\/index.php?rest_route=%2Fwp%2Fv2%2Fmedia&parent=872"}],"wp:term":[{"taxonomy":"product_brand","embeddable":true,"href":"https:\/\/www.maziaki.dxc.pl\/index.php?rest_route=%2Fwp%2Fv2%2Fproduct_brand&post=872"},{"taxonomy":"product_cat","embeddable":true,"href":"https:\/\/www.maziaki.dxc.pl\/index.php?rest_route=%2Fwp%2Fv2%2Fproduct_cat&post=872"},{"taxonomy":"product_tag","embeddable":true,"href":"https:\/\/www.maziaki.dxc.pl\/index.php?rest_route=%2Fwp%2Fv2%2Fproduct_tag&post=872"}],"curies":[{"name":"wp","href":"https:\/\/api.w.org\/{rel}","templated":true}]}}