{"id":621,"date":"2024-11-19T14:48:09","date_gmt":"2024-11-19T12:48:09","guid":{"rendered":"https:\/\/www.maziaki.dxc.pl\/?post_type=product&#038;p=621"},"modified":"2025-11-26T19:25:25","modified_gmt":"2025-11-26T18:25:25","slug":"maison-lancome-oud-bouquet-100-ml","status":"publish","type":"product","link":"https:\/\/www.maziaki.dxc.pl\/?product=maison-lancome-oud-bouquet-100-ml","title":{"rendered":"Maison Lanc\u00f4me L\u2019Autre Oud unisex 100 ml"},"content":{"rendered":"<p><strong>DRZEWNA KOMPOZYCJA OKRASZONA S\u0141ODKIMI PRALINAMI<\/strong><\/p>\n<p><b>L\u2019Autre Oud Eau de Parfum<\/b>\u00a0marki\u00a0<b>Lanc\u00f4me<\/b>\u00a0to orientalno &#8211; drzewne perfumy dla kobiet i m\u0119\u017cczyzn.\u00a0<b>L\u2019Autre Oud Eau de Parfum<\/b>\u00a0zosta\u0142 wydany w 2012 roku. Tw\u00f3rc\u0105 kompozycji zapachowej jest Christophe Raynaud.<\/p>\n<p>nutami g\u0142owy s\u0105 Szafran, Cypriol, Labdanum i Sza\u0142wia muszkato\u0142owa;<\/p>\n<p>nutami serca s\u0105 Agar (oud), R\u00f3\u017ca turecka i R\u00f3\u017ca bu\u0142garska;<\/p>\n<p>nutami bazy s\u0105 Agar (oud), Drzewo gwajakowe, Mirra, Paczula, Balsam gurjan, Wetyweria, Amyris i Mech.<\/p>\n","protected":false},"excerpt":{"rendered":"<p>DRZEWNA KOMPOZYCJA OKRASZONA S\u0141ODKIMI PRALINAMI L\u2019Autre Oud Eau de Parfum\u00a0marki\u00a0Lanc\u00f4me\u00a0to orientalno &#8211; drzewne perfumy dla kobiet i m\u0119\u017cczyzn.\u00a0L\u2019Autre Oud Eau [&hellip;]<\/p>\n","protected":false},"featured_media":734,"template":"","meta":{"site-sidebar-layout":"left-sidebar","site-content-layout":"","ast-site-content-layout":"default","site-content-style":"default","site-sidebar-style":"default","ast-global-header-display":"","ast-banner-title-visibility":"","ast-main-header-display":"","ast-hfb-above-header-display":"","ast-hfb-below-header-display":"","ast-hfb-mobile-header-display":"","site-post-title":"","ast-breadcrumbs-content":"","ast-featured-img":"","footer-sml-layout":"","ast-disable-related-posts":"","theme-transparent-header-meta":"default","adv-header-id-meta":"","stick-header-meta":"","header-above-stick-meta":"","header-main-stick-meta":"","header-below-stick-meta":"","astra-migrate-meta-layouts":"set","ast-page-background-enabled":"default","ast-page-background-meta":{"desktop":{"background-color":"var(--ast-global-color-5)","background-image":"","background-repeat":"repeat","background-position":"center center","background-size":"auto","background-attachment":"scroll","background-type":"","background-media":"","overlay-type":"","overlay-color":"","overlay-opacity":"","overlay-gradient":""},"tablet":{"background-color":"","background-image":"","background-repeat":"repeat","background-position":"center center","background-size":"auto","background-attachment":"scroll","background-type":"","background-media":"","overlay-type":"","overlay-color":"","overlay-opacity":"","overlay-gradient":""},"mobile":{"background-color":"","background-image":"","background-repeat":"repeat","background-position":"center center","background-size":"auto","background-attachment":"scroll","background-type":"","background-media":"","overlay-type":"","overlay-color":"","overlay-opacity":"","overlay-gradient":""}},"ast-content-background-meta":{"desktop":{"background-color":"var(--ast-global-color-4)","background-image":"","background-repeat":"repeat","background-position":"center center","background-size":"auto","background-attachment":"scroll","background-type":"","background-media":"","overlay-type":"","overlay-color":"","overlay-opacity":"","overlay-gradient":""},"tablet":{"background-color":"var(--ast-global-color-4)","background-image":"","background-repeat":"repeat","background-position":"center center","background-size":"auto","background-attachment":"scroll","background-type":"","background-media":"","overlay-type":"","overlay-color":"","overlay-opacity":"","overlay-gradient":""},"mobile":{"background-color":"var(--ast-global-color-4)","background-image":"","background-repeat":"repeat","background-position":"center center","background-size":"auto","background-attachment":"scroll","background-type":"","background-media":"","overlay-type":"","overlay-color":"","overlay-opacity":"","overlay-gradient":""}}},"product_brand":[120],"product_cat":[110,109,25],"product_tag":[],"class_list":{"0":"post-621","1":"product","2":"type-product","3":"status-publish","4":"has-post-thumbnail","6":"product_brand-lancome","7":"product_cat-dla-niego","8":"product_cat-dla-niej","9":"product_cat-perfumy","10":"desktop-align-left","11":"tablet-align-left","12":"mobile-align-left","14":"first","15":"instock","16":"taxable","17":"shipping-taxable","18":"purchasable","19":"product-type-simple"},"_links":{"self":[{"href":"https:\/\/www.maziaki.dxc.pl\/index.php?rest_route=\/wp\/v2\/product\/621","targetHints":{"allow":["GET"]}}],"collection":[{"href":"https:\/\/www.maziaki.dxc.pl\/index.php?rest_route=\/wp\/v2\/product"}],"about":[{"href":"https:\/\/www.maziaki.dxc.pl\/index.php?rest_route=\/wp\/v2\/types\/product"}],"wp:featuredmedia":[{"embeddable":true,"href":"https:\/\/www.maziaki.dxc.pl\/index.php?rest_route=\/wp\/v2\/media\/734"}],"wp:attachment":[{"href":"https:\/\/www.maziaki.dxc.pl\/index.php?rest_route=%2Fwp%2Fv2%2Fmedia&parent=621"}],"wp:term":[{"taxonomy":"product_brand","embeddable":true,"href":"https:\/\/www.maziaki.dxc.pl\/index.php?rest_route=%2Fwp%2Fv2%2Fproduct_brand&post=621"},{"taxonomy":"product_cat","embeddable":true,"href":"https:\/\/www.maziaki.dxc.pl\/index.php?rest_route=%2Fwp%2Fv2%2Fproduct_cat&post=621"},{"taxonomy":"product_tag","embeddable":true,"href":"https:\/\/www.maziaki.dxc.pl\/index.php?rest_route=%2Fwp%2Fv2%2Fproduct_tag&post=621"}],"curies":[{"name":"wp","href":"https:\/\/api.w.org\/{rel}","templated":true}]}}