{"id":547,"date":"2024-11-18T18:22:38","date_gmt":"2024-11-18T16:22:38","guid":{"rendered":"https:\/\/www.maziaki.dxc.pl\/?post_type=product&#038;p=547"},"modified":"2025-10-01T11:10:22","modified_gmt":"2025-10-01T10:10:22","slug":"maybelline-superstay-active-wear","status":"publish","type":"product","link":"https:\/\/www.maziaki.dxc.pl\/?product=maybelline-superstay-active-wear","title":{"rendered":"Maybelline SuperStay Active Wear"},"content":{"rendered":"<p>Szukasz podk\u0142adu o maksymalnej trwa\u0142o\u015bci i naturalnym wyko\u0144czeniu? Wypr\u00f3buj nowy Super Stay o przed\u0142u\u017conej wytrzyma\u0142o\u015bci a\u017c do 30 godzin oraz ultra lekkiej formule! Podk\u0142ad Super Stay Active Wear 30H to podk\u0142ad dla kobiet prowadz\u0105cych bardzo aktywny tryb \u017cycia, wymagaj\u0105cych i wybieraj\u0105cych trwa\u0142e rozwi\u0105zania, kt\u00f3re sprawdzaj\u0105 si\u0119 w ich po\u015bpiesznym \u017cyciu. To idealny podk\u0142ad do zada\u0144 specjalnych!<\/p>\n","protected":false},"excerpt":{"rendered":"<p>Szukasz podk\u0142adu o maksymalnej trwa\u0142o\u015bci i naturalnym wyko\u0144czeniu? Wypr\u00f3buj nowy Super Stay o przed\u0142u\u017conej wytrzyma\u0142o\u015bci a\u017c do 30 godzin oraz [&hellip;]<\/p>\n","protected":false},"featured_media":552,"template":"","meta":{"site-sidebar-layout":"left-sidebar","site-content-layout":"","ast-site-content-layout":"default","site-content-style":"default","site-sidebar-style":"default","ast-global-header-display":"","ast-banner-title-visibility":"","ast-main-header-display":"","ast-hfb-above-header-display":"","ast-hfb-below-header-display":"","ast-hfb-mobile-header-display":"","site-post-title":"","ast-breadcrumbs-content":"","ast-featured-img":"","footer-sml-layout":"","ast-disable-related-posts":"","theme-transparent-header-meta":"default","adv-header-id-meta":"","stick-header-meta":"","header-above-stick-meta":"","header-main-stick-meta":"","header-below-stick-meta":"","astra-migrate-meta-layouts":"set","ast-page-background-enabled":"default","ast-page-background-meta":{"desktop":{"background-color":"var(--ast-global-color-5)","background-image":"","background-repeat":"repeat","background-position":"center center","background-size":"auto","background-attachment":"scroll","background-type":"","background-media":"","overlay-type":"","overlay-color":"","overlay-opacity":"","overlay-gradient":""},"tablet":{"background-color":"","background-image":"","background-repeat":"repeat","background-position":"center center","background-size":"auto","background-attachment":"scroll","background-type":"","background-media":"","overlay-type":"","overlay-color":"","overlay-opacity":"","overlay-gradient":""},"mobile":{"background-color":"","background-image":"","background-repeat":"repeat","background-position":"center center","background-size":"auto","background-attachment":"scroll","background-type":"","background-media":"","overlay-type":"","overlay-color":"","overlay-opacity":"","overlay-gradient":""}},"ast-content-background-meta":{"desktop":{"background-color":"var(--ast-global-color-4)","background-image":"","background-repeat":"repeat","background-position":"center center","background-size":"auto","background-attachment":"scroll","background-type":"","background-media":"","overlay-type":"","overlay-color":"","overlay-opacity":"","overlay-gradient":""},"tablet":{"background-color":"var(--ast-global-color-4)","background-image":"","background-repeat":"repeat","background-position":"center center","background-size":"auto","background-attachment":"scroll","background-type":"","background-media":"","overlay-type":"","overlay-color":"","overlay-opacity":"","overlay-gradient":""},"mobile":{"background-color":"var(--ast-global-color-4)","background-image":"","background-repeat":"repeat","background-position":"center center","background-size":"auto","background-attachment":"scroll","background-type":"","background-media":"","overlay-type":"","overlay-color":"","overlay-opacity":"","overlay-gradient":""}}},"product_brand":[126],"product_cat":[38],"product_tag":[],"class_list":{"0":"post-547","1":"product","2":"type-product","3":"status-publish","4":"has-post-thumbnail","6":"product_brand-maybelline","7":"product_cat-podklad","8":"desktop-align-left","9":"tablet-align-left","10":"mobile-align-left","12":"first","13":"instock","14":"taxable","15":"shipping-taxable","16":"purchasable","17":"product-type-variable","18":"has-default-attributes"},"_links":{"self":[{"href":"https:\/\/www.maziaki.dxc.pl\/index.php?rest_route=\/wp\/v2\/product\/547","targetHints":{"allow":["GET"]}}],"collection":[{"href":"https:\/\/www.maziaki.dxc.pl\/index.php?rest_route=\/wp\/v2\/product"}],"about":[{"href":"https:\/\/www.maziaki.dxc.pl\/index.php?rest_route=\/wp\/v2\/types\/product"}],"wp:featuredmedia":[{"embeddable":true,"href":"https:\/\/www.maziaki.dxc.pl\/index.php?rest_route=\/wp\/v2\/media\/552"}],"wp:attachment":[{"href":"https:\/\/www.maziaki.dxc.pl\/index.php?rest_route=%2Fwp%2Fv2%2Fmedia&parent=547"}],"wp:term":[{"taxonomy":"product_brand","embeddable":true,"href":"https:\/\/www.maziaki.dxc.pl\/index.php?rest_route=%2Fwp%2Fv2%2Fproduct_brand&post=547"},{"taxonomy":"product_cat","embeddable":true,"href":"https:\/\/www.maziaki.dxc.pl\/index.php?rest_route=%2Fwp%2Fv2%2Fproduct_cat&post=547"},{"taxonomy":"product_tag","embeddable":true,"href":"https:\/\/www.maziaki.dxc.pl\/index.php?rest_route=%2Fwp%2Fv2%2Fproduct_tag&post=547"}],"curies":[{"name":"wp","href":"https:\/\/api.w.org\/{rel}","templated":true}]}}