{"id":513,"date":"2024-11-18T16:13:54","date_gmt":"2024-11-18T14:13:54","guid":{"rendered":"https:\/\/www.maziaki.dxc.pl\/?post_type=product&#038;p=513"},"modified":"2025-12-12T09:38:08","modified_gmt":"2025-12-12T08:38:08","slug":"loreal-paris-infaillible-matte-resistance","status":"publish","type":"product","link":"https:\/\/www.maziaki.dxc.pl\/?product=loreal-paris-infaillible-matte-resistance","title":{"rendered":"L\u2019Or\u00e9al Paris Infaillible Matte Resistance"},"content":{"rendered":"<p><strong>W\u0142a\u015bciwo\u015bci:<\/strong><br \/>\nnadaje ustom intensywny kolor i dostarcza nawil\u017cenia<br \/>\nma 16-godzinn\u0105 trwa\u0142o\u015b\u0107<br \/>\npozostawia na ustach pudrowo-matowy finisz<br \/>\nnie odciska si\u0119 i nie pozostawia plam<br \/>\nzapewnia komfortowe uczucie na ustach<br \/>\n\u0142atwo i wygodnie si\u0119 nanosi<br \/>\njest odporna na poca\u0142unki i dotkni\u0119cia<\/p>\n","protected":false},"excerpt":{"rendered":"<p>Lubisz matowe szminki, ale przeszkadza Ci, \u017ce cz\u0119sto wysuszaj\u0105 i \u015bci\u0105gaj\u0105 usta? Szminka L\u2019Or\u00e9al Paris Infaillible Matte Resistance jest wzbogacona w kwas hialuronowy, kt\u00f3ry wspaniale zamyka wilgo\u0107 w sk\u00f3rze. Dzi\u0119ki temu Twoje usta pozostan\u0105 nawil\u017cone i przyjemne w dotyku. Mo\u017cesz si\u0119 cieszy\u0107 luksusowym matowym wygl\u0105dem ust, kt\u00f3ry utrzyma si\u0119 do wieczora bez rozmazywania.<\/p>\n","protected":false},"featured_media":545,"template":"","meta":{"site-sidebar-layout":"left-sidebar","site-content-layout":"","ast-site-content-layout":"default","site-content-style":"default","site-sidebar-style":"default","ast-global-header-display":"","ast-banner-title-visibility":"","ast-main-header-display":"","ast-hfb-above-header-display":"","ast-hfb-below-header-display":"","ast-hfb-mobile-header-display":"","site-post-title":"","ast-breadcrumbs-content":"","ast-featured-img":"","footer-sml-layout":"","ast-disable-related-posts":"","theme-transparent-header-meta":"default","adv-header-id-meta":"","stick-header-meta":"","header-above-stick-meta":"","header-main-stick-meta":"","header-below-stick-meta":"","astra-migrate-meta-layouts":"set","ast-page-background-enabled":"default","ast-page-background-meta":{"desktop":{"background-color":"var(--ast-global-color-5)","background-image":"","background-repeat":"repeat","background-position":"center center","background-size":"auto","background-attachment":"scroll","background-type":"","background-media":"","overlay-type":"","overlay-color":"","overlay-opacity":"","overlay-gradient":""},"tablet":{"background-color":"","background-image":"","background-repeat":"repeat","background-position":"center center","background-size":"auto","background-attachment":"scroll","background-type":"","background-media":"","overlay-type":"","overlay-color":"","overlay-opacity":"","overlay-gradient":""},"mobile":{"background-color":"","background-image":"","background-repeat":"repeat","background-position":"center center","background-size":"auto","background-attachment":"scroll","background-type":"","background-media":"","overlay-type":"","overlay-color":"","overlay-opacity":"","overlay-gradient":""}},"ast-content-background-meta":{"desktop":{"background-color":"var(--ast-global-color-4)","background-image":"","background-repeat":"repeat","background-position":"center center","background-size":"auto","background-attachment":"scroll","background-type":"","background-media":"","overlay-type":"","overlay-color":"","overlay-opacity":"","overlay-gradient":""},"tablet":{"background-color":"var(--ast-global-color-4)","background-image":"","background-repeat":"repeat","background-position":"center center","background-size":"auto","background-attachment":"scroll","background-type":"","background-media":"","overlay-type":"","overlay-color":"","overlay-opacity":"","overlay-gradient":""},"mobile":{"background-color":"var(--ast-global-color-4)","background-image":"","background-repeat":"repeat","background-position":"center center","background-size":"auto","background-attachment":"scroll","background-type":"","background-media":"","overlay-type":"","overlay-color":"","overlay-opacity":"","overlay-gradient":""}}},"product_brand":[127],"product_cat":[27],"product_tag":[],"class_list":{"0":"post-513","1":"product","2":"type-product","3":"status-publish","4":"has-post-thumbnail","6":"product_brand-loreal-paris","7":"product_cat-pomadka","8":"desktop-align-left","9":"tablet-align-left","10":"mobile-align-left","12":"first","13":"instock","14":"taxable","15":"shipping-taxable","16":"purchasable","17":"product-type-variable","18":"has-default-attributes"},"_links":{"self":[{"href":"https:\/\/www.maziaki.dxc.pl\/index.php?rest_route=\/wp\/v2\/product\/513","targetHints":{"allow":["GET"]}}],"collection":[{"href":"https:\/\/www.maziaki.dxc.pl\/index.php?rest_route=\/wp\/v2\/product"}],"about":[{"href":"https:\/\/www.maziaki.dxc.pl\/index.php?rest_route=\/wp\/v2\/types\/product"}],"wp:featuredmedia":[{"embeddable":true,"href":"https:\/\/www.maziaki.dxc.pl\/index.php?rest_route=\/wp\/v2\/media\/545"}],"wp:attachment":[{"href":"https:\/\/www.maziaki.dxc.pl\/index.php?rest_route=%2Fwp%2Fv2%2Fmedia&parent=513"}],"wp:term":[{"taxonomy":"product_brand","embeddable":true,"href":"https:\/\/www.maziaki.dxc.pl\/index.php?rest_route=%2Fwp%2Fv2%2Fproduct_brand&post=513"},{"taxonomy":"product_cat","embeddable":true,"href":"https:\/\/www.maziaki.dxc.pl\/index.php?rest_route=%2Fwp%2Fv2%2Fproduct_cat&post=513"},{"taxonomy":"product_tag","embeddable":true,"href":"https:\/\/www.maziaki.dxc.pl\/index.php?rest_route=%2Fwp%2Fv2%2Fproduct_tag&post=513"}],"curies":[{"name":"wp","href":"https:\/\/api.w.org\/{rel}","templated":true}]}}