{"id":254,"date":"2024-05-22T19:46:47","date_gmt":"2024-05-22T17:46:47","guid":{"rendered":"https:\/\/www.maziaki.dxc.pl\/?post_type=product&#038;p=254"},"modified":"2025-11-26T19:24:39","modified_gmt":"2025-11-26T18:24:39","slug":"armani-acqua-di-gio-pour-homme-edp-200ml","status":"publish","type":"product","link":"https:\/\/www.maziaki.dxc.pl\/?product=armani-acqua-di-gio-pour-homme-edp-200ml","title":{"rendered":"Armani Acqua di Gi\u00f2 Pour Homme EDP"},"content":{"rendered":"<p>Niesko\u0144czony horyzont morza zosta\u0142 uchwycony, przekonaj si\u0119 na w\u0142asnej sk\u00f3rze. Otw\u00f3rz wod\u0119 perfumowan\u0105 dla m\u0119\u017cczyzn Armani <strong>Acqua di Gi\u00f2 Pour Homme<\/strong> i poczuj doskona\u0142\u0105 \u015bwie\u017co\u015b\u0107. Doskona\u0142e po\u0142\u0105czenie drzewnych nut wraz z cytrusami oczaruje wszystkich wok\u00f3\u0142 Ciebie oraz doda Ci energi\u0119 i pot\u0119\u017cn\u0105 d\u0142ugotrwa\u0142\u0105 \u015bwie\u017co\u015b\u0107.<\/p>\n<p>&gt;zapach pe\u0142en cytrusowych i drzewnych nut<br \/>\n&gt;inspirowany niesko\u0144czonym horyzontem morza<br \/>\n&gt;bardziej intensywna wersja zapachu Acqua Di Gi\u00f2<\/p>\n<p><strong>Sk\u0142ad zapachu<\/strong><br \/>\nPocz\u0105tek tej niesamowitej kompozycji otwieraj\u0105 morskie nuty mieszaj\u0105ce si\u0119 ze \u015bwie\u017c\u0105 zielon\u0105 mandarynk\u0105. Potem do\u0142\u0105czaj\u0105 si\u0119 akordy zmys\u0142owej sza\u0142wii i lawendy, kt\u00f3re uzupe\u0142nione s\u0105 doskona\u0142\u0105 podstaw\u0105 zapachu z paczuli i wetywerii.<\/p>\n<p><strong>Historia zapachu<\/strong><br \/>\nM\u0119ski, esencjonalny i elegancki, tak w\u0142a\u015bnie prezentuje si\u0119 zapach, jak i jego flakon. Flakon jest krystalicznie prze\u017aroczysty, a nakr\u0119tk\u0105 z ciemnego drewna, przywo\u0142uj\u0105ca r\u00f3wnowag\u0119 architektury i natury.<\/p>\n<p><iframe loading=\"lazy\" title=\"YouTube video player\" src=\"https:\/\/www.youtube.com\/embed\/Dmrej4HbqsE?si=ZU0iB4edQABzhm78\" width=\"560\" height=\"315\" frameborder=\"0\" allowfullscreen=\"allowfullscreen\"><\/iframe><\/p>\n","protected":false},"excerpt":{"rendered":"<p>Niesko\u0144czony horyzont morza zosta\u0142 uchwycony, przekonaj si\u0119 na w\u0142asnej sk\u00f3rze. Otw\u00f3rz wod\u0119 perfumowan\u0105 dla m\u0119\u017cczyzn Armani Acqua di Gi\u00f2 Pour [&hellip;]<\/p>\n","protected":false},"featured_media":256,"template":"","meta":{"site-sidebar-layout":"left-sidebar","site-content-layout":"","ast-site-content-layout":"default","site-content-style":"default","site-sidebar-style":"default","ast-global-header-display":"","ast-banner-title-visibility":"","ast-main-header-display":"","ast-hfb-above-header-display":"","ast-hfb-below-header-display":"","ast-hfb-mobile-header-display":"","site-post-title":"","ast-breadcrumbs-content":"","ast-featured-img":"","footer-sml-layout":"","ast-disable-related-posts":"","theme-transparent-header-meta":"default","adv-header-id-meta":"","stick-header-meta":"","header-above-stick-meta":"","header-main-stick-meta":"","header-below-stick-meta":"","astra-migrate-meta-layouts":"set","ast-page-background-enabled":"default","ast-page-background-meta":{"desktop":{"background-color":"var(--ast-global-color-5)","background-image":"","background-repeat":"repeat","background-position":"center center","background-size":"auto","background-attachment":"scroll","background-type":"","background-media":"","overlay-type":"","overlay-color":"","overlay-opacity":"","overlay-gradient":""},"tablet":{"background-color":"","background-image":"","background-repeat":"repeat","background-position":"center center","background-size":"auto","background-attachment":"scroll","background-type":"","background-media":"","overlay-type":"","overlay-color":"","overlay-opacity":"","overlay-gradient":""},"mobile":{"background-color":"","background-image":"","background-repeat":"repeat","background-position":"center center","background-size":"auto","background-attachment":"scroll","background-type":"","background-media":"","overlay-type":"","overlay-color":"","overlay-opacity":"","overlay-gradient":""}},"ast-content-background-meta":{"desktop":{"background-color":"var(--ast-global-color-4)","background-image":"","background-repeat":"repeat","background-position":"center center","background-size":"auto","background-attachment":"scroll","background-type":"","background-media":"","overlay-type":"","overlay-color":"","overlay-opacity":"","overlay-gradient":""},"tablet":{"background-color":"var(--ast-global-color-4)","background-image":"","background-repeat":"repeat","background-position":"center center","background-size":"auto","background-attachment":"scroll","background-type":"","background-media":"","overlay-type":"","overlay-color":"","overlay-opacity":"","overlay-gradient":""},"mobile":{"background-color":"var(--ast-global-color-4)","background-image":"","background-repeat":"repeat","background-position":"center center","background-size":"auto","background-attachment":"scroll","background-type":"","background-media":"","overlay-type":"","overlay-color":"","overlay-opacity":"","overlay-gradient":""}}},"product_brand":[119],"product_cat":[110,25],"product_tag":[],"class_list":{"0":"post-254","1":"product","2":"type-product","3":"status-publish","4":"has-post-thumbnail","6":"product_brand-armani","7":"product_cat-dla-niego","8":"product_cat-perfumy","9":"desktop-align-left","10":"tablet-align-left","11":"mobile-align-left","13":"first","14":"instock","15":"taxable","16":"shipping-taxable","17":"purchasable","18":"product-type-variable","19":"has-default-attributes"},"_links":{"self":[{"href":"https:\/\/www.maziaki.dxc.pl\/index.php?rest_route=\/wp\/v2\/product\/254","targetHints":{"allow":["GET"]}}],"collection":[{"href":"https:\/\/www.maziaki.dxc.pl\/index.php?rest_route=\/wp\/v2\/product"}],"about":[{"href":"https:\/\/www.maziaki.dxc.pl\/index.php?rest_route=\/wp\/v2\/types\/product"}],"wp:featuredmedia":[{"embeddable":true,"href":"https:\/\/www.maziaki.dxc.pl\/index.php?rest_route=\/wp\/v2\/media\/256"}],"wp:attachment":[{"href":"https:\/\/www.maziaki.dxc.pl\/index.php?rest_route=%2Fwp%2Fv2%2Fmedia&parent=254"}],"wp:term":[{"taxonomy":"product_brand","embeddable":true,"href":"https:\/\/www.maziaki.dxc.pl\/index.php?rest_route=%2Fwp%2Fv2%2Fproduct_brand&post=254"},{"taxonomy":"product_cat","embeddable":true,"href":"https:\/\/www.maziaki.dxc.pl\/index.php?rest_route=%2Fwp%2Fv2%2Fproduct_cat&post=254"},{"taxonomy":"product_tag","embeddable":true,"href":"https:\/\/www.maziaki.dxc.pl\/index.php?rest_route=%2Fwp%2Fv2%2Fproduct_tag&post=254"}],"curies":[{"name":"wp","href":"https:\/\/api.w.org\/{rel}","templated":true}]}}