{"id":1355,"date":"2026-04-21T13:25:47","date_gmt":"2026-04-21T12:25:47","guid":{"rendered":"https:\/\/www.maziaki.dxc.pl\/?post_type=product&#038;p=1355"},"modified":"2026-04-22T07:53:09","modified_gmt":"2026-04-22T06:53:09","slug":"la-roche-posay-effaclar-zel-oczyszczajacy-refill-400ml","status":"publish","type":"product","link":"https:\/\/www.maziaki.dxc.pl\/?product=la-roche-posay-effaclar-zel-oczyszczajacy-refill-400ml","title":{"rendered":"La Roche-Posay Effaclar \u017bel Oczyszczaj\u0105cy Refill 400ml"},"content":{"rendered":"<p>La Roche-Posay Effaclar Foaming Gel Refill to oczyszczaj\u0105cy produkt kosmetyczny do sk\u00f3ry t\u0142ustej i wra\u017cliwej w formie wk\u0142adu, kt\u00f3ry delikatnie i bez wysuszania oczyszcza sk\u00f3r\u0119 dzi\u0119ki delikatnym \u015brodkom myj\u0105cym.<\/p>\n<p><strong>W\u0142a\u015bciwo\u015bci produktu<\/strong><br \/>\nEffaclar \u017bel delikatnie oczyszcza sk\u00f3r\u0119, usuwa zanieczyszczenia, nadmiar sebum i widocznie redukuje niedoskona\u0142o\u015bci pozostawiaj\u0105c sk\u00f3r\u0119 czyst\u0105 i od\u015bwie\u017con\u0105. Zawiera formu\u0142\u0119 wzbogacon\u0105 o sk\u0142adnik Phylobioma, kt\u00f3ry wspiera r\u00f3wnowag\u0119 mikrobiomu oraz technologi\u0119 utrzymuj\u0105c\u0105 prawid\u0142owe pH sk\u00f3ry, aby widocznie zmniejszy\u0107 wypryski. Dodatkowo \u017bel Effaclar zosta\u0142 wzbogacony o wod\u0119 termaln\u0105 z La Roche-Posay, kt\u00f3ra koi i \u0142agodzi podra\u017cnienia.<\/p>\n<ul>\n<li>Niekomedogenny<\/li>\n<li>Hipoalergiczny<\/li>\n<li>Testowany pod kontrol\u0105 dermatologa<\/li>\n<\/ul>\n<p>Ekonomiczne opakowanie uzupe\u0142niaj\u0105ce. Opakowanie uzupe\u0142niaj\u0105ce zawiera o 73% mniej plastiku ni\u017c regularne opakowanie \u017celu. Nie p\u0142ucz klasycznej butelki wod\u0105 przed ponownym nape\u0142nieniem. Nie mieszaj z innymi produktami.<\/p>\n","protected":false},"excerpt":{"rendered":"<p>La Roche-Posay Effaclar Foaming Gel Refill to oczyszczaj\u0105cy produkt kosmetyczny do sk\u00f3ry t\u0142ustej i wra\u017cliwej w formie wk\u0142adu, kt\u00f3ry delikatnie [&hellip;]<\/p>\n","protected":false},"featured_media":1357,"template":"","meta":{"site-sidebar-layout":"default","site-content-layout":"","ast-site-content-layout":"default","site-content-style":"default","site-sidebar-style":"default","ast-global-header-display":"","ast-banner-title-visibility":"","ast-main-header-display":"","ast-hfb-above-header-display":"","ast-hfb-below-header-display":"","ast-hfb-mobile-header-display":"","site-post-title":"","ast-breadcrumbs-content":"","ast-featured-img":"","footer-sml-layout":"","ast-disable-related-posts":"","theme-transparent-header-meta":"default","adv-header-id-meta":"","stick-header-meta":"","header-above-stick-meta":"","header-main-stick-meta":"","header-below-stick-meta":"","astra-migrate-meta-layouts":"set","ast-page-background-enabled":"default","ast-page-background-meta":{"desktop":{"background-color":"var(--ast-global-color-5)","background-image":"","background-repeat":"repeat","background-position":"center center","background-size":"auto","background-attachment":"scroll","background-type":"","background-media":"","overlay-type":"","overlay-color":"","overlay-opacity":"","overlay-gradient":""},"tablet":{"background-color":"","background-image":"","background-repeat":"repeat","background-position":"center center","background-size":"auto","background-attachment":"scroll","background-type":"","background-media":"","overlay-type":"","overlay-color":"","overlay-opacity":"","overlay-gradient":""},"mobile":{"background-color":"","background-image":"","background-repeat":"repeat","background-position":"center center","background-size":"auto","background-attachment":"scroll","background-type":"","background-media":"","overlay-type":"","overlay-color":"","overlay-opacity":"","overlay-gradient":""}},"ast-content-background-meta":{"desktop":{"background-color":"var(--ast-global-color-4)","background-image":"","background-repeat":"repeat","background-position":"center center","background-size":"auto","background-attachment":"scroll","background-type":"","background-media":"","overlay-type":"","overlay-color":"","overlay-opacity":"","overlay-gradient":""},"tablet":{"background-color":"var(--ast-global-color-4)","background-image":"","background-repeat":"repeat","background-position":"center center","background-size":"auto","background-attachment":"scroll","background-type":"","background-media":"","overlay-type":"","overlay-color":"","overlay-opacity":"","overlay-gradient":""},"mobile":{"background-color":"var(--ast-global-color-4)","background-image":"","background-repeat":"repeat","background-position":"center center","background-size":"auto","background-attachment":"scroll","background-type":"","background-media":"","overlay-type":"","overlay-color":"","overlay-opacity":"","overlay-gradient":""}}},"product_brand":[135],"product_cat":[136],"product_tag":[],"class_list":{"0":"post-1355","1":"product","2":"type-product","3":"status-publish","4":"has-post-thumbnail","6":"product_brand-la-roche-posay","7":"product_cat-zel-do-mycia-twarzy","8":"desktop-align-left","9":"tablet-align-left","10":"mobile-align-left","12":"first","13":"instock","14":"taxable","15":"shipping-taxable","16":"purchasable","17":"product-type-simple"},"_links":{"self":[{"href":"https:\/\/www.maziaki.dxc.pl\/index.php?rest_route=\/wp\/v2\/product\/1355","targetHints":{"allow":["GET"]}}],"collection":[{"href":"https:\/\/www.maziaki.dxc.pl\/index.php?rest_route=\/wp\/v2\/product"}],"about":[{"href":"https:\/\/www.maziaki.dxc.pl\/index.php?rest_route=\/wp\/v2\/types\/product"}],"wp:featuredmedia":[{"embeddable":true,"href":"https:\/\/www.maziaki.dxc.pl\/index.php?rest_route=\/wp\/v2\/media\/1357"}],"wp:attachment":[{"href":"https:\/\/www.maziaki.dxc.pl\/index.php?rest_route=%2Fwp%2Fv2%2Fmedia&parent=1355"}],"wp:term":[{"taxonomy":"product_brand","embeddable":true,"href":"https:\/\/www.maziaki.dxc.pl\/index.php?rest_route=%2Fwp%2Fv2%2Fproduct_brand&post=1355"},{"taxonomy":"product_cat","embeddable":true,"href":"https:\/\/www.maziaki.dxc.pl\/index.php?rest_route=%2Fwp%2Fv2%2Fproduct_cat&post=1355"},{"taxonomy":"product_tag","embeddable":true,"href":"https:\/\/www.maziaki.dxc.pl\/index.php?rest_route=%2Fwp%2Fv2%2Fproduct_tag&post=1355"}],"curies":[{"name":"wp","href":"https:\/\/api.w.org\/{rel}","templated":true}]}}