{"id":1304,"date":"2026-03-11T17:50:29","date_gmt":"2026-03-11T16:50:29","guid":{"rendered":"https:\/\/www.maziaki.dxc.pl\/?post_type=product&#038;p=1304"},"modified":"2026-04-21T20:30:06","modified_gmt":"2026-04-21T19:30:06","slug":"kerastase-genesis-wzmacniajacy-szampon-do-wlosow-80ml","status":"publish","type":"product","link":"https:\/\/www.maziaki.dxc.pl\/?product=kerastase-genesis-wzmacniajacy-szampon-do-wlosow-80ml","title":{"rendered":"K\u00e9rastase Genesis wzmacniaj\u0105cy szampon do w\u0142os\u00f3w 80ml"},"content":{"rendered":"<p dir=\"ltr\">K\u00e9rastase Genesis Wzmacniaj\u0105cy szampon do w\u0142os\u00f3w to profesjonalna piel\u0119gnacja stworzona z my\u015bl\u0105 o w\u0142osach os\u0142abionych, \u0142amliwych i ze sk\u0142onno\u015bci\u0105 do wypadania.\u00a0<strong>Delikatna, ale skuteczna formu\u0142a oczyszcza sk\u00f3r\u0119 g\u0142owy<\/strong>\u00a0oraz w\u0142osy z sebum, zanieczyszcze\u0144 i pozosta\u0142o\u015bci stylizacji, jednocze\u015bnie nie obci\u0105\u017caj\u0105c cienkich i przet\u0142uszczaj\u0105cych si\u0119 pasm. Dzi\u0119ki unikalnemu po\u0142\u0105czeniu kom\u00f3rek macierzystych szarotki alpejskiej i korzenia imbiru, szampon wzmacnia w\u0142\u00f3kna w\u0142os\u00f3w od nasady a\u017c po same ko\u0144ce, minimalizuj\u0105c ryzyko ich \u0142amania i wypadania.\u00a0<strong>Regularne stosowanie pozwala nie tylko ograniczy\u0107 utrat\u0119 w\u0142os\u00f3w<\/strong>, ale te\u017c przywr\u00f3ci\u0107 im zdrowy wygl\u0105d, spr\u0119\u017cysto\u015b\u0107 i obj\u0119to\u015b\u0107. Idealny jako pierwszy krok w piel\u0119gnacji przeciw wypadaniu \u2013 przygotowuje w\u0142osy do dalszych etap\u00f3w kuracji.<\/p>\n<h2>Najwa\u017cniejsze cechy:<\/h2>\n<ul>\n<li>\n<p dir=\"ltr\" role=\"presentation\">Skutecznie wzmacnia os\u0142abione, \u0142amliwe w\u0142osy<\/p>\n<\/li>\n<li>\n<p dir=\"ltr\" role=\"presentation\">Zmniejsza ryzyko \u0142amania i wypadania w\u0142os\u00f3w<\/p>\n<\/li>\n<li>\n<p dir=\"ltr\" role=\"presentation\">Delikatnie oczyszcza sk\u00f3r\u0119 g\u0142owy i w\u0142osy bez obci\u0105\u017cania<\/p>\n<\/li>\n<li>\n<p dir=\"ltr\" role=\"presentation\">Odpowiedni dla w\u0142os\u00f3w cienkich i przet\u0142uszczaj\u0105cych si\u0119<\/p>\n<\/li>\n<li>\n<p dir=\"ltr\" role=\"presentation\">Zawiera kom\u00f3rki macierzyste szarotki alpejskiej i korze\u0144 imbiru<\/p>\n<\/li>\n<li>\n<p dir=\"ltr\" role=\"presentation\">Przywraca w\u0142osom obj\u0119to\u015b\u0107, mi\u0119kko\u015b\u0107 i zdrowy wygl\u0105d<\/p>\n<\/li>\n<\/ul>\n","protected":false},"excerpt":{"rendered":"<p>K\u00e9rastase Genesis Wzmacniaj\u0105cy szampon do w\u0142os\u00f3w to profesjonalna piel\u0119gnacja stworzona z my\u015bl\u0105 o w\u0142osach os\u0142abionych, \u0142amliwych i ze sk\u0142onno\u015bci\u0105 do [&hellip;]<\/p>\n","protected":false},"featured_media":1305,"template":"","meta":{"site-sidebar-layout":"default","site-content-layout":"","ast-site-content-layout":"default","site-content-style":"default","site-sidebar-style":"default","ast-global-header-display":"","ast-banner-title-visibility":"","ast-main-header-display":"","ast-hfb-above-header-display":"","ast-hfb-below-header-display":"","ast-hfb-mobile-header-display":"","site-post-title":"","ast-breadcrumbs-content":"","ast-featured-img":"","footer-sml-layout":"","ast-disable-related-posts":"","theme-transparent-header-meta":"default","adv-header-id-meta":"","stick-header-meta":"","header-above-stick-meta":"","header-main-stick-meta":"","header-below-stick-meta":"","astra-migrate-meta-layouts":"set","ast-page-background-enabled":"default","ast-page-background-meta":{"desktop":{"background-color":"var(--ast-global-color-5)","background-image":"","background-repeat":"repeat","background-position":"center center","background-size":"auto","background-attachment":"scroll","background-type":"","background-media":"","overlay-type":"","overlay-color":"","overlay-opacity":"","overlay-gradient":""},"tablet":{"background-color":"","background-image":"","background-repeat":"repeat","background-position":"center center","background-size":"auto","background-attachment":"scroll","background-type":"","background-media":"","overlay-type":"","overlay-color":"","overlay-opacity":"","overlay-gradient":""},"mobile":{"background-color":"","background-image":"","background-repeat":"repeat","background-position":"center center","background-size":"auto","background-attachment":"scroll","background-type":"","background-media":"","overlay-type":"","overlay-color":"","overlay-opacity":"","overlay-gradient":""}},"ast-content-background-meta":{"desktop":{"background-color":"var(--ast-global-color-4)","background-image":"","background-repeat":"repeat","background-position":"center center","background-size":"auto","background-attachment":"scroll","background-type":"","background-media":"","overlay-type":"","overlay-color":"","overlay-opacity":"","overlay-gradient":""},"tablet":{"background-color":"var(--ast-global-color-4)","background-image":"","background-repeat":"repeat","background-position":"center center","background-size":"auto","background-attachment":"scroll","background-type":"","background-media":"","overlay-type":"","overlay-color":"","overlay-opacity":"","overlay-gradient":""},"mobile":{"background-color":"var(--ast-global-color-4)","background-image":"","background-repeat":"repeat","background-position":"center center","background-size":"auto","background-attachment":"scroll","background-type":"","background-media":"","overlay-type":"","overlay-color":"","overlay-opacity":"","overlay-gradient":""}}},"product_brand":[116],"product_cat":[33],"product_tag":[],"class_list":{"0":"post-1304","1":"product","2":"type-product","3":"status-publish","4":"has-post-thumbnail","6":"product_brand-kerastase","7":"product_cat-szampon","8":"desktop-align-left","9":"tablet-align-left","10":"mobile-align-left","12":"first","13":"instock","14":"taxable","15":"shipping-taxable","16":"purchasable","17":"product-type-simple"},"_links":{"self":[{"href":"https:\/\/www.maziaki.dxc.pl\/index.php?rest_route=\/wp\/v2\/product\/1304","targetHints":{"allow":["GET"]}}],"collection":[{"href":"https:\/\/www.maziaki.dxc.pl\/index.php?rest_route=\/wp\/v2\/product"}],"about":[{"href":"https:\/\/www.maziaki.dxc.pl\/index.php?rest_route=\/wp\/v2\/types\/product"}],"wp:featuredmedia":[{"embeddable":true,"href":"https:\/\/www.maziaki.dxc.pl\/index.php?rest_route=\/wp\/v2\/media\/1305"}],"wp:attachment":[{"href":"https:\/\/www.maziaki.dxc.pl\/index.php?rest_route=%2Fwp%2Fv2%2Fmedia&parent=1304"}],"wp:term":[{"taxonomy":"product_brand","embeddable":true,"href":"https:\/\/www.maziaki.dxc.pl\/index.php?rest_route=%2Fwp%2Fv2%2Fproduct_brand&post=1304"},{"taxonomy":"product_cat","embeddable":true,"href":"https:\/\/www.maziaki.dxc.pl\/index.php?rest_route=%2Fwp%2Fv2%2Fproduct_cat&post=1304"},{"taxonomy":"product_tag","embeddable":true,"href":"https:\/\/www.maziaki.dxc.pl\/index.php?rest_route=%2Fwp%2Fv2%2Fproduct_tag&post=1304"}],"curies":[{"name":"wp","href":"https:\/\/api.w.org\/{rel}","templated":true}]}}