{"id":1302,"date":"2026-03-11T17:48:47","date_gmt":"2026-03-11T16:48:47","guid":{"rendered":"https:\/\/www.maziaki.dxc.pl\/?post_type=product&#038;p=1302"},"modified":"2026-04-22T07:53:36","modified_gmt":"2026-04-22T06:53:36","slug":"kerastase-premiere-szampon-80ml","status":"publish","type":"product","link":"https:\/\/www.maziaki.dxc.pl\/?product=kerastase-premiere-szampon-80ml","title":{"rendered":"K\u00e9rastase Premiere szampon odbudowuj\u0105cy do zniszczonych w\u0142os\u00f3w 80ml"},"content":{"rendered":"<h2>Kerastase Premiere Szampon odbudowuj\u0105cy do zniszczonych w\u0142os\u00f3w<\/h2>\n<p dir=\"ltr\">Szampon Premi\u00e8re K\u00e9rastase to luksusowy produkt stworzony z my\u015bl\u0105 o w\u0142osach wymagaj\u0105cych intensywnej odbudowy. Idealny dla ka\u017cdego rodzaju w\u0142os\u00f3w, kt\u00f3re zosta\u0142y nadmiernie obci\u0105\u017cone zabiegami fryzjerskimi lub s\u0105 zniszczone. Dzi\u0119ki wyj\u0105tkowej formule szampon \u0142agodnie oczyszcza sk\u00f3r\u0119 g\u0142owy i w\u0142osy, skutecznie usuwaj\u0105c wap\u0144, kt\u00f3ry zatyka \u0142uski w\u0142os\u00f3w, pog\u0142\u0119biaj\u0105c ich os\u0142abienie. Jego dzia\u0142anie regeneracyjne odbudowuje w\u0142osy od wewn\u0105trz, minimalizuj\u0105c \u0142amliwo\u015b\u0107, przywracaj\u0105c naturalny blask i zdrowy wygl\u0105d. Formu\u0142a kosmetyku jest wzbogacona o sk\u0142adniki, kt\u00f3re odbudowuj\u0105 uszkodzone wi\u0105zania keratynowe we w\u0142\u00f3knach w\u0142os\u00f3w, przywracaj\u0105c im spr\u0119\u017cysto\u015b\u0107 i elastyczno\u015b\u0107.<\/p>\n<h2>Najwa\u017cniejsze cechy:<\/h2>\n<ul>\n<li>\n<p dir=\"ltr\" role=\"presentation\">Odbudowuje w\u0142osy od wewn\u0105trz, regeneruj\u0105c wi\u0105zania keratynowe<\/p>\n<\/li>\n<li>\n<p dir=\"ltr\" role=\"presentation\">Usuwa twardej wody wap\u0144, kt\u00f3ry mo\u017ce os\u0142abia\u0107 i matowi\u0107 w\u0142osy<\/p>\n<\/li>\n<li>\n<p dir=\"ltr\" role=\"presentation\">\u0141agodnie oczyszcza, nie obci\u0105\u017caj\u0105c<\/p>\n<\/li>\n<li>\n<p dir=\"ltr\" role=\"presentation\">Zmniejsza \u0142amliwo\u015b\u0107 w\u0142os\u00f3w, przywracaj\u0105c im spr\u0119\u017cysto\u015b\u0107 i blask<\/p>\n<\/li>\n<li>\n<p dir=\"ltr\" role=\"presentation\">Sprawia, \u017ce w\u0142osy s\u0105 g\u0142adkie, l\u015bni\u0105ce i \u0142atwe do u\u0142o\u017cenia<\/p>\n<\/li>\n<\/ul>\n","protected":false},"excerpt":{"rendered":"<p>Kerastase Premiere Szampon odbudowuj\u0105cy do zniszczonych w\u0142os\u00f3w Szampon Premi\u00e8re K\u00e9rastase to luksusowy produkt stworzony z my\u015bl\u0105 o w\u0142osach wymagaj\u0105cych intensywnej [&hellip;]<\/p>\n","protected":false},"featured_media":1303,"template":"","meta":{"site-sidebar-layout":"default","site-content-layout":"","ast-site-content-layout":"default","site-content-style":"default","site-sidebar-style":"default","ast-global-header-display":"","ast-banner-title-visibility":"","ast-main-header-display":"","ast-hfb-above-header-display":"","ast-hfb-below-header-display":"","ast-hfb-mobile-header-display":"","site-post-title":"","ast-breadcrumbs-content":"","ast-featured-img":"","footer-sml-layout":"","ast-disable-related-posts":"","theme-transparent-header-meta":"default","adv-header-id-meta":"","stick-header-meta":"","header-above-stick-meta":"","header-main-stick-meta":"","header-below-stick-meta":"","astra-migrate-meta-layouts":"set","ast-page-background-enabled":"default","ast-page-background-meta":{"desktop":{"background-color":"var(--ast-global-color-5)","background-image":"","background-repeat":"repeat","background-position":"center center","background-size":"auto","background-attachment":"scroll","background-type":"","background-media":"","overlay-type":"","overlay-color":"","overlay-opacity":"","overlay-gradient":""},"tablet":{"background-color":"","background-image":"","background-repeat":"repeat","background-position":"center center","background-size":"auto","background-attachment":"scroll","background-type":"","background-media":"","overlay-type":"","overlay-color":"","overlay-opacity":"","overlay-gradient":""},"mobile":{"background-color":"","background-image":"","background-repeat":"repeat","background-position":"center center","background-size":"auto","background-attachment":"scroll","background-type":"","background-media":"","overlay-type":"","overlay-color":"","overlay-opacity":"","overlay-gradient":""}},"ast-content-background-meta":{"desktop":{"background-color":"var(--ast-global-color-4)","background-image":"","background-repeat":"repeat","background-position":"center center","background-size":"auto","background-attachment":"scroll","background-type":"","background-media":"","overlay-type":"","overlay-color":"","overlay-opacity":"","overlay-gradient":""},"tablet":{"background-color":"var(--ast-global-color-4)","background-image":"","background-repeat":"repeat","background-position":"center center","background-size":"auto","background-attachment":"scroll","background-type":"","background-media":"","overlay-type":"","overlay-color":"","overlay-opacity":"","overlay-gradient":""},"mobile":{"background-color":"var(--ast-global-color-4)","background-image":"","background-repeat":"repeat","background-position":"center center","background-size":"auto","background-attachment":"scroll","background-type":"","background-media":"","overlay-type":"","overlay-color":"","overlay-opacity":"","overlay-gradient":""}}},"product_brand":[116],"product_cat":[33],"product_tag":[],"class_list":{"0":"post-1302","1":"product","2":"type-product","3":"status-publish","4":"has-post-thumbnail","6":"product_brand-kerastase","7":"product_cat-szampon","8":"desktop-align-left","9":"tablet-align-left","10":"mobile-align-left","12":"first","13":"instock","14":"taxable","15":"shipping-taxable","16":"purchasable","17":"product-type-simple"},"_links":{"self":[{"href":"https:\/\/www.maziaki.dxc.pl\/index.php?rest_route=\/wp\/v2\/product\/1302","targetHints":{"allow":["GET"]}}],"collection":[{"href":"https:\/\/www.maziaki.dxc.pl\/index.php?rest_route=\/wp\/v2\/product"}],"about":[{"href":"https:\/\/www.maziaki.dxc.pl\/index.php?rest_route=\/wp\/v2\/types\/product"}],"wp:featuredmedia":[{"embeddable":true,"href":"https:\/\/www.maziaki.dxc.pl\/index.php?rest_route=\/wp\/v2\/media\/1303"}],"wp:attachment":[{"href":"https:\/\/www.maziaki.dxc.pl\/index.php?rest_route=%2Fwp%2Fv2%2Fmedia&parent=1302"}],"wp:term":[{"taxonomy":"product_brand","embeddable":true,"href":"https:\/\/www.maziaki.dxc.pl\/index.php?rest_route=%2Fwp%2Fv2%2Fproduct_brand&post=1302"},{"taxonomy":"product_cat","embeddable":true,"href":"https:\/\/www.maziaki.dxc.pl\/index.php?rest_route=%2Fwp%2Fv2%2Fproduct_cat&post=1302"},{"taxonomy":"product_tag","embeddable":true,"href":"https:\/\/www.maziaki.dxc.pl\/index.php?rest_route=%2Fwp%2Fv2%2Fproduct_tag&post=1302"}],"curies":[{"name":"wp","href":"https:\/\/api.w.org\/{rel}","templated":true}]}}