{"id":1276,"date":"2026-03-11T17:29:41","date_gmt":"2026-03-11T16:29:41","guid":{"rendered":"https:\/\/www.maziaki.dxc.pl\/?post_type=product&#038;p=1276"},"modified":"2026-04-22T07:54:00","modified_gmt":"2026-04-22T06:54:00","slug":"kerastase-blond-absolu-cicaflash-odzywka-75ml","status":"publish","type":"product","link":"https:\/\/www.maziaki.dxc.pl\/?product=kerastase-blond-absolu-cicaflash-odzywka-75ml","title":{"rendered":"K\u00e9rastase Blond Absolu Cicaflash od\u017cywka 75ml"},"content":{"rendered":"<p>Blond Absolu Cicaflash od\u00a0K\u00e9rastase\u00a0oferuje wyj\u0105tkow\u0105 regeneracyjn\u0105 moc maski ze zmys\u0142owym,\u00a0 lekkim wyko\u0144czeniem od\u017cywki. Obowi\u0105zkowa piel\u0119gnacja dla ka\u017cdego typu w\u0142os\u00f3w blond w formie mlecznego \u017celu o \u0142agodnym lawendowym odcieniu. Wyj\u0105tkowa formu\u0142a od\u017cywki zapewnia natychmiastow\u0105 odbudow\u0119 i wzmocnienie w\u0142\u00f3kien w\u0142osa zmniejszaj\u0105c \u0142amliwo\u015b\u0107 w\u0142os\u00f3w jednocze\u015bnie gwarantuj\u0105c ochron\u0119 przed\u00a0czynnikami zewn\u0119trznymi i uszkodzeniami mechanicznymi.\u00a0Po\u0142\u0105czenie\u00a0kwasu hialuronowego i kwiatu szarotki b\u0142yskawicznie wyg\u0142adza, wzmacnia i zmi\u0119kcza wra\u017cliwe, rozja\u015bnione w\u0142osy intensywnie je od\u017cywiaj\u0105c. Od\u017cywka pozostawia w\u0142osy mi\u0119kkie, b\u0142yszcz\u0105ce i g\u0142\u0119boko nawil\u017cone nie obci\u0105\u017caj\u0105c ich.<\/p>\n<p><b>G\u0142\u00f3wne sk\u0142adniki:<\/b><\/p>\n<ul>\n<li><b>Kwas hialuronowy<\/b>\u00a0&#8211; g\u0142\u0119boko odbudowuje w\u0142\u00f3kno w\u0142osa, wzmacnia w\u0142osy zapobiegaj\u0105c uszkodzeniom.<\/li>\n<li><b>Szarotka alpejska<\/b>\u00a0&#8211; bogata w antyoksydanty, chroni w\u0142osy przed uszkodzeniami, zapewnia w\u0142osom mi\u0119kko\u015b\u0107.<\/li>\n<\/ul>\n<p><b>Spos\u00f3b u\u017cycia:<\/b><\/p>\n<ul>\n<li>Porcj\u0119 wielko\u015bci orzecha laskowego wmasuj w umyte w\u0142osy od po\u0142owy po same ko\u0144ce<\/li>\n<li>Pozostaw na 2-3 minuty<\/li>\n<li>Dok\u0142adnie sp\u0142ucz<\/li>\n<\/ul>\n<p><b>Pojemno\u015b\u0107: 75ml<\/b><\/p>\n","protected":false},"excerpt":{"rendered":"<p>Blond Absolu Cicaflash od\u00a0K\u00e9rastase\u00a0oferuje wyj\u0105tkow\u0105 regeneracyjn\u0105 moc maski ze zmys\u0142owym,\u00a0 lekkim wyko\u0144czeniem od\u017cywki. Obowi\u0105zkowa piel\u0119gnacja dla ka\u017cdego typu w\u0142os\u00f3w blond [&hellip;]<\/p>\n","protected":false},"featured_media":1277,"template":"","meta":{"site-sidebar-layout":"default","site-content-layout":"","ast-site-content-layout":"default","site-content-style":"default","site-sidebar-style":"default","ast-global-header-display":"","ast-banner-title-visibility":"","ast-main-header-display":"","ast-hfb-above-header-display":"","ast-hfb-below-header-display":"","ast-hfb-mobile-header-display":"","site-post-title":"","ast-breadcrumbs-content":"","ast-featured-img":"","footer-sml-layout":"","ast-disable-related-posts":"","theme-transparent-header-meta":"default","adv-header-id-meta":"","stick-header-meta":"","header-above-stick-meta":"","header-main-stick-meta":"","header-below-stick-meta":"","astra-migrate-meta-layouts":"set","ast-page-background-enabled":"default","ast-page-background-meta":{"desktop":{"background-color":"var(--ast-global-color-5)","background-image":"","background-repeat":"repeat","background-position":"center center","background-size":"auto","background-attachment":"scroll","background-type":"","background-media":"","overlay-type":"","overlay-color":"","overlay-opacity":"","overlay-gradient":""},"tablet":{"background-color":"","background-image":"","background-repeat":"repeat","background-position":"center center","background-size":"auto","background-attachment":"scroll","background-type":"","background-media":"","overlay-type":"","overlay-color":"","overlay-opacity":"","overlay-gradient":""},"mobile":{"background-color":"","background-image":"","background-repeat":"repeat","background-position":"center center","background-size":"auto","background-attachment":"scroll","background-type":"","background-media":"","overlay-type":"","overlay-color":"","overlay-opacity":"","overlay-gradient":""}},"ast-content-background-meta":{"desktop":{"background-color":"var(--ast-global-color-4)","background-image":"","background-repeat":"repeat","background-position":"center center","background-size":"auto","background-attachment":"scroll","background-type":"","background-media":"","overlay-type":"","overlay-color":"","overlay-opacity":"","overlay-gradient":""},"tablet":{"background-color":"var(--ast-global-color-4)","background-image":"","background-repeat":"repeat","background-position":"center center","background-size":"auto","background-attachment":"scroll","background-type":"","background-media":"","overlay-type":"","overlay-color":"","overlay-opacity":"","overlay-gradient":""},"mobile":{"background-color":"var(--ast-global-color-4)","background-image":"","background-repeat":"repeat","background-position":"center center","background-size":"auto","background-attachment":"scroll","background-type":"","background-media":"","overlay-type":"","overlay-color":"","overlay-opacity":"","overlay-gradient":""}}},"product_brand":[116],"product_cat":[52],"product_tag":[],"class_list":{"0":"post-1276","1":"product","2":"type-product","3":"status-publish","4":"has-post-thumbnail","6":"product_brand-kerastase","7":"product_cat-maska-do-wlosow","8":"desktop-align-left","9":"tablet-align-left","10":"mobile-align-left","12":"first","13":"instock","14":"taxable","15":"shipping-taxable","16":"purchasable","17":"product-type-simple"},"_links":{"self":[{"href":"https:\/\/www.maziaki.dxc.pl\/index.php?rest_route=\/wp\/v2\/product\/1276","targetHints":{"allow":["GET"]}}],"collection":[{"href":"https:\/\/www.maziaki.dxc.pl\/index.php?rest_route=\/wp\/v2\/product"}],"about":[{"href":"https:\/\/www.maziaki.dxc.pl\/index.php?rest_route=\/wp\/v2\/types\/product"}],"wp:featuredmedia":[{"embeddable":true,"href":"https:\/\/www.maziaki.dxc.pl\/index.php?rest_route=\/wp\/v2\/media\/1277"}],"wp:attachment":[{"href":"https:\/\/www.maziaki.dxc.pl\/index.php?rest_route=%2Fwp%2Fv2%2Fmedia&parent=1276"}],"wp:term":[{"taxonomy":"product_brand","embeddable":true,"href":"https:\/\/www.maziaki.dxc.pl\/index.php?rest_route=%2Fwp%2Fv2%2Fproduct_brand&post=1276"},{"taxonomy":"product_cat","embeddable":true,"href":"https:\/\/www.maziaki.dxc.pl\/index.php?rest_route=%2Fwp%2Fv2%2Fproduct_cat&post=1276"},{"taxonomy":"product_tag","embeddable":true,"href":"https:\/\/www.maziaki.dxc.pl\/index.php?rest_route=%2Fwp%2Fv2%2Fproduct_tag&post=1276"}],"curies":[{"name":"wp","href":"https:\/\/api.w.org\/{rel}","templated":true}]}}