{"id":1274,"date":"2026-03-11T17:28:06","date_gmt":"2026-03-11T16:28:06","guid":{"rendered":"https:\/\/www.maziaki.dxc.pl\/?post_type=product&#038;p=1274"},"modified":"2026-04-21T09:53:37","modified_gmt":"2026-04-21T08:53:37","slug":"kerastase-premiere-maska-regenerujaca-do-zniszczonych-wlosow-75ml","status":"publish","type":"product","link":"https:\/\/www.maziaki.dxc.pl\/?product=kerastase-premiere-maska-regenerujaca-do-zniszczonych-wlosow-75ml","title":{"rendered":"K\u00e9rastase Premiere maska regeneruj\u0105ca do zniszczonych w\u0142os\u00f3w 75ml"},"content":{"rendered":"<p dir=\"ltr\">Maska Kerastase Premi\u00e8re to bogata, intensywnie regeneruj\u0105ca formu\u0142a, stworzona z my\u015bl\u0105 o w\u0142osach nadmiernie obci\u0105\u017conych zabiegami fryzjerskimi. Dzi\u0119ki wyj\u0105tkowym w\u0142a\u015bciwo\u015bciom odbudowuj\u0105cym, maska skutecznie wzmacnia w\u0142\u00f3kna w\u0142osowe, chroni\u0105c je przed dalszym \u0142amaniem. W\u0142osy staj\u0105 si\u0119 mocniejsze, g\u0142adsze i pe\u0142ne blasku.<\/p>\n<p dir=\"ltr\">Wap\u0144, kt\u00f3ry naturalnie wyst\u0119puje we w\u0142osach, w nadmiarze mo\u017ce os\u0142abia\u0107 ich struktur\u0119. Zniszczone pasma wch\u0142aniaj\u0105 go w wi\u0119kszej ilo\u015bci, co prowadzi do ich os\u0142abienia. Maska Kerastase dzia\u0142a chelatuj\u0105co, usuwaj\u0105c nadmiar wapnia i przywracaj\u0105c w\u0142osom r\u00f3wnowag\u0119. Jej luksusowa, kremowa konsystencja wnika g\u0142\u0119boko we w\u0142osy, od\u017cywiaj\u0105c je i zapewniaj\u0105c im maksymaln\u0105 regeneracj\u0119, szczeg\u00f3lnie po zabiegach chemicznych.<\/p>\n<p dir=\"ltr\">Dzi\u0119ki podw\u00f3jnemu dzia\u0142aniu, maska odbudowuje struktur\u0119 w\u0142os\u00f3w, wyg\u0142adza ich powierzchni\u0119 i zmniejsza \u0142amliwo\u015b\u0107. W efekcie w\u0142osy zyskuj\u0105 zdrowy, mocny i pi\u0119kny wygl\u0105d, a ich kondycja zostaje znacz\u0105co poprawiona.<\/p>\n<h2>Najwa\u017cniejsze cechy:<\/h2>\n<ul>\n<li>\n<p dir=\"ltr\" role=\"presentation\">Przeznaczona do zniszczonych w\u0142os\u00f3w, os\u0142abionych zabiegami chemicznymi<\/p>\n<\/li>\n<li>\n<p dir=\"ltr\" role=\"presentation\">Odbudowuje w\u0142osy od wewn\u0105trz, regeneruj\u0105c wi\u0105zania keratynowe<\/p>\n<\/li>\n<li>\n<p dir=\"ltr\" role=\"presentation\">Usuwa twardej wody wap\u0144, kt\u00f3ry mo\u017ce os\u0142abia\u0107 i matowi\u0107 w\u0142osy<\/p>\n<\/li>\n<li>\n<p dir=\"ltr\" role=\"presentation\">Zmniejsza \u0142amliwo\u015b\u0107 w\u0142os\u00f3w, przywracaj\u0105c im spr\u0119\u017cysto\u015b\u0107 i blask<\/p>\n<\/li>\n<li>\n<p dir=\"ltr\" role=\"presentation\">Sprawia, \u017ce w\u0142osy s\u0105 g\u0142adkie, l\u015bni\u0105ce i \u0142atwe do u\u0142o\u017cenia<\/p>\n<\/li>\n<\/ul>\n<p>SPOS\u00d3B U\u017bYCIA<br \/>\nKrok 1<\/p>\n<p>Na\u0142\u00f3\u017c mask\u0119 na umyte i osuszone r\u0119cznikiem w\u0142osy.<\/p>\n<p>Krok 2<\/p>\n<p>Wmasuj we w\u0142osy na ca\u0142ej ich d\u0142ugo\u015bci i w ich ko\u0144ce.<\/p>\n<p>Krok 3<\/p>\n<p>Pozostaw na w\u0142osach przez 5 minut, a nast\u0119pnie sp\u0142ucz.<\/p>\n","protected":false},"excerpt":{"rendered":"<p>Maska Kerastase Premi\u00e8re to bogata, intensywnie regeneruj\u0105ca formu\u0142a, stworzona z my\u015bl\u0105 o w\u0142osach nadmiernie obci\u0105\u017conych zabiegami fryzjerskimi. Dzi\u0119ki wyj\u0105tkowym w\u0142a\u015bciwo\u015bciom [&hellip;]<\/p>\n","protected":false},"featured_media":1275,"template":"","meta":{"site-sidebar-layout":"default","site-content-layout":"","ast-site-content-layout":"default","site-content-style":"default","site-sidebar-style":"default","ast-global-header-display":"","ast-banner-title-visibility":"","ast-main-header-display":"","ast-hfb-above-header-display":"","ast-hfb-below-header-display":"","ast-hfb-mobile-header-display":"","site-post-title":"","ast-breadcrumbs-content":"","ast-featured-img":"","footer-sml-layout":"","ast-disable-related-posts":"","theme-transparent-header-meta":"default","adv-header-id-meta":"","stick-header-meta":"","header-above-stick-meta":"","header-main-stick-meta":"","header-below-stick-meta":"","astra-migrate-meta-layouts":"set","ast-page-background-enabled":"default","ast-page-background-meta":{"desktop":{"background-color":"var(--ast-global-color-5)","background-image":"","background-repeat":"repeat","background-position":"center center","background-size":"auto","background-attachment":"scroll","background-type":"","background-media":"","overlay-type":"","overlay-color":"","overlay-opacity":"","overlay-gradient":""},"tablet":{"background-color":"","background-image":"","background-repeat":"repeat","background-position":"center center","background-size":"auto","background-attachment":"scroll","background-type":"","background-media":"","overlay-type":"","overlay-color":"","overlay-opacity":"","overlay-gradient":""},"mobile":{"background-color":"","background-image":"","background-repeat":"repeat","background-position":"center center","background-size":"auto","background-attachment":"scroll","background-type":"","background-media":"","overlay-type":"","overlay-color":"","overlay-opacity":"","overlay-gradient":""}},"ast-content-background-meta":{"desktop":{"background-color":"var(--ast-global-color-4)","background-image":"","background-repeat":"repeat","background-position":"center center","background-size":"auto","background-attachment":"scroll","background-type":"","background-media":"","overlay-type":"","overlay-color":"","overlay-opacity":"","overlay-gradient":""},"tablet":{"background-color":"var(--ast-global-color-4)","background-image":"","background-repeat":"repeat","background-position":"center center","background-size":"auto","background-attachment":"scroll","background-type":"","background-media":"","overlay-type":"","overlay-color":"","overlay-opacity":"","overlay-gradient":""},"mobile":{"background-color":"var(--ast-global-color-4)","background-image":"","background-repeat":"repeat","background-position":"center center","background-size":"auto","background-attachment":"scroll","background-type":"","background-media":"","overlay-type":"","overlay-color":"","overlay-opacity":"","overlay-gradient":""}}},"product_brand":[116],"product_cat":[52],"product_tag":[],"class_list":{"0":"post-1274","1":"product","2":"type-product","3":"status-publish","4":"has-post-thumbnail","6":"product_brand-kerastase","7":"product_cat-maska-do-wlosow","8":"desktop-align-left","9":"tablet-align-left","10":"mobile-align-left","12":"first","13":"instock","14":"taxable","15":"shipping-taxable","16":"purchasable","17":"product-type-simple"},"_links":{"self":[{"href":"https:\/\/www.maziaki.dxc.pl\/index.php?rest_route=\/wp\/v2\/product\/1274","targetHints":{"allow":["GET"]}}],"collection":[{"href":"https:\/\/www.maziaki.dxc.pl\/index.php?rest_route=\/wp\/v2\/product"}],"about":[{"href":"https:\/\/www.maziaki.dxc.pl\/index.php?rest_route=\/wp\/v2\/types\/product"}],"wp:featuredmedia":[{"embeddable":true,"href":"https:\/\/www.maziaki.dxc.pl\/index.php?rest_route=\/wp\/v2\/media\/1275"}],"wp:attachment":[{"href":"https:\/\/www.maziaki.dxc.pl\/index.php?rest_route=%2Fwp%2Fv2%2Fmedia&parent=1274"}],"wp:term":[{"taxonomy":"product_brand","embeddable":true,"href":"https:\/\/www.maziaki.dxc.pl\/index.php?rest_route=%2Fwp%2Fv2%2Fproduct_brand&post=1274"},{"taxonomy":"product_cat","embeddable":true,"href":"https:\/\/www.maziaki.dxc.pl\/index.php?rest_route=%2Fwp%2Fv2%2Fproduct_cat&post=1274"},{"taxonomy":"product_tag","embeddable":true,"href":"https:\/\/www.maziaki.dxc.pl\/index.php?rest_route=%2Fwp%2Fv2%2Fproduct_tag&post=1274"}],"curies":[{"name":"wp","href":"https:\/\/api.w.org\/{rel}","templated":true}]}}