{"id":1261,"date":"2026-03-11T17:10:49","date_gmt":"2026-03-11T16:10:49","guid":{"rendered":"https:\/\/www.maziaki.dxc.pl\/?post_type=product&#038;p=1261"},"modified":"2026-04-17T20:15:20","modified_gmt":"2026-04-17T19:15:20","slug":"giorgio-armani-neo-nude-roz-nr-50-39-ml","status":"publish","type":"product","link":"https:\/\/www.maziaki.dxc.pl\/?product=giorgio-armani-neo-nude-roz-nr-50-39-ml","title":{"rendered":"Giorgio Armani Neo Nude R\u00f3\u017c Nr 50 3,9 ml"},"content":{"rendered":"<p>Giorgio Armani Beauty Neo Nude A-Lines to p\u0142ynny r\u00f3\u017c na bazie wody, kt\u00f3ry b\u0142yskawicznie stapia si\u0119 ze sk\u00f3r\u0105, nadaj\u0105c cerze koloryt pe\u0142en promiennego, zdrowego blasku. A-Lines jest jak akwarela dla Twojej sk\u00f3ry. Neo Nude A-Blush wtapia si\u0119 w sk\u00f3r\u0119 i jest \u0142atwy do budowania, dzi\u0119ki czemu aplikacja jest bardzo prosta. Unikalny, aksamitny aplikator nak\u0142ada i rozprowadza idealn\u0105 ilo\u015b\u0107 formu\u0142y za ka\u017cdym razem.<\/p>\n","protected":false},"excerpt":{"rendered":"<p>Giorgio Armani Beauty Neo Nude A-Lines to p\u0142ynny r\u00f3\u017c na bazie wody, kt\u00f3ry b\u0142yskawicznie stapia si\u0119 ze sk\u00f3r\u0105, nadaj\u0105c cerze [&hellip;]<\/p>\n","protected":false},"featured_media":1262,"template":"","meta":{"site-sidebar-layout":"default","site-content-layout":"","ast-site-content-layout":"default","site-content-style":"default","site-sidebar-style":"default","ast-global-header-display":"","ast-banner-title-visibility":"","ast-main-header-display":"","ast-hfb-above-header-display":"","ast-hfb-below-header-display":"","ast-hfb-mobile-header-display":"","site-post-title":"","ast-breadcrumbs-content":"","ast-featured-img":"","footer-sml-layout":"","ast-disable-related-posts":"","theme-transparent-header-meta":"default","adv-header-id-meta":"","stick-header-meta":"","header-above-stick-meta":"","header-main-stick-meta":"","header-below-stick-meta":"","astra-migrate-meta-layouts":"set","ast-page-background-enabled":"default","ast-page-background-meta":{"desktop":{"background-color":"var(--ast-global-color-5)","background-image":"","background-repeat":"repeat","background-position":"center center","background-size":"auto","background-attachment":"scroll","background-type":"","background-media":"","overlay-type":"","overlay-color":"","overlay-opacity":"","overlay-gradient":""},"tablet":{"background-color":"","background-image":"","background-repeat":"repeat","background-position":"center center","background-size":"auto","background-attachment":"scroll","background-type":"","background-media":"","overlay-type":"","overlay-color":"","overlay-opacity":"","overlay-gradient":""},"mobile":{"background-color":"","background-image":"","background-repeat":"repeat","background-position":"center center","background-size":"auto","background-attachment":"scroll","background-type":"","background-media":"","overlay-type":"","overlay-color":"","overlay-opacity":"","overlay-gradient":""}},"ast-content-background-meta":{"desktop":{"background-color":"var(--ast-global-color-4)","background-image":"","background-repeat":"repeat","background-position":"center center","background-size":"auto","background-attachment":"scroll","background-type":"","background-media":"","overlay-type":"","overlay-color":"","overlay-opacity":"","overlay-gradient":""},"tablet":{"background-color":"var(--ast-global-color-4)","background-image":"","background-repeat":"repeat","background-position":"center center","background-size":"auto","background-attachment":"scroll","background-type":"","background-media":"","overlay-type":"","overlay-color":"","overlay-opacity":"","overlay-gradient":""},"mobile":{"background-color":"var(--ast-global-color-4)","background-image":"","background-repeat":"repeat","background-position":"center center","background-size":"auto","background-attachment":"scroll","background-type":"","background-media":"","overlay-type":"","overlay-color":"","overlay-opacity":"","overlay-gradient":""}}},"product_brand":[119],"product_cat":[40],"product_tag":[],"class_list":{"0":"post-1261","1":"product","2":"type-product","3":"status-publish","4":"has-post-thumbnail","6":"product_brand-armani","7":"product_cat-roz","8":"desktop-align-left","9":"tablet-align-left","10":"mobile-align-left","12":"first","13":"instock","14":"taxable","15":"shipping-taxable","16":"purchasable","17":"product-type-simple"},"_links":{"self":[{"href":"https:\/\/www.maziaki.dxc.pl\/index.php?rest_route=\/wp\/v2\/product\/1261","targetHints":{"allow":["GET"]}}],"collection":[{"href":"https:\/\/www.maziaki.dxc.pl\/index.php?rest_route=\/wp\/v2\/product"}],"about":[{"href":"https:\/\/www.maziaki.dxc.pl\/index.php?rest_route=\/wp\/v2\/types\/product"}],"wp:featuredmedia":[{"embeddable":true,"href":"https:\/\/www.maziaki.dxc.pl\/index.php?rest_route=\/wp\/v2\/media\/1262"}],"wp:attachment":[{"href":"https:\/\/www.maziaki.dxc.pl\/index.php?rest_route=%2Fwp%2Fv2%2Fmedia&parent=1261"}],"wp:term":[{"taxonomy":"product_brand","embeddable":true,"href":"https:\/\/www.maziaki.dxc.pl\/index.php?rest_route=%2Fwp%2Fv2%2Fproduct_brand&post=1261"},{"taxonomy":"product_cat","embeddable":true,"href":"https:\/\/www.maziaki.dxc.pl\/index.php?rest_route=%2Fwp%2Fv2%2Fproduct_cat&post=1261"},{"taxonomy":"product_tag","embeddable":true,"href":"https:\/\/www.maziaki.dxc.pl\/index.php?rest_route=%2Fwp%2Fv2%2Fproduct_tag&post=1261"}],"curies":[{"name":"wp","href":"https:\/\/api.w.org\/{rel}","templated":true}]}}