{"id":1241,"date":"2026-03-11T16:41:04","date_gmt":"2026-03-11T15:41:04","guid":{"rendered":"https:\/\/www.maziaki.dxc.pl\/?post_type=product&#038;p=1241"},"modified":"2026-04-16T13:58:16","modified_gmt":"2026-04-16T12:58:16","slug":"giorgio-armani-code-parfum-refill-150ml","status":"publish","type":"product","link":"https:\/\/www.maziaki.dxc.pl\/?product=giorgio-armani-code-parfum-refill-150ml","title":{"rendered":"Giorgio Armani CODE PARFUM refill 150ml"},"content":{"rendered":"<p>Giorgio Armani Code Parfum Refill 150ml to uzupe\u0142nienie do kultowego perfumu Armani Code Parfum. Jest to wygodne rozwi\u0105zanie dla os\u00f3b, kt\u00f3re chc\u0105 cieszy\u0107 si\u0119 swoim ulubionym zapachem na d\u0142u\u017cej, jednocze\u015bnie dbaj\u0105c o \u015brodowisko i oszcz\u0119dzaj\u0105c na zakupie nowej butelki. Uzupe\u0142niacz o pojemno\u015bci 150 ml pozwala na \u0142atwe i czyste nape\u0142nienie oryginalnego flakonu, zapewniaj\u0105c zachowanie pe\u0142nej jako\u015bci i intensywno\u015bci aromatu.<\/p>\n<p>Giorgio Armani Code Parfum to\u00a0<b>orientalno-drzewny<\/b>\u00a0zapach, kt\u00f3ry jest elegancki, zmys\u0142owy i wyrafinowany. W nutach g\u0142owy dominuj\u0105\u00a0<b>cytrusy<\/b>\u00a0i\u00a0<b>przyprawy,<\/b>\u00a0w sercu znajdziemy\u00a0<b>kwiatowe akcenty,<\/b>\u00a0a baza to g\u0142\u00f3wnie\u00a0<b>drzewne<\/b>\u00a0i\u00a0<b>orientalne<\/b>\u00a0nuty, kt\u00f3re d\u0142ugo utrzymuj\u0105 si\u0119 na sk\u00f3rze.<\/p>\n<p><iframe loading=\"lazy\" title=\"YouTube video player\" src=\"https:\/\/www.youtube.com\/embed\/bIJ4nEwFb-E?si=Y8JahdlFCFAzkncO\" width=\"560\" height=\"315\" frameborder=\"0\" allowfullscreen=\"allowfullscreen\"><\/iframe><\/p>\n","protected":false},"excerpt":{"rendered":"<p>Giorgio Armani Code Parfum Refill 150ml to uzupe\u0142nienie do kultowego perfumu Armani Code Parfum. Jest to wygodne rozwi\u0105zanie dla os\u00f3b, [&hellip;]<\/p>\n","protected":false},"featured_media":1242,"template":"","meta":{"site-sidebar-layout":"default","site-content-layout":"","ast-site-content-layout":"default","site-content-style":"default","site-sidebar-style":"default","ast-global-header-display":"","ast-banner-title-visibility":"","ast-main-header-display":"","ast-hfb-above-header-display":"","ast-hfb-below-header-display":"","ast-hfb-mobile-header-display":"","site-post-title":"","ast-breadcrumbs-content":"","ast-featured-img":"","footer-sml-layout":"","ast-disable-related-posts":"","theme-transparent-header-meta":"default","adv-header-id-meta":"","stick-header-meta":"","header-above-stick-meta":"","header-main-stick-meta":"","header-below-stick-meta":"","astra-migrate-meta-layouts":"set","ast-page-background-enabled":"default","ast-page-background-meta":{"desktop":{"background-color":"var(--ast-global-color-5)","background-image":"","background-repeat":"repeat","background-position":"center center","background-size":"auto","background-attachment":"scroll","background-type":"","background-media":"","overlay-type":"","overlay-color":"","overlay-opacity":"","overlay-gradient":""},"tablet":{"background-color":"","background-image":"","background-repeat":"repeat","background-position":"center center","background-size":"auto","background-attachment":"scroll","background-type":"","background-media":"","overlay-type":"","overlay-color":"","overlay-opacity":"","overlay-gradient":""},"mobile":{"background-color":"","background-image":"","background-repeat":"repeat","background-position":"center center","background-size":"auto","background-attachment":"scroll","background-type":"","background-media":"","overlay-type":"","overlay-color":"","overlay-opacity":"","overlay-gradient":""}},"ast-content-background-meta":{"desktop":{"background-color":"var(--ast-global-color-4)","background-image":"","background-repeat":"repeat","background-position":"center center","background-size":"auto","background-attachment":"scroll","background-type":"","background-media":"","overlay-type":"","overlay-color":"","overlay-opacity":"","overlay-gradient":""},"tablet":{"background-color":"var(--ast-global-color-4)","background-image":"","background-repeat":"repeat","background-position":"center center","background-size":"auto","background-attachment":"scroll","background-type":"","background-media":"","overlay-type":"","overlay-color":"","overlay-opacity":"","overlay-gradient":""},"mobile":{"background-color":"var(--ast-global-color-4)","background-image":"","background-repeat":"repeat","background-position":"center center","background-size":"auto","background-attachment":"scroll","background-type":"","background-media":"","overlay-type":"","overlay-color":"","overlay-opacity":"","overlay-gradient":""}}},"product_brand":[119],"product_cat":[110,25],"product_tag":[],"class_list":{"0":"post-1241","1":"product","2":"type-product","3":"status-publish","4":"has-post-thumbnail","6":"product_brand-armani","7":"product_cat-dla-niego","8":"product_cat-perfumy","9":"desktop-align-left","10":"tablet-align-left","11":"mobile-align-left","13":"first","14":"instock","15":"taxable","16":"shipping-taxable","17":"purchasable","18":"product-type-simple"},"_links":{"self":[{"href":"https:\/\/www.maziaki.dxc.pl\/index.php?rest_route=\/wp\/v2\/product\/1241","targetHints":{"allow":["GET"]}}],"collection":[{"href":"https:\/\/www.maziaki.dxc.pl\/index.php?rest_route=\/wp\/v2\/product"}],"about":[{"href":"https:\/\/www.maziaki.dxc.pl\/index.php?rest_route=\/wp\/v2\/types\/product"}],"wp:featuredmedia":[{"embeddable":true,"href":"https:\/\/www.maziaki.dxc.pl\/index.php?rest_route=\/wp\/v2\/media\/1242"}],"wp:attachment":[{"href":"https:\/\/www.maziaki.dxc.pl\/index.php?rest_route=%2Fwp%2Fv2%2Fmedia&parent=1241"}],"wp:term":[{"taxonomy":"product_brand","embeddable":true,"href":"https:\/\/www.maziaki.dxc.pl\/index.php?rest_route=%2Fwp%2Fv2%2Fproduct_brand&post=1241"},{"taxonomy":"product_cat","embeddable":true,"href":"https:\/\/www.maziaki.dxc.pl\/index.php?rest_route=%2Fwp%2Fv2%2Fproduct_cat&post=1241"},{"taxonomy":"product_tag","embeddable":true,"href":"https:\/\/www.maziaki.dxc.pl\/index.php?rest_route=%2Fwp%2Fv2%2Fproduct_tag&post=1241"}],"curies":[{"name":"wp","href":"https:\/\/api.w.org\/{rel}","templated":true}]}}