{"id":1136,"date":"2025-11-26T19:00:47","date_gmt":"2025-11-26T18:00:47","guid":{"rendered":"https:\/\/www.maziaki.dxc.pl\/?post_type=product&#038;p=1136"},"modified":"2025-11-26T19:04:42","modified_gmt":"2025-11-26T18:04:42","slug":"lancome-renergie-h-c-f-triple-serum-50-ml","status":"publish","type":"product","link":"https:\/\/www.maziaki.dxc.pl\/?product=lancome-renergie-h-c-f-triple-serum-50-ml","title":{"rendered":"Lanc\u00f4me R\u00e9nergie H.C.F. Triple Serum 50 ml"},"content":{"rendered":"<p>Serum o potr\u00f3jnej dawce, aby poprawi\u0107 utrat\u0119 obj\u0119to\u015bci, widocznie zmniejszy\u0107 zmarszczki i rozja\u015bni\u0107 ciemne plamy.<\/p>\n<p>Ekspercka kombinacja pot\u0119\u017cnych sk\u0142adnik\u00f3w w tej formule, reprezentowana przez nazw\u0119 H.C.F. (kwas hialuronowy, witamina C + niacynamid i kwas ferulowy) ma na celu zapewnienie optymalnych korzy\u015bci przeciwstarzeniowych w jednej potr\u00f3jnej dawce. Ma na celu widoczn\u0105 popraw\u0119 oznak starzenia, warstwa po warstwie: warstwa 1 &#8211; utrat\u0119 obj\u0119to\u015bci, warstwa 2 &#8211; zmarszczki i warstwa 3 &#8211; ciemne plamy.<\/p>\n<p>Renergie H.C.F serum to prze\u0142omowa innowacja, kt\u00f3ra wyznacza now\u0105 er\u0119 wysokowydajnej piel\u0119gnacji sk\u00f3ry Lancome. Dzi\u0119ki unikalnemu tr\u00f3jkomorowemu opakowaniu i mistrzowskiemu po\u0142\u0105czeniu sk\u0142adnik\u00f3w, rewolucyjne serum przeciwstarzeniowe zapewnia idealn\u0105 r\u00f3wnowag\u0119 mi\u0119dzy wysok\u0105 skuteczno\u015bci\u0105, a jednoczesnym zapewnieniem delikatnych i piel\u0119gnuj\u0105cych dozna\u0144 dla sk\u00f3ry.<\/p>\n<p><iframe loading=\"lazy\" title=\"YouTube video player\" src=\"https:\/\/www.youtube.com\/embed\/QawuxPOKoVg?si=WsBYsxSJQ4pNnk1p\" width=\"100%\" height=\"500\" frameborder=\"0\" allowfullscreen=\"allowfullscreen\"><\/iframe><\/p>\n","protected":false},"excerpt":{"rendered":"<p>Serum o potr\u00f3jnej dawce, aby poprawi\u0107 utrat\u0119 obj\u0119to\u015bci, widocznie zmniejszy\u0107 zmarszczki i rozja\u015bni\u0107 ciemne plamy. Ekspercka kombinacja pot\u0119\u017cnych sk\u0142adnik\u00f3w w [&hellip;]<\/p>\n","protected":false},"featured_media":1137,"template":"","meta":{"site-sidebar-layout":"default","site-content-layout":"","ast-site-content-layout":"default","site-content-style":"default","site-sidebar-style":"default","ast-global-header-display":"","ast-banner-title-visibility":"","ast-main-header-display":"","ast-hfb-above-header-display":"","ast-hfb-below-header-display":"","ast-hfb-mobile-header-display":"","site-post-title":"","ast-breadcrumbs-content":"","ast-featured-img":"","footer-sml-layout":"","ast-disable-related-posts":"","theme-transparent-header-meta":"default","adv-header-id-meta":"","stick-header-meta":"","header-above-stick-meta":"","header-main-stick-meta":"","header-below-stick-meta":"","astra-migrate-meta-layouts":"set","ast-page-background-enabled":"default","ast-page-background-meta":{"desktop":{"background-color":"var(--ast-global-color-5)","background-image":"","background-repeat":"repeat","background-position":"center center","background-size":"auto","background-attachment":"scroll","background-type":"","background-media":"","overlay-type":"","overlay-color":"","overlay-opacity":"","overlay-gradient":""},"tablet":{"background-color":"","background-image":"","background-repeat":"repeat","background-position":"center center","background-size":"auto","background-attachment":"scroll","background-type":"","background-media":"","overlay-type":"","overlay-color":"","overlay-opacity":"","overlay-gradient":""},"mobile":{"background-color":"","background-image":"","background-repeat":"repeat","background-position":"center center","background-size":"auto","background-attachment":"scroll","background-type":"","background-media":"","overlay-type":"","overlay-color":"","overlay-opacity":"","overlay-gradient":""}},"ast-content-background-meta":{"desktop":{"background-color":"var(--ast-global-color-4)","background-image":"","background-repeat":"repeat","background-position":"center center","background-size":"auto","background-attachment":"scroll","background-type":"","background-media":"","overlay-type":"","overlay-color":"","overlay-opacity":"","overlay-gradient":""},"tablet":{"background-color":"var(--ast-global-color-4)","background-image":"","background-repeat":"repeat","background-position":"center center","background-size":"auto","background-attachment":"scroll","background-type":"","background-media":"","overlay-type":"","overlay-color":"","overlay-opacity":"","overlay-gradient":""},"mobile":{"background-color":"var(--ast-global-color-4)","background-image":"","background-repeat":"repeat","background-position":"center center","background-size":"auto","background-attachment":"scroll","background-type":"","background-media":"","overlay-type":"","overlay-color":"","overlay-opacity":"","overlay-gradient":""}}},"product_brand":[120],"product_cat":[32,49],"product_tag":[],"class_list":{"0":"post-1136","1":"product","2":"type-product","3":"status-publish","4":"has-post-thumbnail","6":"product_brand-lancome","7":"product_cat-serum","8":"product_cat-zestaw","9":"desktop-align-left","10":"tablet-align-left","11":"mobile-align-left","13":"first","14":"instock","15":"taxable","16":"shipping-taxable","17":"purchasable","18":"product-type-simple"},"_links":{"self":[{"href":"https:\/\/www.maziaki.dxc.pl\/index.php?rest_route=\/wp\/v2\/product\/1136","targetHints":{"allow":["GET"]}}],"collection":[{"href":"https:\/\/www.maziaki.dxc.pl\/index.php?rest_route=\/wp\/v2\/product"}],"about":[{"href":"https:\/\/www.maziaki.dxc.pl\/index.php?rest_route=\/wp\/v2\/types\/product"}],"wp:featuredmedia":[{"embeddable":true,"href":"https:\/\/www.maziaki.dxc.pl\/index.php?rest_route=\/wp\/v2\/media\/1137"}],"wp:attachment":[{"href":"https:\/\/www.maziaki.dxc.pl\/index.php?rest_route=%2Fwp%2Fv2%2Fmedia&parent=1136"}],"wp:term":[{"taxonomy":"product_brand","embeddable":true,"href":"https:\/\/www.maziaki.dxc.pl\/index.php?rest_route=%2Fwp%2Fv2%2Fproduct_brand&post=1136"},{"taxonomy":"product_cat","embeddable":true,"href":"https:\/\/www.maziaki.dxc.pl\/index.php?rest_route=%2Fwp%2Fv2%2Fproduct_cat&post=1136"},{"taxonomy":"product_tag","embeddable":true,"href":"https:\/\/www.maziaki.dxc.pl\/index.php?rest_route=%2Fwp%2Fv2%2Fproduct_tag&post=1136"}],"curies":[{"name":"wp","href":"https:\/\/api.w.org\/{rel}","templated":true}]}}