{"id":1124,"date":"2025-11-17T20:10:45","date_gmt":"2025-11-17T19:10:45","guid":{"rendered":"https:\/\/www.maziaki.dxc.pl\/?post_type=product&#038;p=1124"},"modified":"2025-11-17T20:10:56","modified_gmt":"2025-11-17T19:10:56","slug":"biotherm-urban-uv-defense-hydration-fluid-spf50-krem-ochronny-30ml","status":"publish","type":"product","link":"https:\/\/www.maziaki.dxc.pl\/?product=biotherm-urban-uv-defense-hydration-fluid-spf50-krem-ochronny-30ml","title":{"rendered":"Biotherm Urban UV Defense Hydration Fluid SPF50+ Krem ochronny, 30ml"},"content":{"rendered":"<h4>Urban UV Defense Hydration Fluid SPF 50+ \u2013 Fluid z filtrem UV, z kt\u00f3rym zadbasz o ochron\u0119 i nawil\u017cenie!<\/h4>\n<p>Po\u0142\u0105czenie bardzo silnej ochrony przed UVA, UVB i d\u0142ugim UVA z lekk\u0105 konsystencj\u0105? To mo\u017cliwe z fluidem ochronnym z filtrem Urban UV Defense Hydration Fluid SPF 50+ od Biotherm! Dzi\u0119ki takim sk\u0142adnikom jak Plankton Termalny i kwas hialuronowy ten krem SPF ma dodatkowo w\u0142a\u015bciwo\u015bci nawil\u017caj\u0105ce i wzmacniaj\u0105ce. Nawil\u017cona i wyg\u0142adzona sk\u00f3ra ju\u017c od 1. u\u017cycia* oraz silna ochrona przeciws\u0142oneczna \u2013 czego chcie\u0107 wi\u0119cej?<\/p>\n<h4>Co wyr\u00f3\u017cnia fluid z filtrem UV Urban UV Defense Hydration Fluid SPF 50+?<\/h4>\n<ul>\n<li>Bardzo silna ochrona UV: Krem z filtrem SPF 50+ chroni przed promieniowaniem UVA, UVB i d\u0142ugim UVA<\/li>\n<li>Ochrona przed agresorami: Kosmetyk chroni sk\u00f3r\u0119 r\u00f3wnie\u017c przed szkodliwymi czynnikami zewn\u0119trznymi, takimi jak zanieczyszczenie powietrza czy wiatr<\/li>\n<li>Nawil\u017cenie i regeneracja: Pot\u0119\u017cny duet sk\u0142adnik\u00f3w aktywnych (Plankton Termalny i kwas hialuronowy) dzia\u0142a nawil\u017caj\u0105co i wyg\u0142adzaj\u0105co<\/li>\n<li>Lekka formu\u0142a: Krem szybko si\u0119 wch\u0142ania i nie lepi, pozostawiaj\u0105c na sk\u00f3rze niewidoczn\u0105 tarcz\u0119 ochronn\u0105<\/li>\n<li>Do wszystkich rodzaj\u00f3w sk\u00f3ry: Kosmetyk z filtrem sprawdzi si\u0119 do piel\u0119gnacji wszystkich typ\u00f3w cery, tak\u017ce wra\u017cliwej<\/li>\n<\/ul>\n<h4>Innowacyjne po\u0142\u0105czenie filtra SPF 50+ i nawil\u017cenia w lekkiej formule:<\/h4>\n<p>Ka\u017cdego dnia chro\u0144 swoj\u0105 sk\u00f3r\u0119 przed szkodliwym dzia\u0142aniem promieniowania UVA i UVB, a tak\u017ce innych czynnik\u00f3w zewn\u0119trznych, a jednocze\u015bnie dbaj o jej dog\u0142\u0119bne nawil\u017cenie! Poznaj fluid ochronny z filtrem SPF 50+ Urban UV Defense Hydration Fluid od Biotherm, kt\u00f3ry w innowacyjny spos\u00f3b \u0142\u0105czy w\u0142a\u015bciwo\u015bci filtr\u00f3w UV, z kwasem hialuronowym i Planktonem Termalnym. Zachwyci Ci\u0119 przy tym lekk\u0105 formu\u0142\u0105, kt\u00f3ra nie pozostawia t\u0142ustego filmu i bia\u0142ych \u015blad\u00f3w. Dbaj o sk\u00f3r\u0119 twarzy z kremem ochronno-nawil\u017caj\u0105cym!<\/p>\n<h4>Spos\u00f3b u\u017cycia:<\/h4>\n<p>Nak\u0142adaj ten filtr z SPF 50+ ka\u017cdego dnia \u2013 jako ostatni etap piel\u0119gnacyjny. Nanie\u015b kosmetyk w dw\u00f3ch oddzielnych liniach na palcu wskazuj\u0105cym i \u015brodkowym (tzw. zasada 2 palc\u00f3w), a p\u00f3\u017aniej rozmie\u015b\u0107 w 8 punktach na twarzy, szyi i uszach. Rozprowad\u017a kolistymi ruchami od \u015brodka twarzy na zewn\u0105trz.<\/p>\n","protected":false},"excerpt":{"rendered":"<p>Urban UV Defense Hydration Fluid SPF 50+ \u2013 Fluid z filtrem UV, z kt\u00f3rym zadbasz o ochron\u0119 i nawil\u017cenie! Po\u0142\u0105czenie [&hellip;]<\/p>\n","protected":false},"featured_media":1125,"template":"","meta":{"site-sidebar-layout":"default","site-content-layout":"","ast-site-content-layout":"default","site-content-style":"default","site-sidebar-style":"default","ast-global-header-display":"","ast-banner-title-visibility":"","ast-main-header-display":"","ast-hfb-above-header-display":"","ast-hfb-below-header-display":"","ast-hfb-mobile-header-display":"","site-post-title":"","ast-breadcrumbs-content":"","ast-featured-img":"","footer-sml-layout":"","ast-disable-related-posts":"","theme-transparent-header-meta":"default","adv-header-id-meta":"","stick-header-meta":"","header-above-stick-meta":"","header-main-stick-meta":"","header-below-stick-meta":"","astra-migrate-meta-layouts":"set","ast-page-background-enabled":"default","ast-page-background-meta":{"desktop":{"background-color":"var(--ast-global-color-5)","background-image":"","background-repeat":"repeat","background-position":"center center","background-size":"auto","background-attachment":"scroll","background-type":"","background-media":"","overlay-type":"","overlay-color":"","overlay-opacity":"","overlay-gradient":""},"tablet":{"background-color":"","background-image":"","background-repeat":"repeat","background-position":"center center","background-size":"auto","background-attachment":"scroll","background-type":"","background-media":"","overlay-type":"","overlay-color":"","overlay-opacity":"","overlay-gradient":""},"mobile":{"background-color":"","background-image":"","background-repeat":"repeat","background-position":"center center","background-size":"auto","background-attachment":"scroll","background-type":"","background-media":"","overlay-type":"","overlay-color":"","overlay-opacity":"","overlay-gradient":""}},"ast-content-background-meta":{"desktop":{"background-color":"var(--ast-global-color-4)","background-image":"","background-repeat":"repeat","background-position":"center center","background-size":"auto","background-attachment":"scroll","background-type":"","background-media":"","overlay-type":"","overlay-color":"","overlay-opacity":"","overlay-gradient":""},"tablet":{"background-color":"var(--ast-global-color-4)","background-image":"","background-repeat":"repeat","background-position":"center center","background-size":"auto","background-attachment":"scroll","background-type":"","background-media":"","overlay-type":"","overlay-color":"","overlay-opacity":"","overlay-gradient":""},"mobile":{"background-color":"var(--ast-global-color-4)","background-image":"","background-repeat":"repeat","background-position":"center center","background-size":"auto","background-attachment":"scroll","background-type":"","background-media":"","overlay-type":"","overlay-color":"","overlay-opacity":"","overlay-gradient":""}}},"product_brand":[128],"product_cat":[26],"product_tag":[],"class_list":{"0":"post-1124","1":"product","2":"type-product","3":"status-publish","4":"has-post-thumbnail","6":"product_brand-biotherm","7":"product_cat-kremy","8":"desktop-align-left","9":"tablet-align-left","10":"mobile-align-left","12":"first","13":"instock","14":"taxable","15":"shipping-taxable","16":"purchasable","17":"product-type-simple"},"_links":{"self":[{"href":"https:\/\/www.maziaki.dxc.pl\/index.php?rest_route=\/wp\/v2\/product\/1124","targetHints":{"allow":["GET"]}}],"collection":[{"href":"https:\/\/www.maziaki.dxc.pl\/index.php?rest_route=\/wp\/v2\/product"}],"about":[{"href":"https:\/\/www.maziaki.dxc.pl\/index.php?rest_route=\/wp\/v2\/types\/product"}],"wp:featuredmedia":[{"embeddable":true,"href":"https:\/\/www.maziaki.dxc.pl\/index.php?rest_route=\/wp\/v2\/media\/1125"}],"wp:attachment":[{"href":"https:\/\/www.maziaki.dxc.pl\/index.php?rest_route=%2Fwp%2Fv2%2Fmedia&parent=1124"}],"wp:term":[{"taxonomy":"product_brand","embeddable":true,"href":"https:\/\/www.maziaki.dxc.pl\/index.php?rest_route=%2Fwp%2Fv2%2Fproduct_brand&post=1124"},{"taxonomy":"product_cat","embeddable":true,"href":"https:\/\/www.maziaki.dxc.pl\/index.php?rest_route=%2Fwp%2Fv2%2Fproduct_cat&post=1124"},{"taxonomy":"product_tag","embeddable":true,"href":"https:\/\/www.maziaki.dxc.pl\/index.php?rest_route=%2Fwp%2Fv2%2Fproduct_tag&post=1124"}],"curies":[{"name":"wp","href":"https:\/\/api.w.org\/{rel}","templated":true}]}}