{"id":1117,"date":"2025-11-17T19:58:45","date_gmt":"2025-11-17T18:58:45","guid":{"rendered":"https:\/\/www.maziaki.dxc.pl\/?post_type=product&#038;p=1117"},"modified":"2025-11-28T20:15:06","modified_gmt":"2025-11-28T19:15:06","slug":"vichy-dercos-szampon-przeciwlupiezowy-do-skory-wrazliwej-200ml","status":"publish","type":"product","link":"https:\/\/www.maziaki.dxc.pl\/?product=vichy-dercos-szampon-przeciwlupiezowy-do-skory-wrazliwej-200ml","title":{"rendered":"Vichy Dercos szampon przeciw\u0142upie\u017cowy do sk\u00f3ry wra\u017cliwej 200ml"},"content":{"rendered":"<p>Objawom \u0142upie\u017cu mo\u017ce towarzyszy\u0107 dyskomfort sk\u00f3ry g\u0142owy, w tym podra\u017cnienie oraz uczucie sw\u0119dzenia. Szampon Dercos to formu\u0142a, kt\u00f3ra \u0142agodzi sk\u00f3r\u0119 g\u0142owy i jednocze\u015bnie eliminuje \u0142upie\u017c ju\u017c od pierwszego u\u017cycia. Zapobiega nawrotom \u0142upie\u017cu do 6 tygodni po zako\u0144czeniu stosowania. W\u0142osy staj\u0105 si\u0119 b\u0142yszcz\u0105ce i mi\u0119kkie. Zapobiega nawrotom \u0142upie\u017cu do 6 tygodni po zako\u0144czeniu stosowania.<\/p>\n<p>exp:01\/2027<\/p>\n","protected":false},"excerpt":{"rendered":"<p>Objawom \u0142upie\u017cu mo\u017ce towarzyszy\u0107 dyskomfort sk\u00f3ry g\u0142owy, w tym podra\u017cnienie oraz uczucie sw\u0119dzenia. Szampon Dercos to formu\u0142a, kt\u00f3ra \u0142agodzi sk\u00f3r\u0119 [&hellip;]<\/p>\n","protected":false},"featured_media":1122,"template":"","meta":{"site-sidebar-layout":"default","site-content-layout":"","ast-site-content-layout":"default","site-content-style":"default","site-sidebar-style":"default","ast-global-header-display":"","ast-banner-title-visibility":"","ast-main-header-display":"","ast-hfb-above-header-display":"","ast-hfb-below-header-display":"","ast-hfb-mobile-header-display":"","site-post-title":"","ast-breadcrumbs-content":"","ast-featured-img":"","footer-sml-layout":"","ast-disable-related-posts":"","theme-transparent-header-meta":"default","adv-header-id-meta":"","stick-header-meta":"","header-above-stick-meta":"","header-main-stick-meta":"","header-below-stick-meta":"","astra-migrate-meta-layouts":"set","ast-page-background-enabled":"default","ast-page-background-meta":{"desktop":{"background-color":"var(--ast-global-color-5)","background-image":"","background-repeat":"repeat","background-position":"center center","background-size":"auto","background-attachment":"scroll","background-type":"","background-media":"","overlay-type":"","overlay-color":"","overlay-opacity":"","overlay-gradient":""},"tablet":{"background-color":"","background-image":"","background-repeat":"repeat","background-position":"center center","background-size":"auto","background-attachment":"scroll","background-type":"","background-media":"","overlay-type":"","overlay-color":"","overlay-opacity":"","overlay-gradient":""},"mobile":{"background-color":"","background-image":"","background-repeat":"repeat","background-position":"center center","background-size":"auto","background-attachment":"scroll","background-type":"","background-media":"","overlay-type":"","overlay-color":"","overlay-opacity":"","overlay-gradient":""}},"ast-content-background-meta":{"desktop":{"background-color":"var(--ast-global-color-4)","background-image":"","background-repeat":"repeat","background-position":"center center","background-size":"auto","background-attachment":"scroll","background-type":"","background-media":"","overlay-type":"","overlay-color":"","overlay-opacity":"","overlay-gradient":""},"tablet":{"background-color":"var(--ast-global-color-4)","background-image":"","background-repeat":"repeat","background-position":"center center","background-size":"auto","background-attachment":"scroll","background-type":"","background-media":"","overlay-type":"","overlay-color":"","overlay-opacity":"","overlay-gradient":""},"mobile":{"background-color":"var(--ast-global-color-4)","background-image":"","background-repeat":"repeat","background-position":"center center","background-size":"auto","background-attachment":"scroll","background-type":"","background-media":"","overlay-type":"","overlay-color":"","overlay-opacity":"","overlay-gradient":""}}},"product_brand":[117],"product_cat":[33],"product_tag":[],"class_list":{"0":"post-1117","1":"product","2":"type-product","3":"status-publish","4":"has-post-thumbnail","6":"product_brand-vichy","7":"product_cat-szampon","8":"desktop-align-left","9":"tablet-align-left","10":"mobile-align-left","12":"first","13":"instock","14":"taxable","15":"shipping-taxable","16":"purchasable","17":"product-type-simple"},"_links":{"self":[{"href":"https:\/\/www.maziaki.dxc.pl\/index.php?rest_route=\/wp\/v2\/product\/1117","targetHints":{"allow":["GET"]}}],"collection":[{"href":"https:\/\/www.maziaki.dxc.pl\/index.php?rest_route=\/wp\/v2\/product"}],"about":[{"href":"https:\/\/www.maziaki.dxc.pl\/index.php?rest_route=\/wp\/v2\/types\/product"}],"wp:featuredmedia":[{"embeddable":true,"href":"https:\/\/www.maziaki.dxc.pl\/index.php?rest_route=\/wp\/v2\/media\/1122"}],"wp:attachment":[{"href":"https:\/\/www.maziaki.dxc.pl\/index.php?rest_route=%2Fwp%2Fv2%2Fmedia&parent=1117"}],"wp:term":[{"taxonomy":"product_brand","embeddable":true,"href":"https:\/\/www.maziaki.dxc.pl\/index.php?rest_route=%2Fwp%2Fv2%2Fproduct_brand&post=1117"},{"taxonomy":"product_cat","embeddable":true,"href":"https:\/\/www.maziaki.dxc.pl\/index.php?rest_route=%2Fwp%2Fv2%2Fproduct_cat&post=1117"},{"taxonomy":"product_tag","embeddable":true,"href":"https:\/\/www.maziaki.dxc.pl\/index.php?rest_route=%2Fwp%2Fv2%2Fproduct_tag&post=1117"}],"curies":[{"name":"wp","href":"https:\/\/api.w.org\/{rel}","templated":true}]}}