{"id":1110,"date":"2025-11-14T17:20:50","date_gmt":"2025-11-14T16:20:50","guid":{"rendered":"https:\/\/www.maziaki.dxc.pl\/?post_type=product&#038;p=1110"},"modified":"2025-11-26T19:20:34","modified_gmt":"2025-11-26T18:20:34","slug":"prada-candy-night-80ml-woda-perfumowana-tester","status":"publish","type":"product","link":"https:\/\/www.maziaki.dxc.pl\/?product=prada-candy-night-80ml-woda-perfumowana-tester","title":{"rendered":"Prada Candy Night 80ml woda perfumowana (tester)"},"content":{"rendered":"<p>Prada Candy Night jest najnowszym zapachem dost\u0119pnym w ramach linii Prada Candy, oferowanym w sprzeda\u017cy pocz\u0105wszy od marca 2019r. Od m\u0142odej dziewczyny, po urzekaj\u0105c\u0105 i niezale\u017cn\u0105 kobiet\u0119 Prady &#8211; Prada Candy Night oferuje \u017cywio\u0142ow\u0105, uwodzicielsk\u0105 i zmys\u0142ow\u0105 kompozycj\u0119, &#8222;powa\u017cniejsz\u0105&#8221; na tle swoich poprzedniczek.<br \/>\nGourmandowa kompozycja najnowszej edycji zosta\u0142a opracowana z nut esencji pomara\u0144czy, kakao, czekolady, karmelu, wanilii i bia\u0142ego pi\u017cma.<\/p>\n<p><iframe loading=\"lazy\" title=\"YouTube video player\" src=\"https:\/\/www.youtube.com\/embed\/R0UbLFJpfL0?si=B03Gv2tK_3Pev3vd\" width=\"100%\" height=\"500\" frameborder=\"0\" allowfullscreen=\"allowfullscreen\"><\/iframe><\/p>\n<p><strong>Uwaga: Prezentowany produkt wyst\u0119puje w wersji Tester.<\/strong><br \/>\nTestery to pe\u0142nowarto\u015bciowe, oryginalne wersje produkt\u00f3w, kt\u00f3re r\u00f3\u017cni\u0105 si\u0119 od klasycznych wersji opakowaniem. Najcz\u0119\u015bciej zapakowane s\u0105 w oferowane przez producent\u00f3w danych marek niezafoliowane, tekturowe pude\u0142ka w kolorze szarym lub bia\u0142ym. Zdarza si\u0119, \u017ce nie posiadaj\u0105 pude\u0142ka. Butelka perfum nie r\u00f3\u017cni si\u0119 od tej w klasycznej wersji produktu, ale mo\u017ce nie posiada\u0107 korka na atomizerze. Na butelce i pude\u0142ku mo\u017ce znajdowa\u0107 si\u0119 napis tester.<\/p>\n","protected":false},"excerpt":{"rendered":"<p>Prada Candy Night jest najnowszym zapachem dost\u0119pnym w ramach linii Prada Candy, oferowanym w sprzeda\u017cy pocz\u0105wszy od marca 2019r. Od [&hellip;]<\/p>\n","protected":false},"featured_media":1111,"template":"","meta":{"site-sidebar-layout":"default","site-content-layout":"","ast-site-content-layout":"default","site-content-style":"default","site-sidebar-style":"default","ast-global-header-display":"","ast-banner-title-visibility":"","ast-main-header-display":"","ast-hfb-above-header-display":"","ast-hfb-below-header-display":"","ast-hfb-mobile-header-display":"","site-post-title":"","ast-breadcrumbs-content":"","ast-featured-img":"","footer-sml-layout":"","ast-disable-related-posts":"","theme-transparent-header-meta":"default","adv-header-id-meta":"","stick-header-meta":"","header-above-stick-meta":"","header-main-stick-meta":"","header-below-stick-meta":"","astra-migrate-meta-layouts":"set","ast-page-background-enabled":"default","ast-page-background-meta":{"desktop":{"background-color":"var(--ast-global-color-5)","background-image":"","background-repeat":"repeat","background-position":"center center","background-size":"auto","background-attachment":"scroll","background-type":"","background-media":"","overlay-type":"","overlay-color":"","overlay-opacity":"","overlay-gradient":""},"tablet":{"background-color":"","background-image":"","background-repeat":"repeat","background-position":"center center","background-size":"auto","background-attachment":"scroll","background-type":"","background-media":"","overlay-type":"","overlay-color":"","overlay-opacity":"","overlay-gradient":""},"mobile":{"background-color":"","background-image":"","background-repeat":"repeat","background-position":"center center","background-size":"auto","background-attachment":"scroll","background-type":"","background-media":"","overlay-type":"","overlay-color":"","overlay-opacity":"","overlay-gradient":""}},"ast-content-background-meta":{"desktop":{"background-color":"var(--ast-global-color-4)","background-image":"","background-repeat":"repeat","background-position":"center center","background-size":"auto","background-attachment":"scroll","background-type":"","background-media":"","overlay-type":"","overlay-color":"","overlay-opacity":"","overlay-gradient":""},"tablet":{"background-color":"var(--ast-global-color-4)","background-image":"","background-repeat":"repeat","background-position":"center center","background-size":"auto","background-attachment":"scroll","background-type":"","background-media":"","overlay-type":"","overlay-color":"","overlay-opacity":"","overlay-gradient":""},"mobile":{"background-color":"var(--ast-global-color-4)","background-image":"","background-repeat":"repeat","background-position":"center center","background-size":"auto","background-attachment":"scroll","background-type":"","background-media":"","overlay-type":"","overlay-color":"","overlay-opacity":"","overlay-gradient":""}}},"product_brand":[121],"product_cat":[109,25],"product_tag":[],"class_list":{"0":"post-1110","1":"product","2":"type-product","3":"status-publish","4":"has-post-thumbnail","6":"product_brand-prada","7":"product_cat-dla-niej","8":"product_cat-perfumy","9":"desktop-align-left","10":"tablet-align-left","11":"mobile-align-left","13":"first","14":"instock","15":"taxable","16":"shipping-taxable","17":"purchasable","18":"product-type-simple"},"_links":{"self":[{"href":"https:\/\/www.maziaki.dxc.pl\/index.php?rest_route=\/wp\/v2\/product\/1110","targetHints":{"allow":["GET"]}}],"collection":[{"href":"https:\/\/www.maziaki.dxc.pl\/index.php?rest_route=\/wp\/v2\/product"}],"about":[{"href":"https:\/\/www.maziaki.dxc.pl\/index.php?rest_route=\/wp\/v2\/types\/product"}],"wp:featuredmedia":[{"embeddable":true,"href":"https:\/\/www.maziaki.dxc.pl\/index.php?rest_route=\/wp\/v2\/media\/1111"}],"wp:attachment":[{"href":"https:\/\/www.maziaki.dxc.pl\/index.php?rest_route=%2Fwp%2Fv2%2Fmedia&parent=1110"}],"wp:term":[{"taxonomy":"product_brand","embeddable":true,"href":"https:\/\/www.maziaki.dxc.pl\/index.php?rest_route=%2Fwp%2Fv2%2Fproduct_brand&post=1110"},{"taxonomy":"product_cat","embeddable":true,"href":"https:\/\/www.maziaki.dxc.pl\/index.php?rest_route=%2Fwp%2Fv2%2Fproduct_cat&post=1110"},{"taxonomy":"product_tag","embeddable":true,"href":"https:\/\/www.maziaki.dxc.pl\/index.php?rest_route=%2Fwp%2Fv2%2Fproduct_tag&post=1110"}],"curies":[{"name":"wp","href":"https:\/\/api.w.org\/{rel}","templated":true}]}}