{"id":1106,"date":"2025-11-14T17:13:38","date_gmt":"2025-11-14T16:13:38","guid":{"rendered":"https:\/\/www.maziaki.dxc.pl\/?post_type=product&#038;p=1106"},"modified":"2025-11-26T19:21:35","modified_gmt":"2025-11-26T18:21:35","slug":"lancome-idole-aura-woda-perfumowana-50ml","status":"publish","type":"product","link":"https:\/\/www.maziaki.dxc.pl\/?product=lancome-idole-aura-woda-perfumowana-50ml","title":{"rendered":"Lanc\u00f4me Id\u00f4le Aura woda perfumowana 50ml"},"content":{"rendered":"<p>Perfumy Lanc\u00f4me Id\u00f4le Aura to nowy ol\u015bniewaj\u0105cy totem mocy, wyj\u0105tkowy bukiet zapachowy jak \u017caden inny. To zapach, kt\u00f3ry uosabia pot\u0119\u017cn\u0105 aur\u0119 tkwi\u0105c\u0105 w ka\u017cdej kobiecie. Id\u00f4le Aura Lanc\u00f4me jest zamkni\u0119ty w najcie\u0144szym, a jednocze\u015bnie najmocniejszym flakonie.<\/p>\n<p>W centrum tego symbolu zbiorowego sukcesu, \u015bwietlista, z\u0142ocistor\u00f3\u017cowa aureola ods\u0142ania ciep\u0142e metaliczne serce, wibruj\u0105ce energi\u0105 jak promienie s\u0142oneczne promieniuj\u0105ce z nuty flakonu. Aura, kt\u00f3ra pochodzi z wn\u0119trza, zosta\u0142a wzmocniona bia\u0142\u0105 opalizuj\u0105c\u0105 aureol\u0105 z g\u0142owy zapachu.<\/p>\n<p>Nuty zapachowe:<br \/>\nNuta g\u0142owy: s\u00f3l, r\u00f3\u017ca<br \/>\nNuta serca: ja\u015bmin<br \/>\nNuta bazy: wanilia, pi\u017cmo<\/p>\n<p><iframe loading=\"lazy\" title=\"YouTube video player\" src=\"https:\/\/www.youtube.com\/embed\/ywGexPlxm18?si=AN1I_Nc7umraEGaY\" width=\"100%\" height=\"500\" frameborder=\"0\" allowfullscreen=\"allowfullscreen\"><\/iframe><\/p>\n","protected":false},"excerpt":{"rendered":"<p>Perfumy Lanc\u00f4me Id\u00f4le Aura to nowy ol\u015bniewaj\u0105cy totem mocy, wyj\u0105tkowy bukiet zapachowy jak \u017caden inny. To zapach, kt\u00f3ry uosabia pot\u0119\u017cn\u0105 [&hellip;]<\/p>\n","protected":false},"featured_media":1107,"template":"","meta":{"site-sidebar-layout":"default","site-content-layout":"","ast-site-content-layout":"default","site-content-style":"default","site-sidebar-style":"default","ast-global-header-display":"","ast-banner-title-visibility":"","ast-main-header-display":"","ast-hfb-above-header-display":"","ast-hfb-below-header-display":"","ast-hfb-mobile-header-display":"","site-post-title":"","ast-breadcrumbs-content":"","ast-featured-img":"","footer-sml-layout":"","ast-disable-related-posts":"","theme-transparent-header-meta":"default","adv-header-id-meta":"","stick-header-meta":"","header-above-stick-meta":"","header-main-stick-meta":"","header-below-stick-meta":"","astra-migrate-meta-layouts":"set","ast-page-background-enabled":"default","ast-page-background-meta":{"desktop":{"background-color":"var(--ast-global-color-5)","background-image":"","background-repeat":"repeat","background-position":"center center","background-size":"auto","background-attachment":"scroll","background-type":"","background-media":"","overlay-type":"","overlay-color":"","overlay-opacity":"","overlay-gradient":""},"tablet":{"background-color":"","background-image":"","background-repeat":"repeat","background-position":"center center","background-size":"auto","background-attachment":"scroll","background-type":"","background-media":"","overlay-type":"","overlay-color":"","overlay-opacity":"","overlay-gradient":""},"mobile":{"background-color":"","background-image":"","background-repeat":"repeat","background-position":"center center","background-size":"auto","background-attachment":"scroll","background-type":"","background-media":"","overlay-type":"","overlay-color":"","overlay-opacity":"","overlay-gradient":""}},"ast-content-background-meta":{"desktop":{"background-color":"var(--ast-global-color-4)","background-image":"","background-repeat":"repeat","background-position":"center center","background-size":"auto","background-attachment":"scroll","background-type":"","background-media":"","overlay-type":"","overlay-color":"","overlay-opacity":"","overlay-gradient":""},"tablet":{"background-color":"var(--ast-global-color-4)","background-image":"","background-repeat":"repeat","background-position":"center center","background-size":"auto","background-attachment":"scroll","background-type":"","background-media":"","overlay-type":"","overlay-color":"","overlay-opacity":"","overlay-gradient":""},"mobile":{"background-color":"var(--ast-global-color-4)","background-image":"","background-repeat":"repeat","background-position":"center center","background-size":"auto","background-attachment":"scroll","background-type":"","background-media":"","overlay-type":"","overlay-color":"","overlay-opacity":"","overlay-gradient":""}}},"product_brand":[120],"product_cat":[109,25],"product_tag":[],"class_list":{"0":"post-1106","1":"product","2":"type-product","3":"status-publish","4":"has-post-thumbnail","6":"product_brand-lancome","7":"product_cat-dla-niej","8":"product_cat-perfumy","9":"desktop-align-left","10":"tablet-align-left","11":"mobile-align-left","13":"first","14":"instock","15":"taxable","16":"shipping-taxable","17":"purchasable","18":"product-type-simple"},"_links":{"self":[{"href":"https:\/\/www.maziaki.dxc.pl\/index.php?rest_route=\/wp\/v2\/product\/1106","targetHints":{"allow":["GET"]}}],"collection":[{"href":"https:\/\/www.maziaki.dxc.pl\/index.php?rest_route=\/wp\/v2\/product"}],"about":[{"href":"https:\/\/www.maziaki.dxc.pl\/index.php?rest_route=\/wp\/v2\/types\/product"}],"wp:featuredmedia":[{"embeddable":true,"href":"https:\/\/www.maziaki.dxc.pl\/index.php?rest_route=\/wp\/v2\/media\/1107"}],"wp:attachment":[{"href":"https:\/\/www.maziaki.dxc.pl\/index.php?rest_route=%2Fwp%2Fv2%2Fmedia&parent=1106"}],"wp:term":[{"taxonomy":"product_brand","embeddable":true,"href":"https:\/\/www.maziaki.dxc.pl\/index.php?rest_route=%2Fwp%2Fv2%2Fproduct_brand&post=1106"},{"taxonomy":"product_cat","embeddable":true,"href":"https:\/\/www.maziaki.dxc.pl\/index.php?rest_route=%2Fwp%2Fv2%2Fproduct_cat&post=1106"},{"taxonomy":"product_tag","embeddable":true,"href":"https:\/\/www.maziaki.dxc.pl\/index.php?rest_route=%2Fwp%2Fv2%2Fproduct_tag&post=1106"}],"curies":[{"name":"wp","href":"https:\/\/api.w.org\/{rel}","templated":true}]}}