{"id":1095,"date":"2025-11-14T13:18:33","date_gmt":"2025-11-14T12:18:33","guid":{"rendered":"https:\/\/www.maziaki.dxc.pl\/?post_type=product&#038;p=1095"},"modified":"2025-11-17T20:04:02","modified_gmt":"2025-11-17T19:04:02","slug":"vichy-dercos-energy-szampon-wzmacniajacy-wlosy-refill-500-ml","status":"publish","type":"product","link":"https:\/\/www.maziaki.dxc.pl\/?product=vichy-dercos-energy-szampon-wzmacniajacy-wlosy-refill-500-ml","title":{"rendered":"Vichy Dercos Energy+ Szampon wzmacniaj\u0105cy w\u0142osy &#8211; refill 500 ml"},"content":{"rendered":"<p>Wzmacniaj\u0105cy szampon do w\u0142os\u00f3w Vichy Energy+ bazuje na nowoczesnym sk\u0142adniku przeciwko wypadaniu w\u0142os\u00f3w. Jego zalet\u0105 jest skuteczno\u015b\u0107 w ograniczaniu wypadania w\u0142os\u00f3w o r\u00f3\u017cnych przyczynach, tak\u017ce na tle hormonalnym. Opracowana w laboratoriach L\u2019Or\u00e9al cz\u0105steczka\u00a0<strong>zwi\u0119ksza prze\u017cywalno\u015b\u0107 mieszk\u00f3w w\u0142osowych<\/strong>. Ma r\u00f3wnie\u017c pozytywny\u00a0<strong>wp\u0142yw na ukorzenienie w\u0142osa<\/strong>, ograniczaj\u0105c jego wypadanie o pod\u0142o\u017cu hormonalnym lub telogenowym. Skuteczno\u015b\u0107 Aminexilu por\u00f3wnuje si\u0119 z minoksydylem, jednak w por\u00f3wnaniu z nim sk\u0142adnik ten nie wywo\u0142uje niepo\u017c\u0105danych skutk\u00f3w ubocznych.<\/p>\n<p>Receptur\u0119 wzmacniaj\u0105cego szamponu do w\u0142os\u00f3w Vichy Energy+ wzbogaca niacynamid, kt\u00f3ry ma w\u0142a\u015bciwo\u015bci\u00a0<strong>przeciwzapalne<\/strong>\u00a0i reguluje prac\u0119 gruczo\u0142\u00f3w \u0142ojowych sk\u00f3ry g\u0142owy. Dzi\u0119ki temu\u00a0<strong>ogranicza nadmierne wydzielanie sebum<\/strong>, nie prowadz\u0105c do przesuszania skalpu. Ma pozytywny wp\u0142yw na funkcjonowanie cebulek w\u0142os\u00f3w i porost w\u0142os\u00f3w. Niacynamid \u0142agodzi tak\u017ce podra\u017cnienia odczuwane przy wra\u017cliwiej sk\u00f3rze g\u0142owy. W rezultacie szampon gwarantuje wysoki komfort stosowania.<\/p>\n<p>exp: 04\/2027<\/p>\n","protected":false},"excerpt":{"rendered":"<p>Wzmacniaj\u0105cy szampon do w\u0142os\u00f3w Vichy Energy+ bazuje na nowoczesnym sk\u0142adniku przeciwko wypadaniu w\u0142os\u00f3w. Jego zalet\u0105 jest skuteczno\u015b\u0107 w ograniczaniu wypadania [&hellip;]<\/p>\n","protected":false},"featured_media":1096,"template":"","meta":{"site-sidebar-layout":"default","site-content-layout":"","ast-site-content-layout":"default","site-content-style":"default","site-sidebar-style":"default","ast-global-header-display":"","ast-banner-title-visibility":"","ast-main-header-display":"","ast-hfb-above-header-display":"","ast-hfb-below-header-display":"","ast-hfb-mobile-header-display":"","site-post-title":"","ast-breadcrumbs-content":"","ast-featured-img":"","footer-sml-layout":"","ast-disable-related-posts":"","theme-transparent-header-meta":"default","adv-header-id-meta":"","stick-header-meta":"","header-above-stick-meta":"","header-main-stick-meta":"","header-below-stick-meta":"","astra-migrate-meta-layouts":"set","ast-page-background-enabled":"default","ast-page-background-meta":{"desktop":{"background-color":"var(--ast-global-color-5)","background-image":"","background-repeat":"repeat","background-position":"center center","background-size":"auto","background-attachment":"scroll","background-type":"","background-media":"","overlay-type":"","overlay-color":"","overlay-opacity":"","overlay-gradient":""},"tablet":{"background-color":"","background-image":"","background-repeat":"repeat","background-position":"center center","background-size":"auto","background-attachment":"scroll","background-type":"","background-media":"","overlay-type":"","overlay-color":"","overlay-opacity":"","overlay-gradient":""},"mobile":{"background-color":"","background-image":"","background-repeat":"repeat","background-position":"center center","background-size":"auto","background-attachment":"scroll","background-type":"","background-media":"","overlay-type":"","overlay-color":"","overlay-opacity":"","overlay-gradient":""}},"ast-content-background-meta":{"desktop":{"background-color":"var(--ast-global-color-4)","background-image":"","background-repeat":"repeat","background-position":"center center","background-size":"auto","background-attachment":"scroll","background-type":"","background-media":"","overlay-type":"","overlay-color":"","overlay-opacity":"","overlay-gradient":""},"tablet":{"background-color":"var(--ast-global-color-4)","background-image":"","background-repeat":"repeat","background-position":"center center","background-size":"auto","background-attachment":"scroll","background-type":"","background-media":"","overlay-type":"","overlay-color":"","overlay-opacity":"","overlay-gradient":""},"mobile":{"background-color":"var(--ast-global-color-4)","background-image":"","background-repeat":"repeat","background-position":"center center","background-size":"auto","background-attachment":"scroll","background-type":"","background-media":"","overlay-type":"","overlay-color":"","overlay-opacity":"","overlay-gradient":""}}},"product_brand":[117],"product_cat":[33],"product_tag":[],"class_list":{"0":"post-1095","1":"product","2":"type-product","3":"status-publish","4":"has-post-thumbnail","6":"product_brand-vichy","7":"product_cat-szampon","8":"desktop-align-left","9":"tablet-align-left","10":"mobile-align-left","12":"first","13":"instock","14":"taxable","15":"shipping-taxable","16":"purchasable","17":"product-type-simple"},"_links":{"self":[{"href":"https:\/\/www.maziaki.dxc.pl\/index.php?rest_route=\/wp\/v2\/product\/1095","targetHints":{"allow":["GET"]}}],"collection":[{"href":"https:\/\/www.maziaki.dxc.pl\/index.php?rest_route=\/wp\/v2\/product"}],"about":[{"href":"https:\/\/www.maziaki.dxc.pl\/index.php?rest_route=\/wp\/v2\/types\/product"}],"wp:featuredmedia":[{"embeddable":true,"href":"https:\/\/www.maziaki.dxc.pl\/index.php?rest_route=\/wp\/v2\/media\/1096"}],"wp:attachment":[{"href":"https:\/\/www.maziaki.dxc.pl\/index.php?rest_route=%2Fwp%2Fv2%2Fmedia&parent=1095"}],"wp:term":[{"taxonomy":"product_brand","embeddable":true,"href":"https:\/\/www.maziaki.dxc.pl\/index.php?rest_route=%2Fwp%2Fv2%2Fproduct_brand&post=1095"},{"taxonomy":"product_cat","embeddable":true,"href":"https:\/\/www.maziaki.dxc.pl\/index.php?rest_route=%2Fwp%2Fv2%2Fproduct_cat&post=1095"},{"taxonomy":"product_tag","embeddable":true,"href":"https:\/\/www.maziaki.dxc.pl\/index.php?rest_route=%2Fwp%2Fv2%2Fproduct_tag&post=1095"}],"curies":[{"name":"wp","href":"https:\/\/api.w.org\/{rel}","templated":true}]}}