{"id":1093,"date":"2025-11-14T13:16:13","date_gmt":"2025-11-14T12:16:13","guid":{"rendered":"https:\/\/www.maziaki.dxc.pl\/?post_type=product&#038;p=1093"},"modified":"2025-11-17T20:20:45","modified_gmt":"2025-11-17T19:20:45","slug":"vichy-dercos-szampon-przeciwlupiezowy-do-suchych-wlosow-refill-500ml","status":"publish","type":"product","link":"https:\/\/www.maziaki.dxc.pl\/?product=vichy-dercos-szampon-przeciwlupiezowy-do-suchych-wlosow-refill-500ml","title":{"rendered":"Vichy Dercos szampon przeciw\u0142upie\u017cowy do suchych w\u0142os\u00f3w &#8211; refill 500ml"},"content":{"rendered":"<p><strong>Vichy Dercos DS szampon przeciw\u0142upie\u017cowy <\/strong>to unikalny kosmetyk zaprojektowany z my\u015bl\u0105 o osobach zmagaj\u0105cych si\u0119 z problemem \u0142upie\u017cu. Polecany jest szczeg\u00f3lnie w przypadku \u0142upie\u017cu uporczywego i nawracaj\u0105cego.\u00a0<strong>Szampon do w\u0142os\u00f3w suchych<\/strong>\u00a0Vichy Dercos DS doskonale oczyszcza w\u0142osy i sk\u00f3r\u0119 g\u0142owy, wspiera r\u00f3wnowag\u0119 mikrobiomu sk\u00f3ry i skutecznie eliminuje \u0142upie\u017c. Ponadto redukuje nieprzyjemny \u015bwi\u0105d i poprawia komfort.\u00a0<strong>Vichy szampon przeciw\u0142upie\u017cowy<\/strong>\u00a0swoje w\u0142a\u015bciwo\u015bci opiera na wyj\u0105tkowej formule obejmuj\u0105cej dwusiarczek selenu i kwas salicylowy.<\/p>\n<p>exp: 09\/2027<\/p>\n","protected":false},"excerpt":{"rendered":"<p>Vichy Dercos DS szampon przeciw\u0142upie\u017cowy to unikalny kosmetyk zaprojektowany z my\u015bl\u0105 o osobach zmagaj\u0105cych si\u0119 z problemem \u0142upie\u017cu. Polecany jest [&hellip;]<\/p>\n","protected":false},"featured_media":1099,"template":"","meta":{"site-sidebar-layout":"default","site-content-layout":"","ast-site-content-layout":"default","site-content-style":"default","site-sidebar-style":"default","ast-global-header-display":"","ast-banner-title-visibility":"","ast-main-header-display":"","ast-hfb-above-header-display":"","ast-hfb-below-header-display":"","ast-hfb-mobile-header-display":"","site-post-title":"","ast-breadcrumbs-content":"","ast-featured-img":"","footer-sml-layout":"","ast-disable-related-posts":"","theme-transparent-header-meta":"default","adv-header-id-meta":"","stick-header-meta":"","header-above-stick-meta":"","header-main-stick-meta":"","header-below-stick-meta":"","astra-migrate-meta-layouts":"set","ast-page-background-enabled":"default","ast-page-background-meta":{"desktop":{"background-color":"var(--ast-global-color-5)","background-image":"","background-repeat":"repeat","background-position":"center center","background-size":"auto","background-attachment":"scroll","background-type":"","background-media":"","overlay-type":"","overlay-color":"","overlay-opacity":"","overlay-gradient":""},"tablet":{"background-color":"","background-image":"","background-repeat":"repeat","background-position":"center center","background-size":"auto","background-attachment":"scroll","background-type":"","background-media":"","overlay-type":"","overlay-color":"","overlay-opacity":"","overlay-gradient":""},"mobile":{"background-color":"","background-image":"","background-repeat":"repeat","background-position":"center center","background-size":"auto","background-attachment":"scroll","background-type":"","background-media":"","overlay-type":"","overlay-color":"","overlay-opacity":"","overlay-gradient":""}},"ast-content-background-meta":{"desktop":{"background-color":"var(--ast-global-color-4)","background-image":"","background-repeat":"repeat","background-position":"center center","background-size":"auto","background-attachment":"scroll","background-type":"","background-media":"","overlay-type":"","overlay-color":"","overlay-opacity":"","overlay-gradient":""},"tablet":{"background-color":"var(--ast-global-color-4)","background-image":"","background-repeat":"repeat","background-position":"center center","background-size":"auto","background-attachment":"scroll","background-type":"","background-media":"","overlay-type":"","overlay-color":"","overlay-opacity":"","overlay-gradient":""},"mobile":{"background-color":"var(--ast-global-color-4)","background-image":"","background-repeat":"repeat","background-position":"center center","background-size":"auto","background-attachment":"scroll","background-type":"","background-media":"","overlay-type":"","overlay-color":"","overlay-opacity":"","overlay-gradient":""}}},"product_brand":[117],"product_cat":[33],"product_tag":[],"class_list":{"0":"post-1093","1":"product","2":"type-product","3":"status-publish","4":"has-post-thumbnail","6":"product_brand-vichy","7":"product_cat-szampon","8":"desktop-align-left","9":"tablet-align-left","10":"mobile-align-left","12":"first","13":"instock","14":"taxable","15":"shipping-taxable","16":"purchasable","17":"product-type-simple"},"_links":{"self":[{"href":"https:\/\/www.maziaki.dxc.pl\/index.php?rest_route=\/wp\/v2\/product\/1093","targetHints":{"allow":["GET"]}}],"collection":[{"href":"https:\/\/www.maziaki.dxc.pl\/index.php?rest_route=\/wp\/v2\/product"}],"about":[{"href":"https:\/\/www.maziaki.dxc.pl\/index.php?rest_route=\/wp\/v2\/types\/product"}],"wp:featuredmedia":[{"embeddable":true,"href":"https:\/\/www.maziaki.dxc.pl\/index.php?rest_route=\/wp\/v2\/media\/1099"}],"wp:attachment":[{"href":"https:\/\/www.maziaki.dxc.pl\/index.php?rest_route=%2Fwp%2Fv2%2Fmedia&parent=1093"}],"wp:term":[{"taxonomy":"product_brand","embeddable":true,"href":"https:\/\/www.maziaki.dxc.pl\/index.php?rest_route=%2Fwp%2Fv2%2Fproduct_brand&post=1093"},{"taxonomy":"product_cat","embeddable":true,"href":"https:\/\/www.maziaki.dxc.pl\/index.php?rest_route=%2Fwp%2Fv2%2Fproduct_cat&post=1093"},{"taxonomy":"product_tag","embeddable":true,"href":"https:\/\/www.maziaki.dxc.pl\/index.php?rest_route=%2Fwp%2Fv2%2Fproduct_tag&post=1093"}],"curies":[{"name":"wp","href":"https:\/\/api.w.org\/{rel}","templated":true}]}}