{"id":1089,"date":"2025-11-14T13:01:23","date_gmt":"2025-11-14T12:01:23","guid":{"rendered":"https:\/\/www.maziaki.dxc.pl\/?post_type=product&#038;p=1089"},"modified":"2025-11-17T20:06:10","modified_gmt":"2025-11-17T19:06:10","slug":"loreal-proffessionel-serie-expert-absolut-repair-molecular-szampon-refill-500ml","status":"publish","type":"product","link":"https:\/\/www.maziaki.dxc.pl\/?product=loreal-proffessionel-serie-expert-absolut-repair-molecular-szampon-refill-500ml","title":{"rendered":"L&#8217;Or\u00e9al Proffessionel Serie Expert Absolut Repair Molecular Szampon, Refill 500ml"},"content":{"rendered":"<h4>L&#8217;Or\u00e9al Serie Expert Absolut Repair Molecular Szampon Refill<\/h4>\n<p>Odkryj rewolucyjny\u00a0<strong>Absolut Repair Molecular Szampon<\/strong>\u00a0od L&#8217;Or\u00e9al Professionnel, stworzony specjalnie dla w\u0142os\u00f3w zniszczonych, farbowanych, rozja\u015bnianych i naturalnych. Dzi\u0119ki innowacyjnej formule bez siarczan\u00f3w, regeneruje uszkodzenia w\u0142os\u00f3w nawet z ostatnich 2 lat ju\u017c po pierwszym u\u017cyciu.<\/p>\n<h4>Kluczowe korzy\u015bci:<\/h4>\n<ul>\n<li>Technologia Bond Repairer &#8211; Odbudowuje mostki strukturalne w\u0142os\u00f3w, wzmacniaj\u0105c ich wewn\u0119trzn\u0105 struktur\u0119.<\/li>\n<li>5 aminokwas\u00f3w &#8211; Regeneruje w\u0142\u00f3kna w\u0142os\u00f3w, zwi\u0119kszaj\u0105c ich spr\u0119\u017cysto\u015b\u0107 i odporno\u015b\u0107 na uszkodzenia.<\/li>\n<li>+86% wi\u0119cej nawil\u017cenia dla suchych i zniszczonych pasm.<\/li>\n<li>W\u0142osy staj\u0105 si\u0119 g\u0142adkie, l\u015bni\u0105ce i \u0142atwiejsze do stylizacji.<\/li>\n<li>Formu\u0142a bez siarczan\u00f3w skutecznie oczyszcza, jednocze\u015bnie dbaj\u0105c o wra\u017cliw\u0105 sk\u00f3r\u0119 g\u0142owy.<\/li>\n<li>Idealny dla ka\u017cdego rodzaju zniszczonych w\u0142os\u00f3w \u2013 farbowanych, rozja\u015bnianych lub naturalnych.<\/li>\n<\/ul>\n<p>exp: 10\/2027<\/p>\n","protected":false},"excerpt":{"rendered":"<p>L&#8217;Or\u00e9al Serie Expert Absolut Repair Molecular Szampon Refill Odkryj rewolucyjny\u00a0Absolut Repair Molecular Szampon\u00a0od L&#8217;Or\u00e9al Professionnel, stworzony specjalnie dla w\u0142os\u00f3w zniszczonych, [&hellip;]<\/p>\n","protected":false},"featured_media":1090,"template":"","meta":{"site-sidebar-layout":"default","site-content-layout":"","ast-site-content-layout":"default","site-content-style":"default","site-sidebar-style":"default","ast-global-header-display":"","ast-banner-title-visibility":"","ast-main-header-display":"","ast-hfb-above-header-display":"","ast-hfb-below-header-display":"","ast-hfb-mobile-header-display":"","site-post-title":"","ast-breadcrumbs-content":"","ast-featured-img":"","footer-sml-layout":"","ast-disable-related-posts":"","theme-transparent-header-meta":"default","adv-header-id-meta":"","stick-header-meta":"","header-above-stick-meta":"","header-main-stick-meta":"","header-below-stick-meta":"","astra-migrate-meta-layouts":"set","ast-page-background-enabled":"default","ast-page-background-meta":{"desktop":{"background-color":"var(--ast-global-color-5)","background-image":"","background-repeat":"repeat","background-position":"center center","background-size":"auto","background-attachment":"scroll","background-type":"","background-media":"","overlay-type":"","overlay-color":"","overlay-opacity":"","overlay-gradient":""},"tablet":{"background-color":"","background-image":"","background-repeat":"repeat","background-position":"center center","background-size":"auto","background-attachment":"scroll","background-type":"","background-media":"","overlay-type":"","overlay-color":"","overlay-opacity":"","overlay-gradient":""},"mobile":{"background-color":"","background-image":"","background-repeat":"repeat","background-position":"center center","background-size":"auto","background-attachment":"scroll","background-type":"","background-media":"","overlay-type":"","overlay-color":"","overlay-opacity":"","overlay-gradient":""}},"ast-content-background-meta":{"desktop":{"background-color":"var(--ast-global-color-4)","background-image":"","background-repeat":"repeat","background-position":"center center","background-size":"auto","background-attachment":"scroll","background-type":"","background-media":"","overlay-type":"","overlay-color":"","overlay-opacity":"","overlay-gradient":""},"tablet":{"background-color":"var(--ast-global-color-4)","background-image":"","background-repeat":"repeat","background-position":"center center","background-size":"auto","background-attachment":"scroll","background-type":"","background-media":"","overlay-type":"","overlay-color":"","overlay-opacity":"","overlay-gradient":""},"mobile":{"background-color":"var(--ast-global-color-4)","background-image":"","background-repeat":"repeat","background-position":"center center","background-size":"auto","background-attachment":"scroll","background-type":"","background-media":"","overlay-type":"","overlay-color":"","overlay-opacity":"","overlay-gradient":""}}},"product_brand":[131],"product_cat":[33],"product_tag":[],"class_list":{"0":"post-1089","1":"product","2":"type-product","3":"status-publish","4":"has-post-thumbnail","6":"product_brand-loreal-professionnel","7":"product_cat-szampon","8":"desktop-align-left","9":"tablet-align-left","10":"mobile-align-left","12":"first","13":"instock","14":"taxable","15":"shipping-taxable","16":"purchasable","17":"product-type-simple"},"_links":{"self":[{"href":"https:\/\/www.maziaki.dxc.pl\/index.php?rest_route=\/wp\/v2\/product\/1089","targetHints":{"allow":["GET"]}}],"collection":[{"href":"https:\/\/www.maziaki.dxc.pl\/index.php?rest_route=\/wp\/v2\/product"}],"about":[{"href":"https:\/\/www.maziaki.dxc.pl\/index.php?rest_route=\/wp\/v2\/types\/product"}],"wp:featuredmedia":[{"embeddable":true,"href":"https:\/\/www.maziaki.dxc.pl\/index.php?rest_route=\/wp\/v2\/media\/1090"}],"wp:attachment":[{"href":"https:\/\/www.maziaki.dxc.pl\/index.php?rest_route=%2Fwp%2Fv2%2Fmedia&parent=1089"}],"wp:term":[{"taxonomy":"product_brand","embeddable":true,"href":"https:\/\/www.maziaki.dxc.pl\/index.php?rest_route=%2Fwp%2Fv2%2Fproduct_brand&post=1089"},{"taxonomy":"product_cat","embeddable":true,"href":"https:\/\/www.maziaki.dxc.pl\/index.php?rest_route=%2Fwp%2Fv2%2Fproduct_cat&post=1089"},{"taxonomy":"product_tag","embeddable":true,"href":"https:\/\/www.maziaki.dxc.pl\/index.php?rest_route=%2Fwp%2Fv2%2Fproduct_tag&post=1089"}],"curies":[{"name":"wp","href":"https:\/\/api.w.org\/{rel}","templated":true}]}}