{"id":1081,"date":"2025-11-14T12:49:56","date_gmt":"2025-11-14T11:49:56","guid":{"rendered":"https:\/\/www.maziaki.dxc.pl\/?post_type=product&#038;p=1081"},"modified":"2026-02-10T20:08:15","modified_gmt":"2026-02-10T19:08:15","slug":"biolage-smoothproof-wygladzajacy-szampon-do-wlosow-niesfornych-1000ml","status":"publish","type":"product","link":"https:\/\/www.maziaki.dxc.pl\/?product=biolage-smoothproof-wygladzajacy-szampon-do-wlosow-niesfornych-1000ml","title":{"rendered":"Biolage SmoothProof wyg\u0142adzaj\u0105cy szampon do w\u0142os\u00f3w niesfornych 1000ml"},"content":{"rendered":"<p>Produkt, kt\u00f3ry idealnie sprawdzi si\u0119 w codziennej piel\u0119gnacji w\u0142os\u00f3w kr\u0119conych i niesfornych. Formu\u0142a z olejkiem z nasion lnianki gwarantuje spektakularny efekt wyg\u0142adzenia nawet najbardziej niesfornych pasm. Dzi\u0119ki szamponowi zapomnie\u0107 mo\u017cesz o pusz\u0105cych i elektryzuj\u0105cych si\u0119 w\u0142osach. BIOLAGE SmoothProof Shampoo nie zawiera paraben\u00f3w, jest wi\u0119c w pe\u0142ni bezpieczny nawet dla najwra\u017cliwszych pasm. Codzienne stosowanie produktu gwarantuje przywr\u00f3cenie w\u0142osom mi\u0119kko\u015bci i blasku.<\/p>\n","protected":false},"excerpt":{"rendered":"<p>Produkt, kt\u00f3ry idealnie sprawdzi si\u0119 w codziennej piel\u0119gnacji w\u0142os\u00f3w kr\u0119conych i niesfornych. Formu\u0142a z olejkiem z nasion lnianki gwarantuje spektakularny [&hellip;]<\/p>\n","protected":false},"featured_media":1082,"template":"","meta":{"site-sidebar-layout":"default","site-content-layout":"","ast-site-content-layout":"default","site-content-style":"default","site-sidebar-style":"default","ast-global-header-display":"","ast-banner-title-visibility":"","ast-main-header-display":"","ast-hfb-above-header-display":"","ast-hfb-below-header-display":"","ast-hfb-mobile-header-display":"","site-post-title":"","ast-breadcrumbs-content":"","ast-featured-img":"","footer-sml-layout":"","ast-disable-related-posts":"","theme-transparent-header-meta":"default","adv-header-id-meta":"","stick-header-meta":"","header-above-stick-meta":"","header-main-stick-meta":"","header-below-stick-meta":"","astra-migrate-meta-layouts":"set","ast-page-background-enabled":"default","ast-page-background-meta":{"desktop":{"background-color":"var(--ast-global-color-5)","background-image":"","background-repeat":"repeat","background-position":"center center","background-size":"auto","background-attachment":"scroll","background-type":"","background-media":"","overlay-type":"","overlay-color":"","overlay-opacity":"","overlay-gradient":""},"tablet":{"background-color":"","background-image":"","background-repeat":"repeat","background-position":"center center","background-size":"auto","background-attachment":"scroll","background-type":"","background-media":"","overlay-type":"","overlay-color":"","overlay-opacity":"","overlay-gradient":""},"mobile":{"background-color":"","background-image":"","background-repeat":"repeat","background-position":"center center","background-size":"auto","background-attachment":"scroll","background-type":"","background-media":"","overlay-type":"","overlay-color":"","overlay-opacity":"","overlay-gradient":""}},"ast-content-background-meta":{"desktop":{"background-color":"var(--ast-global-color-4)","background-image":"","background-repeat":"repeat","background-position":"center center","background-size":"auto","background-attachment":"scroll","background-type":"","background-media":"","overlay-type":"","overlay-color":"","overlay-opacity":"","overlay-gradient":""},"tablet":{"background-color":"var(--ast-global-color-4)","background-image":"","background-repeat":"repeat","background-position":"center center","background-size":"auto","background-attachment":"scroll","background-type":"","background-media":"","overlay-type":"","overlay-color":"","overlay-opacity":"","overlay-gradient":""},"mobile":{"background-color":"var(--ast-global-color-4)","background-image":"","background-repeat":"repeat","background-position":"center center","background-size":"auto","background-attachment":"scroll","background-type":"","background-media":"","overlay-type":"","overlay-color":"","overlay-opacity":"","overlay-gradient":""}}},"product_brand":[138],"product_cat":[33],"product_tag":[],"class_list":{"0":"post-1081","1":"product","2":"type-product","3":"status-publish","4":"has-post-thumbnail","6":"product_brand-biolage","7":"product_cat-szampon","8":"desktop-align-left","9":"tablet-align-left","10":"mobile-align-left","12":"first","13":"instock","14":"taxable","15":"shipping-taxable","16":"purchasable","17":"product-type-simple"},"_links":{"self":[{"href":"https:\/\/www.maziaki.dxc.pl\/index.php?rest_route=\/wp\/v2\/product\/1081","targetHints":{"allow":["GET"]}}],"collection":[{"href":"https:\/\/www.maziaki.dxc.pl\/index.php?rest_route=\/wp\/v2\/product"}],"about":[{"href":"https:\/\/www.maziaki.dxc.pl\/index.php?rest_route=\/wp\/v2\/types\/product"}],"wp:featuredmedia":[{"embeddable":true,"href":"https:\/\/www.maziaki.dxc.pl\/index.php?rest_route=\/wp\/v2\/media\/1082"}],"wp:attachment":[{"href":"https:\/\/www.maziaki.dxc.pl\/index.php?rest_route=%2Fwp%2Fv2%2Fmedia&parent=1081"}],"wp:term":[{"taxonomy":"product_brand","embeddable":true,"href":"https:\/\/www.maziaki.dxc.pl\/index.php?rest_route=%2Fwp%2Fv2%2Fproduct_brand&post=1081"},{"taxonomy":"product_cat","embeddable":true,"href":"https:\/\/www.maziaki.dxc.pl\/index.php?rest_route=%2Fwp%2Fv2%2Fproduct_cat&post=1081"},{"taxonomy":"product_tag","embeddable":true,"href":"https:\/\/www.maziaki.dxc.pl\/index.php?rest_route=%2Fwp%2Fv2%2Fproduct_tag&post=1081"}],"curies":[{"name":"wp","href":"https:\/\/api.w.org\/{rel}","templated":true}]}}