{"id":1077,"date":"2025-11-14T12:46:13","date_gmt":"2025-11-14T11:46:13","guid":{"rendered":"https:\/\/www.maziaki.dxc.pl\/?post_type=product&#038;p=1077"},"modified":"2026-02-10T10:40:37","modified_gmt":"2026-02-10T09:40:37","slug":"biolage-bond-therapy-szampon-do-wlosow-250-ml","status":"publish","type":"product","link":"https:\/\/www.maziaki.dxc.pl\/?product=biolage-bond-therapy-szampon-do-wlosow-250-ml","title":{"rendered":"Biolage Bond Therapy Szampon do w\u0142os\u00f3w 250 ml"},"content":{"rendered":"<h4>Biolage Bond Therapy Szampon do w\u0142os\u00f3w \u2013 wzmocnienie i regeneracja od wewn\u0105trz!<\/h4>\n<p><strong>Biolage Bond Therapy Szampon<\/strong>\u00a0to wzmacniaj\u0105cy produkt stworzony specjalnie do piel\u0119gnacji os\u0142abionych w\u0142os\u00f3w. Dzi\u0119ki formule wzbogaconej\u00a0<strong>olejem kokosowym<\/strong>\u00a0i\u00a0<strong>kwasem cytrynowym<\/strong>, skutecznie oczyszcza w\u0142osy, jednocze\u015bnie wzmacniaj\u0105c ich wewn\u0119trzne wi\u0105zania. Regularne stosowanie sprawia, \u017ce w\u0142osy staj\u0105 si\u0119 bardziej mi\u0119kkie, g\u0142\u0119boko od\u017cywione i \u0142atwiejsze do stylizacji.<\/p>\n<h4>Najwa\u017cniejsze cechy szamponu Biolage Bond Therapy:<\/h4>\n<ul>\n<li>Delikatnie oczyszcza, wzmacniaj\u0105c struktur\u0119 w\u0142os\u00f3w<\/li>\n<li>Nawil\u017ca i od\u017cywia dzi\u0119ki olejowi kokosowemu<\/li>\n<li>Przywraca w\u0142osom mi\u0119kko\u015b\u0107 i elastyczno\u015b\u0107<\/li>\n<li>Idealny zar\u00f3wno dla kobiet, jak i m\u0119\u017cczyzn<\/li>\n<\/ul>\n","protected":false},"excerpt":{"rendered":"<p>Biolage Bond Therapy Szampon do w\u0142os\u00f3w \u2013 wzmocnienie i regeneracja od wewn\u0105trz! Biolage Bond Therapy Szampon\u00a0to wzmacniaj\u0105cy produkt stworzony specjalnie [&hellip;]<\/p>\n","protected":false},"featured_media":1080,"template":"","meta":{"site-sidebar-layout":"default","site-content-layout":"","ast-site-content-layout":"default","site-content-style":"default","site-sidebar-style":"default","ast-global-header-display":"","ast-banner-title-visibility":"","ast-main-header-display":"","ast-hfb-above-header-display":"","ast-hfb-below-header-display":"","ast-hfb-mobile-header-display":"","site-post-title":"","ast-breadcrumbs-content":"","ast-featured-img":"","footer-sml-layout":"","ast-disable-related-posts":"","theme-transparent-header-meta":"default","adv-header-id-meta":"","stick-header-meta":"","header-above-stick-meta":"","header-main-stick-meta":"","header-below-stick-meta":"","astra-migrate-meta-layouts":"set","ast-page-background-enabled":"default","ast-page-background-meta":{"desktop":{"background-color":"var(--ast-global-color-5)","background-image":"","background-repeat":"repeat","background-position":"center center","background-size":"auto","background-attachment":"scroll","background-type":"","background-media":"","overlay-type":"","overlay-color":"","overlay-opacity":"","overlay-gradient":""},"tablet":{"background-color":"","background-image":"","background-repeat":"repeat","background-position":"center center","background-size":"auto","background-attachment":"scroll","background-type":"","background-media":"","overlay-type":"","overlay-color":"","overlay-opacity":"","overlay-gradient":""},"mobile":{"background-color":"","background-image":"","background-repeat":"repeat","background-position":"center center","background-size":"auto","background-attachment":"scroll","background-type":"","background-media":"","overlay-type":"","overlay-color":"","overlay-opacity":"","overlay-gradient":""}},"ast-content-background-meta":{"desktop":{"background-color":"var(--ast-global-color-4)","background-image":"","background-repeat":"repeat","background-position":"center center","background-size":"auto","background-attachment":"scroll","background-type":"","background-media":"","overlay-type":"","overlay-color":"","overlay-opacity":"","overlay-gradient":""},"tablet":{"background-color":"var(--ast-global-color-4)","background-image":"","background-repeat":"repeat","background-position":"center center","background-size":"auto","background-attachment":"scroll","background-type":"","background-media":"","overlay-type":"","overlay-color":"","overlay-opacity":"","overlay-gradient":""},"mobile":{"background-color":"var(--ast-global-color-4)","background-image":"","background-repeat":"repeat","background-position":"center center","background-size":"auto","background-attachment":"scroll","background-type":"","background-media":"","overlay-type":"","overlay-color":"","overlay-opacity":"","overlay-gradient":""}}},"product_brand":[138],"product_cat":[33],"product_tag":[],"class_list":{"0":"post-1077","1":"product","2":"type-product","3":"status-publish","4":"has-post-thumbnail","6":"product_brand-biolage","7":"product_cat-szampon","8":"desktop-align-left","9":"tablet-align-left","10":"mobile-align-left","12":"first","13":"instock","14":"taxable","15":"shipping-taxable","16":"purchasable","17":"product-type-simple"},"_links":{"self":[{"href":"https:\/\/www.maziaki.dxc.pl\/index.php?rest_route=\/wp\/v2\/product\/1077","targetHints":{"allow":["GET"]}}],"collection":[{"href":"https:\/\/www.maziaki.dxc.pl\/index.php?rest_route=\/wp\/v2\/product"}],"about":[{"href":"https:\/\/www.maziaki.dxc.pl\/index.php?rest_route=\/wp\/v2\/types\/product"}],"wp:featuredmedia":[{"embeddable":true,"href":"https:\/\/www.maziaki.dxc.pl\/index.php?rest_route=\/wp\/v2\/media\/1080"}],"wp:attachment":[{"href":"https:\/\/www.maziaki.dxc.pl\/index.php?rest_route=%2Fwp%2Fv2%2Fmedia&parent=1077"}],"wp:term":[{"taxonomy":"product_brand","embeddable":true,"href":"https:\/\/www.maziaki.dxc.pl\/index.php?rest_route=%2Fwp%2Fv2%2Fproduct_brand&post=1077"},{"taxonomy":"product_cat","embeddable":true,"href":"https:\/\/www.maziaki.dxc.pl\/index.php?rest_route=%2Fwp%2Fv2%2Fproduct_cat&post=1077"},{"taxonomy":"product_tag","embeddable":true,"href":"https:\/\/www.maziaki.dxc.pl\/index.php?rest_route=%2Fwp%2Fv2%2Fproduct_tag&post=1077"}],"curies":[{"name":"wp","href":"https:\/\/api.w.org\/{rel}","templated":true}]}}