{"id":1075,"date":"2025-11-14T12:43:21","date_gmt":"2025-11-14T11:43:21","guid":{"rendered":"https:\/\/www.maziaki.dxc.pl\/?post_type=product&#038;p=1075"},"modified":"2025-11-19T13:24:38","modified_gmt":"2025-11-19T12:24:38","slug":"biolage-all-in-one-wielozadaniowy-olejek-do-wlosow","status":"publish","type":"product","link":"https:\/\/www.maziaki.dxc.pl\/?product=biolage-all-in-one-wielozadaniowy-olejek-do-wlosow","title":{"rendered":"Biolage All-In-One Wielozadaniowy olejek do w\u0142os\u00f3w"},"content":{"rendered":"<h4>Olejek do w\u0142os\u00f3w Biolage All-in-one to wielozadaniowy produkt nadaj\u0105cy w\u0142osom blasku oraz mi\u0119kko\u015bci bez obci\u0105\u017cania!<\/h4>\n<p>Wielozadaniowy olejek wzbogacony olejkiem moringa, przeznaczony\u00a0<strong>do wszystkich rodzaj\u00f3w w\u0142os\u00f3w, nadaj\u0105cy w\u0142osom blasku oraz mi\u0119kko\u015bci bez obci\u0105\u017cania<\/strong>. Zapewnia kontrol\u0119 i naturalne wyg\u0142adzenie, idealny do rozdwajaj\u0105cych si\u0119 ko\u0144c\u00f3wek.<\/p>\n<h4>Formu\u0142a wzbogacona olejkiem moringa.<\/h4>\n<p>W\u0142osy s\u0105 od\u017cywione i nawil\u017cone, mi\u0119kkie i pe\u0142ne blasku oraz przygotowane do dalszej stylizacji.<\/p>\n<h4>Olejek do w\u0142os\u00f3w Biolage All-in-one \u2013 najwa\u017cniejsze cechy:<\/h4>\n<ul>\n<li>Nadaje w\u0142osom blasku i mi\u0119kko\u015bci<\/li>\n<li>Nie obci\u0105\u017ca w\u0142os\u00f3w<\/li>\n<li>Zapewnia kontrol\u0119 i naturalne wyg\u0142adzenie<\/li>\n<li>Od\u017cywia i nawil\u017ca w\u0142osy<\/li>\n<li>Przygotowuje w\u0142osy do dalszej stylizacji<\/li>\n<\/ul>\n","protected":false},"excerpt":{"rendered":"<p>Olejek do w\u0142os\u00f3w Biolage All-in-one to wielozadaniowy produkt nadaj\u0105cy w\u0142osom blasku oraz mi\u0119kko\u015bci bez obci\u0105\u017cania! Wielozadaniowy olejek wzbogacony olejkiem moringa, [&hellip;]<\/p>\n","protected":false},"featured_media":1076,"template":"","meta":{"site-sidebar-layout":"default","site-content-layout":"","ast-site-content-layout":"default","site-content-style":"default","site-sidebar-style":"default","ast-global-header-display":"","ast-banner-title-visibility":"","ast-main-header-display":"","ast-hfb-above-header-display":"","ast-hfb-below-header-display":"","ast-hfb-mobile-header-display":"","site-post-title":"","ast-breadcrumbs-content":"","ast-featured-img":"","footer-sml-layout":"","ast-disable-related-posts":"","theme-transparent-header-meta":"default","adv-header-id-meta":"","stick-header-meta":"","header-above-stick-meta":"","header-main-stick-meta":"","header-below-stick-meta":"","astra-migrate-meta-layouts":"set","ast-page-background-enabled":"default","ast-page-background-meta":{"desktop":{"background-color":"var(--ast-global-color-5)","background-image":"","background-repeat":"repeat","background-position":"center center","background-size":"auto","background-attachment":"scroll","background-type":"","background-media":"","overlay-type":"","overlay-color":"","overlay-opacity":"","overlay-gradient":""},"tablet":{"background-color":"","background-image":"","background-repeat":"repeat","background-position":"center center","background-size":"auto","background-attachment":"scroll","background-type":"","background-media":"","overlay-type":"","overlay-color":"","overlay-opacity":"","overlay-gradient":""},"mobile":{"background-color":"","background-image":"","background-repeat":"repeat","background-position":"center center","background-size":"auto","background-attachment":"scroll","background-type":"","background-media":"","overlay-type":"","overlay-color":"","overlay-opacity":"","overlay-gradient":""}},"ast-content-background-meta":{"desktop":{"background-color":"var(--ast-global-color-4)","background-image":"","background-repeat":"repeat","background-position":"center center","background-size":"auto","background-attachment":"scroll","background-type":"","background-media":"","overlay-type":"","overlay-color":"","overlay-opacity":"","overlay-gradient":""},"tablet":{"background-color":"var(--ast-global-color-4)","background-image":"","background-repeat":"repeat","background-position":"center center","background-size":"auto","background-attachment":"scroll","background-type":"","background-media":"","overlay-type":"","overlay-color":"","overlay-opacity":"","overlay-gradient":""},"mobile":{"background-color":"var(--ast-global-color-4)","background-image":"","background-repeat":"repeat","background-position":"center center","background-size":"auto","background-attachment":"scroll","background-type":"","background-media":"","overlay-type":"","overlay-color":"","overlay-opacity":"","overlay-gradient":""}}},"product_brand":[138],"product_cat":[151],"product_tag":[],"class_list":{"0":"post-1075","1":"product","2":"type-product","3":"status-publish","4":"has-post-thumbnail","6":"product_brand-biolage","7":"product_cat-olejek-do-wlosow","8":"desktop-align-left","9":"tablet-align-left","10":"mobile-align-left","12":"first","13":"instock","14":"taxable","15":"shipping-taxable","16":"purchasable","17":"product-type-simple"},"_links":{"self":[{"href":"https:\/\/www.maziaki.dxc.pl\/index.php?rest_route=\/wp\/v2\/product\/1075","targetHints":{"allow":["GET"]}}],"collection":[{"href":"https:\/\/www.maziaki.dxc.pl\/index.php?rest_route=\/wp\/v2\/product"}],"about":[{"href":"https:\/\/www.maziaki.dxc.pl\/index.php?rest_route=\/wp\/v2\/types\/product"}],"wp:featuredmedia":[{"embeddable":true,"href":"https:\/\/www.maziaki.dxc.pl\/index.php?rest_route=\/wp\/v2\/media\/1076"}],"wp:attachment":[{"href":"https:\/\/www.maziaki.dxc.pl\/index.php?rest_route=%2Fwp%2Fv2%2Fmedia&parent=1075"}],"wp:term":[{"taxonomy":"product_brand","embeddable":true,"href":"https:\/\/www.maziaki.dxc.pl\/index.php?rest_route=%2Fwp%2Fv2%2Fproduct_brand&post=1075"},{"taxonomy":"product_cat","embeddable":true,"href":"https:\/\/www.maziaki.dxc.pl\/index.php?rest_route=%2Fwp%2Fv2%2Fproduct_cat&post=1075"},{"taxonomy":"product_tag","embeddable":true,"href":"https:\/\/www.maziaki.dxc.pl\/index.php?rest_route=%2Fwp%2Fv2%2Fproduct_tag&post=1075"}],"curies":[{"name":"wp","href":"https:\/\/api.w.org\/{rel}","templated":true}]}}