{"id":1059,"date":"2025-09-15T10:00:12","date_gmt":"2025-09-15T09:00:12","guid":{"rendered":"https:\/\/www.maziaki.dxc.pl\/?post_type=product&#038;p=1059"},"modified":"2025-11-26T20:53:14","modified_gmt":"2025-11-26T19:53:14","slug":"giorgio-armani-si-zestaw","status":"publish","type":"product","link":"https:\/\/www.maziaki.dxc.pl\/?product=giorgio-armani-si-zestaw","title":{"rendered":"Giorgio Armani Si zestaw"},"content":{"rendered":"<p>Doskona\u0142\u0105 definicj\u0119 istoty w\u0142oskiego gustu kryje w sobie woda perfumowana dla kobiet Armani S\u00ec. Zapach stworzono dla wszystkich stylowych i charyzmatycznych przedstawicielek p\u0142ci pi\u0119knej. Po\u0142\u0105czenie nut kwiatowych czarnej porzeczki i frezji odgrywa emocjonalny koncert, dzi\u0119ki kt\u00f3remu powiesz s\u00ec\u00a0\u2013 po w\u0142osku: tak \u2013 wolno\u015bci, marzeniom, mi\u0142o\u015bci i samej sobie.<\/p>\n<ul>\n<li>owocowo-kwiatowy zapach chypre<\/li>\n<li>dla nowoczesnej kobiety, kt\u00f3ra bawi si\u0119 elegancj\u0105<\/li>\n<li>nadaje si\u0119 na ka\u017cd\u0105 okazj\u0119<\/li>\n<\/ul>\n<table class=\"czfmaep\">\n<tbody>\n<tr class=\"c1gw8i4a\">\n<td class=\"cjswxs5\">\n<div class=\"sc-j2vy08-0 uqhkt\">G\u0142owa<\/div>\n<\/td>\n<td class=\"c1sdj8gf\">porzeczki, bergamotka, wanilia<\/td>\n<\/tr>\n<tr class=\"c1gw8i4a\">\n<td class=\"cjswxs5\">\n<div class=\"sc-j2vy08-0 uqhkt\">Serce<\/div>\n<\/td>\n<td class=\"c1sdj8gf\">frezja, r\u00f3\u017ca, paczuli<\/td>\n<\/tr>\n<tr class=\"c1gw8i4a\">\n<td class=\"cjswxs5\">\n<div class=\"sc-j2vy08-0 uqhkt\">Podstawa<\/div>\n<\/td>\n<td class=\"c1sdj8gf\">pi\u017cmo, orcanox<\/td>\n<\/tr>\n<tr class=\"c1gw8i4a\">\n<td class=\"cjswxs5\">Grupy zapach\u00f3w<\/td>\n<td class=\"c1sdj8gf\">owocowe, kwiatowe, szyprowe<\/td>\n<\/tr>\n<\/tbody>\n<\/table>\n<p>Zawarto\u015b\u0107 zestawu:<\/p>\n<ul>\n<li>woda perfumowana 10 ml<\/li>\n<li>perfumowane mleczko do cia\u0142a 50 ml<\/li>\n<li>Armani S\u00ec woda perfumowana flakon nape\u0142nialny 50 ml<\/li>\n<\/ul>\n<p><iframe loading=\"lazy\" title=\"YouTube video player\" src=\"https:\/\/www.youtube.com\/embed\/b_RM9pELBCo?si=cfFGvQkE90p33yfE\" width=\"100%\" height=\"500\" frameborder=\"0\" allowfullscreen=\"allowfullscreen\"><\/iframe><\/p>\n","protected":false},"excerpt":{"rendered":"<p>Doskona\u0142\u0105 definicj\u0119 istoty w\u0142oskiego gustu kryje w sobie woda perfumowana dla kobiet Armani S\u00ec. Zapach stworzono dla wszystkich stylowych i [&hellip;]<\/p>\n","protected":false},"featured_media":1062,"template":"","meta":{"site-sidebar-layout":"default","site-content-layout":"","ast-site-content-layout":"default","site-content-style":"default","site-sidebar-style":"default","ast-global-header-display":"","ast-banner-title-visibility":"","ast-main-header-display":"","ast-hfb-above-header-display":"","ast-hfb-below-header-display":"","ast-hfb-mobile-header-display":"","site-post-title":"","ast-breadcrumbs-content":"","ast-featured-img":"","footer-sml-layout":"","ast-disable-related-posts":"","theme-transparent-header-meta":"default","adv-header-id-meta":"","stick-header-meta":"","header-above-stick-meta":"","header-main-stick-meta":"","header-below-stick-meta":"","astra-migrate-meta-layouts":"set","ast-page-background-enabled":"default","ast-page-background-meta":{"desktop":{"background-color":"var(--ast-global-color-5)","background-image":"","background-repeat":"repeat","background-position":"center center","background-size":"auto","background-attachment":"scroll","background-type":"","background-media":"","overlay-type":"","overlay-color":"","overlay-opacity":"","overlay-gradient":""},"tablet":{"background-color":"","background-image":"","background-repeat":"repeat","background-position":"center center","background-size":"auto","background-attachment":"scroll","background-type":"","background-media":"","overlay-type":"","overlay-color":"","overlay-opacity":"","overlay-gradient":""},"mobile":{"background-color":"","background-image":"","background-repeat":"repeat","background-position":"center center","background-size":"auto","background-attachment":"scroll","background-type":"","background-media":"","overlay-type":"","overlay-color":"","overlay-opacity":"","overlay-gradient":""}},"ast-content-background-meta":{"desktop":{"background-color":"var(--ast-global-color-4)","background-image":"","background-repeat":"repeat","background-position":"center center","background-size":"auto","background-attachment":"scroll","background-type":"","background-media":"","overlay-type":"","overlay-color":"","overlay-opacity":"","overlay-gradient":""},"tablet":{"background-color":"var(--ast-global-color-4)","background-image":"","background-repeat":"repeat","background-position":"center center","background-size":"auto","background-attachment":"scroll","background-type":"","background-media":"","overlay-type":"","overlay-color":"","overlay-opacity":"","overlay-gradient":""},"mobile":{"background-color":"var(--ast-global-color-4)","background-image":"","background-repeat":"repeat","background-position":"center center","background-size":"auto","background-attachment":"scroll","background-type":"","background-media":"","overlay-type":"","overlay-color":"","overlay-opacity":"","overlay-gradient":""}}},"product_brand":[119],"product_cat":[109,25],"product_tag":[],"class_list":{"0":"post-1059","1":"product","2":"type-product","3":"status-publish","4":"has-post-thumbnail","6":"product_brand-armani","7":"product_cat-dla-niej","8":"product_cat-perfumy","9":"desktop-align-left","10":"tablet-align-left","11":"mobile-align-left","13":"first","14":"instock","15":"taxable","16":"shipping-taxable","17":"purchasable","18":"product-type-simple"},"_links":{"self":[{"href":"https:\/\/www.maziaki.dxc.pl\/index.php?rest_route=\/wp\/v2\/product\/1059","targetHints":{"allow":["GET"]}}],"collection":[{"href":"https:\/\/www.maziaki.dxc.pl\/index.php?rest_route=\/wp\/v2\/product"}],"about":[{"href":"https:\/\/www.maziaki.dxc.pl\/index.php?rest_route=\/wp\/v2\/types\/product"}],"wp:featuredmedia":[{"embeddable":true,"href":"https:\/\/www.maziaki.dxc.pl\/index.php?rest_route=\/wp\/v2\/media\/1062"}],"wp:attachment":[{"href":"https:\/\/www.maziaki.dxc.pl\/index.php?rest_route=%2Fwp%2Fv2%2Fmedia&parent=1059"}],"wp:term":[{"taxonomy":"product_brand","embeddable":true,"href":"https:\/\/www.maziaki.dxc.pl\/index.php?rest_route=%2Fwp%2Fv2%2Fproduct_brand&post=1059"},{"taxonomy":"product_cat","embeddable":true,"href":"https:\/\/www.maziaki.dxc.pl\/index.php?rest_route=%2Fwp%2Fv2%2Fproduct_cat&post=1059"},{"taxonomy":"product_tag","embeddable":true,"href":"https:\/\/www.maziaki.dxc.pl\/index.php?rest_route=%2Fwp%2Fv2%2Fproduct_tag&post=1059"}],"curies":[{"name":"wp","href":"https:\/\/api.w.org\/{rel}","templated":true}]}}