{"id":1058,"date":"2025-09-15T09:57:47","date_gmt":"2025-09-15T08:57:47","guid":{"rendered":"https:\/\/www.maziaki.dxc.pl\/?post_type=product&#038;p=1058"},"modified":"2025-11-26T19:10:21","modified_gmt":"2025-11-26T18:10:21","slug":"giorgio-armani-si-parfum-10ml","status":"publish","type":"product","link":"https:\/\/www.maziaki.dxc.pl\/?product=giorgio-armani-si-parfum-10ml","title":{"rendered":"Giorgio Armani Si Parfum 10ml"},"content":{"rendered":"<p dir=\"ltr\"><strong>Najbardziej intensywna i zmys\u0142owa interpretacja elegancji S\u00ec<\/strong><\/p>\n<p dir=\"ltr\">Pewno\u015b\u0107 siebie i nieodparta kobieco\u015b\u0107 kryj\u0105 si\u0119 w perfumach dla kobiet Armani S\u00ec Parfum. Ta wersja kultowego zapachu S\u00ec \u0142\u0105czy w sobie zmys\u0142owe nuty sk\u00f3rzane i gourmand, stanowi\u0105c odwa\u017cny wyraz elegancji, kt\u00f3ry otoczy Ci\u0119 zmys\u0142ow\u0105 intensywno\u015bci\u0105 i podkre\u015bli Twoj\u0105 naturaln\u0105 si\u0142\u0119.<\/p>\n<ul>\n<li value=\"1\">gourmand i sk\u00f3rzana szyprowa kompozycja dla kobiet<\/li>\n<li value=\"2\">jest esencj\u0105 wsp\u00f3\u0142czesnej kobieco\u015bci<\/li>\n<li value=\"3\">w wyrafinowanej butelce<\/li>\n<\/ul>\n<table class=\"czfmaep\">\n<tbody>\n<tr class=\"c1gw8i4a\">\n<td class=\"cjswxs5\">\n<div class=\"sc-j2vy08-0 uqhkt\">G\u0142owa<\/div>\n<\/td>\n<td class=\"c1sdj8gf\">szafran, czarna porzeczka<\/td>\n<\/tr>\n<tr class=\"c1gw8i4a\">\n<td class=\"cjswxs5\">\n<div class=\"sc-j2vy08-0 uqhkt\">Serce<\/div>\n<\/td>\n<td class=\"c1sdj8gf\">r\u00f3\u017ca damasce\u0144ska<\/td>\n<\/tr>\n<tr class=\"c1gw8i4a\">\n<td class=\"cjswxs5\">\n<div class=\"sc-j2vy08-0 uqhkt\">Podstawa<\/div>\n<\/td>\n<td class=\"c1sdj8gf\">wanilia, sk\u00f3ra<\/td>\n<\/tr>\n<tr class=\"c1gw8i4a\">\n<td class=\"cjswxs5\">Grupy zapach\u00f3w<\/td>\n<td class=\"c1sdj8gf\">owocowe, kwiatowe<\/td>\n<\/tr>\n<\/tbody>\n<\/table>\n<p><iframe loading=\"lazy\" title=\"YouTube video player\" src=\"https:\/\/www.youtube.com\/embed\/4Ib9AIzEKqI?si=De9xka6Q_PJ7fT7N\" width=\"100%\" height=\"500\" frameborder=\"0\" allowfullscreen=\"allowfullscreen\"><\/iframe><\/p>\n","protected":false},"excerpt":{"rendered":"<p>Najbardziej intensywna i zmys\u0142owa interpretacja elegancji S\u00ec Pewno\u015b\u0107 siebie i nieodparta kobieco\u015b\u0107 kryj\u0105 si\u0119 w perfumach dla kobiet Armani S\u00ec [&hellip;]<\/p>\n","protected":false},"featured_media":1067,"template":"","meta":{"site-sidebar-layout":"default","site-content-layout":"","ast-site-content-layout":"default","site-content-style":"default","site-sidebar-style":"default","ast-global-header-display":"","ast-banner-title-visibility":"","ast-main-header-display":"","ast-hfb-above-header-display":"","ast-hfb-below-header-display":"","ast-hfb-mobile-header-display":"","site-post-title":"","ast-breadcrumbs-content":"","ast-featured-img":"","footer-sml-layout":"","ast-disable-related-posts":"","theme-transparent-header-meta":"default","adv-header-id-meta":"","stick-header-meta":"","header-above-stick-meta":"","header-main-stick-meta":"","header-below-stick-meta":"","astra-migrate-meta-layouts":"set","ast-page-background-enabled":"default","ast-page-background-meta":{"desktop":{"background-color":"var(--ast-global-color-5)","background-image":"","background-repeat":"repeat","background-position":"center center","background-size":"auto","background-attachment":"scroll","background-type":"","background-media":"","overlay-type":"","overlay-color":"","overlay-opacity":"","overlay-gradient":""},"tablet":{"background-color":"","background-image":"","background-repeat":"repeat","background-position":"center center","background-size":"auto","background-attachment":"scroll","background-type":"","background-media":"","overlay-type":"","overlay-color":"","overlay-opacity":"","overlay-gradient":""},"mobile":{"background-color":"","background-image":"","background-repeat":"repeat","background-position":"center center","background-size":"auto","background-attachment":"scroll","background-type":"","background-media":"","overlay-type":"","overlay-color":"","overlay-opacity":"","overlay-gradient":""}},"ast-content-background-meta":{"desktop":{"background-color":"var(--ast-global-color-4)","background-image":"","background-repeat":"repeat","background-position":"center center","background-size":"auto","background-attachment":"scroll","background-type":"","background-media":"","overlay-type":"","overlay-color":"","overlay-opacity":"","overlay-gradient":""},"tablet":{"background-color":"var(--ast-global-color-4)","background-image":"","background-repeat":"repeat","background-position":"center center","background-size":"auto","background-attachment":"scroll","background-type":"","background-media":"","overlay-type":"","overlay-color":"","overlay-opacity":"","overlay-gradient":""},"mobile":{"background-color":"var(--ast-global-color-4)","background-image":"","background-repeat":"repeat","background-position":"center center","background-size":"auto","background-attachment":"scroll","background-type":"","background-media":"","overlay-type":"","overlay-color":"","overlay-opacity":"","overlay-gradient":""}}},"product_brand":[119],"product_cat":[109,25],"product_tag":[],"class_list":{"0":"post-1058","1":"product","2":"type-product","3":"status-publish","4":"has-post-thumbnail","6":"product_brand-armani","7":"product_cat-dla-niej","8":"product_cat-perfumy","9":"desktop-align-left","10":"tablet-align-left","11":"mobile-align-left","13":"first","14":"instock","15":"taxable","16":"shipping-taxable","17":"purchasable","18":"product-type-simple"},"_links":{"self":[{"href":"https:\/\/www.maziaki.dxc.pl\/index.php?rest_route=\/wp\/v2\/product\/1058","targetHints":{"allow":["GET"]}}],"collection":[{"href":"https:\/\/www.maziaki.dxc.pl\/index.php?rest_route=\/wp\/v2\/product"}],"about":[{"href":"https:\/\/www.maziaki.dxc.pl\/index.php?rest_route=\/wp\/v2\/types\/product"}],"wp:featuredmedia":[{"embeddable":true,"href":"https:\/\/www.maziaki.dxc.pl\/index.php?rest_route=\/wp\/v2\/media\/1067"}],"wp:attachment":[{"href":"https:\/\/www.maziaki.dxc.pl\/index.php?rest_route=%2Fwp%2Fv2%2Fmedia&parent=1058"}],"wp:term":[{"taxonomy":"product_brand","embeddable":true,"href":"https:\/\/www.maziaki.dxc.pl\/index.php?rest_route=%2Fwp%2Fv2%2Fproduct_brand&post=1058"},{"taxonomy":"product_cat","embeddable":true,"href":"https:\/\/www.maziaki.dxc.pl\/index.php?rest_route=%2Fwp%2Fv2%2Fproduct_cat&post=1058"},{"taxonomy":"product_tag","embeddable":true,"href":"https:\/\/www.maziaki.dxc.pl\/index.php?rest_route=%2Fwp%2Fv2%2Fproduct_tag&post=1058"}],"curies":[{"name":"wp","href":"https:\/\/api.w.org\/{rel}","templated":true}]}}