{"id":1015,"date":"2025-07-31T10:24:33","date_gmt":"2025-07-31T09:24:33","guid":{"rendered":"https:\/\/www.maziaki.dxc.pl\/?post_type=product&#038;p=1015"},"modified":"2025-11-26T19:30:35","modified_gmt":"2025-11-26T18:30:35","slug":"prada-paradoxe-radical-essence","status":"publish","type":"product","link":"https:\/\/www.maziaki.dxc.pl\/?product=prada-paradoxe-radical-essence","title":{"rendered":"Prada Paradoxe Radical Essence"},"content":{"rendered":"<p>G\u0142\u0119boka, odwa\u017cna i uzale\u017cniaj\u0105ca \u2013 esencja kobieco\u015bci zamkni\u0119ta w r\u00f3\u017cowym dekancie<\/p>\n<p>&#8211; Uzale\u017cniaj\u0105ca kobiece perfumy z akordem s\u0142onej pistacji<br \/>\n&#8211; Kwiatowe nuty neroli i pomara\u0144czy zapewniaj\u0105 \u015bwie\u017co\u015b\u0107 i lekko\u015b\u0107<br \/>\n&#8211; Kremowa baza z drzewa sanda\u0142owego podkre\u015bla zmys\u0142owy charakter<\/p>\n<p>Prada Paradoxe Essence to nowoczesna reinterpretacja klasycznych akord\u00f3w gourmand. \u015awietliste nuty kwiatu pomara\u0144czy i neroli kontrastuj\u0105 z aksamitnym akordem s\u0142onej pra\u017conej pistacji i g\u0142\u0119bi\u0105 sanda\u0142owca. Woda perfumowana Paradoxe Essence to zapachowy manifest kobiecej si\u0142y.<\/p>\n<div><span class=\"ef5cfb0d6e82b3b9ea2c\">Nuta g\u0142owy: <\/span>Olejek neroli, Kwiat pomara\u0144czy<\/div>\n<div><span class=\"ef5cfb0d6e82b3b9ea2c\">Nuta serca: <\/span>Pistacja<\/div>\n<div><span class=\"ef5cfb0d6e82b3b9ea2c\">Nuta bazy: <\/span>Drzewo sanda\u0142owe<\/div>\n<p><iframe loading=\"lazy\" title=\"YouTube video player\" src=\"https:\/\/www.youtube.com\/embed\/vUdx4zFlqwM?si=xwMP7ldlL5dwmDqD\" width=\"100%\" height=\"500\" frameborder=\"0\" allowfullscreen=\"allowfullscreen\"><\/iframe><\/p>\n","protected":false},"excerpt":{"rendered":"<p>Odlewka perfum oferowana jest w szklanej butelce z atomizerem.<\/p>\n","protected":false},"featured_media":1021,"template":"","meta":{"site-sidebar-layout":"default","site-content-layout":"","ast-site-content-layout":"default","site-content-style":"default","site-sidebar-style":"default","ast-global-header-display":"","ast-banner-title-visibility":"","ast-main-header-display":"","ast-hfb-above-header-display":"","ast-hfb-below-header-display":"","ast-hfb-mobile-header-display":"","site-post-title":"","ast-breadcrumbs-content":"","ast-featured-img":"","footer-sml-layout":"","ast-disable-related-posts":"","theme-transparent-header-meta":"default","adv-header-id-meta":"","stick-header-meta":"","header-above-stick-meta":"","header-main-stick-meta":"","header-below-stick-meta":"","astra-migrate-meta-layouts":"set","ast-page-background-enabled":"default","ast-page-background-meta":{"desktop":{"background-color":"var(--ast-global-color-5)","background-image":"","background-repeat":"repeat","background-position":"center center","background-size":"auto","background-attachment":"scroll","background-type":"","background-media":"","overlay-type":"","overlay-color":"","overlay-opacity":"","overlay-gradient":""},"tablet":{"background-color":"","background-image":"","background-repeat":"repeat","background-position":"center center","background-size":"auto","background-attachment":"scroll","background-type":"","background-media":"","overlay-type":"","overlay-color":"","overlay-opacity":"","overlay-gradient":""},"mobile":{"background-color":"","background-image":"","background-repeat":"repeat","background-position":"center center","background-size":"auto","background-attachment":"scroll","background-type":"","background-media":"","overlay-type":"","overlay-color":"","overlay-opacity":"","overlay-gradient":""}},"ast-content-background-meta":{"desktop":{"background-color":"var(--ast-global-color-4)","background-image":"","background-repeat":"repeat","background-position":"center center","background-size":"auto","background-attachment":"scroll","background-type":"","background-media":"","overlay-type":"","overlay-color":"","overlay-opacity":"","overlay-gradient":""},"tablet":{"background-color":"var(--ast-global-color-4)","background-image":"","background-repeat":"repeat","background-position":"center center","background-size":"auto","background-attachment":"scroll","background-type":"","background-media":"","overlay-type":"","overlay-color":"","overlay-opacity":"","overlay-gradient":""},"mobile":{"background-color":"var(--ast-global-color-4)","background-image":"","background-repeat":"repeat","background-position":"center center","background-size":"auto","background-attachment":"scroll","background-type":"","background-media":"","overlay-type":"","overlay-color":"","overlay-opacity":"","overlay-gradient":""}}},"product_brand":[121],"product_cat":[109,25],"product_tag":[],"class_list":{"0":"post-1015","1":"product","2":"type-product","3":"status-publish","4":"has-post-thumbnail","6":"product_brand-prada","7":"product_cat-dla-niej","8":"product_cat-perfumy","9":"desktop-align-left","10":"tablet-align-left","11":"mobile-align-left","13":"first","14":"instock","15":"taxable","16":"shipping-taxable","17":"purchasable","18":"product-type-variable"},"_links":{"self":[{"href":"https:\/\/www.maziaki.dxc.pl\/index.php?rest_route=\/wp\/v2\/product\/1015","targetHints":{"allow":["GET"]}}],"collection":[{"href":"https:\/\/www.maziaki.dxc.pl\/index.php?rest_route=\/wp\/v2\/product"}],"about":[{"href":"https:\/\/www.maziaki.dxc.pl\/index.php?rest_route=\/wp\/v2\/types\/product"}],"wp:featuredmedia":[{"embeddable":true,"href":"https:\/\/www.maziaki.dxc.pl\/index.php?rest_route=\/wp\/v2\/media\/1021"}],"wp:attachment":[{"href":"https:\/\/www.maziaki.dxc.pl\/index.php?rest_route=%2Fwp%2Fv2%2Fmedia&parent=1015"}],"wp:term":[{"taxonomy":"product_brand","embeddable":true,"href":"https:\/\/www.maziaki.dxc.pl\/index.php?rest_route=%2Fwp%2Fv2%2Fproduct_brand&post=1015"},{"taxonomy":"product_cat","embeddable":true,"href":"https:\/\/www.maziaki.dxc.pl\/index.php?rest_route=%2Fwp%2Fv2%2Fproduct_cat&post=1015"},{"taxonomy":"product_tag","embeddable":true,"href":"https:\/\/www.maziaki.dxc.pl\/index.php?rest_route=%2Fwp%2Fv2%2Fproduct_tag&post=1015"}],"curies":[{"name":"wp","href":"https:\/\/api.w.org\/{rel}","templated":true}]}}